{"id":47648,"date":"2022-01-24T20:53:35","date_gmt":"2022-01-24T19:53:35","guid":{"rendered":"https:\/\/lamaktaba.fr\/index.php\/produit\/riyad-as-salihin-avec-le-tahqiq-de-shuayb-al-arnaut\/"},"modified":"2025-04-01T12:45:03","modified_gmt":"2025-04-01T10:45:03","slug":"riyad-as-salihin-avec-le-tahqiq-de-shuayb-al-arnaut","status":"publish","type":"product","link":"https:\/\/lamaktaba.fr\/index.php\/produit\/riyad-as-salihin-avec-le-tahqiq-de-shuayb-al-arnaut","title":{"rendered":"Riy\u00e2d As-S\u00e2lih\u00een &#8211; Avec le tahq\u00eeq de Shu&rsquo;ayb Al-Arn\u00e2&rsquo;ut"},"content":{"rendered":"<p>Parmi les ouvrages de l&rsquo;im\u00e2m An-Nawawiyy, le \u00ab\u00a0Riyad As-Salihin\u00a0\u00bb occupe une place de choix. Il faut dire que d\u00e8s sa publication, celui-ci a \u00e9t\u00e9 couronn\u00e9 par l&rsquo;ensemble des ul\u00e9mas, et qu&rsquo;il re\u00e7oit, jusqu&rsquo;\u00e0 aujourd&rsquo;hui, la satisfaction du commun des musulmans.;Le \u00ab\u00a0riyad as-salihin\u00a0\u00bb, comme l&rsquo;indique son intitul\u00e9, s&rsquo;articule autour d&rsquo;une mati\u00e8re unique, qui est au centre d&rsquo;un plan g\u00e9n\u00e9ral, et qui peut se r\u00e9sumer dans l&rsquo;id\u00e9e de la vertu. \u00ab\u00a0Que doit-on faire pour \u00eatre vertueux?\u00a0\u00bb Voici la question la plus urgente que doit se poser tout fid\u00e8le sinc\u00e8re. Aussi notre foi serait-elle manifestement incompl\u00e8te si, apr\u00e8s avoir decouvert dans le Coran et la Sunna la base th\u00e9orique et les principes g\u00e9n\u00e9raux de la vertu, nous ne la mettios pas en application. Telle est pr\u00e9\u00e7is\u00e9ment la trame g\u00e9n\u00e9rale de ce livre, qui, pour cette raison, est un v\u00e9ritable manuel de morale pratique. Nous y verrons comment, dans tous les domaines de la vie, aussi bien dans notre comportement personnel que dans nos rapports avec les autres ou avec Dieu, notre activit\u00e9 y trouve son chemin tra\u00e7\u00e9.;L&rsquo;imam naquit \u00e0 Naw\u00e2 en l&rsquo;an 631 de l&rsquo;H\u00e9gire. Son p\u00e8re, Sharaf, fort pieux \u00e0 ce qu&rsquo;on raconte, dirigea son \u00e9ducation et son orientation. A l&rsquo;\u00e2ge de 19 ans, apr\u00e8s avoir fait le tour des cheikhs de Naw\u00e2 et de l&rsquo;enseignement qu&rsquo;ils donnaient, il partit en compagnie de son p\u00e8re \u00e0 Damas, capitale administrative et politique de la r\u00e9gion, mais aussi et surtout capitale des sciences et des arts, pour y \u00e9tendre la sph\u00e8re de ses connaissances. En 665, il succ\u00e9da au titre de recteur de l&rsquo;\u00e9cole D\u00e2r Al-Had\u00eeth Al-Ashrafiyya apr\u00e8s l&rsquo;imam Abu Sh\u00e2ma, et assuma cette fonction jusqu&rsquo;\u00e0 sa mort. Il suppl\u00e9a aussi occasionnellement le cadi Shams Ad-D\u00een Ibn Khallik\u00e2n, l&rsquo;auteur du \u00ab Wafay\u00e2tAl-A&rsquo;y\u00e2n \u00bb, pour le remplacer \u00e0 la t\u00eate de l&rsquo;\u00e9cole dite Al-Madrasa Ar-Rukniyya. L&rsquo;imam An-Nawaw\u00ee \u00e9crivit un grand ombre d&rsquo;ouvrages. La plupart de ses travaux sont relatifs au had\u00eeth, mf\u00eeqh et \u00e0 la lexicologie arabe. Il rendit le dernier soupir au cours du dernier tiers de la nuit du mardi 24 Rajab de l&rsquo;an 676 &#8211; Dieu l&rsquo;ait en Sa mis\u00e9ricorde.<\/p>\n","protected":false},"excerpt":{"rendered":"<p>Parmi les ouvrages de l&rsquo;im\u00e2m An-Nawawiyy, le \u00ab\u00a0Riyad As-Salihin\u00a0\u00bb occupe une place de choix. Il faut dire que d\u00e8s sa publication, celui-ci a \u00e9t\u00e9 couronn\u00e9 par l&rsquo;ensemble des ul\u00e9mas, et qu&rsquo;il re\u00e7oit, jusqu&rsquo;\u00e0 aujourd&rsquo;hui, la satisfaction du commun des musulmans.;Le \u00ab\u00a0riyad as-salihin\u00a0\u00bb, comme l&rsquo;indique son intitul\u00e9, s&rsquo;articule autour d&rsquo;une mati\u00e8re unique, qui est au centre [&hellip;]<\/p>\n","protected":false},"featured_media":47649,"comment_status":"open","ping_status":"closed","template":"","meta":[],"product_brand":[],"product_cat":[1902],"product_tag":[],"class_list":{"0":"post-47648","1":"product","2":"type-product","3":"status-publish","4":"has-post-thumbnail","6":"product_cat-hadiths","7":"pa_annee-667","8":"pa_auteur-an-nawawi","9":"pa_editeur-ennour","10":"pa_langue-francais-arabe-4","11":"pa_nombre-de-pages-1027","13":"first","14":"outofstock","15":"shipping-taxable","16":"purchasable","17":"product-type-simple"},"_links":{"self":[{"href":"https:\/\/lamaktaba.fr\/index.php\/wp-json\/wp\/v2\/product\/47648","targetHints":{"allow":["GET"]}}],"collection":[{"href":"https:\/\/lamaktaba.fr\/index.php\/wp-json\/wp\/v2\/product"}],"about":[{"href":"https:\/\/lamaktaba.fr\/index.php\/wp-json\/wp\/v2\/types\/product"}],"replies":[{"embeddable":true,"href":"https:\/\/lamaktaba.fr\/index.php\/wp-json\/wp\/v2\/comments?post=47648"}],"wp:featuredmedia":[{"embeddable":true,"href":"https:\/\/lamaktaba.fr\/index.php\/wp-json\/wp\/v2\/media\/47649"}],"wp:attachment":[{"href":"https:\/\/lamaktaba.fr\/index.php\/wp-json\/wp\/v2\/media?parent=47648"}],"wp:term":[{"taxonomy":"product_brand","embeddable":true,"href":"https:\/\/lamaktaba.fr\/index.php\/wp-json\/wp\/v2\/product_brand?post=47648"},{"taxonomy":"product_cat","embeddable":true,"href":"https:\/\/lamaktaba.fr\/index.php\/wp-json\/wp\/v2\/product_cat?post=47648"},{"taxonomy":"product_tag","embeddable":true,"href":"https:\/\/lamaktaba.fr\/index.php\/wp-json\/wp\/v2\/product_tag?post=47648"}],"curies":[{"name":"wp","href":"https:\/\/api.w.org\/{rel}","templated":true}]}}