{"id":47646,"date":"2022-01-24T20:53:31","date_gmt":"2022-01-24T19:53:31","guid":{"rendered":"https:\/\/lamaktaba.fr\/index.php\/produit\/lunicite-de-dieu\/"},"modified":"2025-04-01T12:46:13","modified_gmt":"2025-04-01T10:46:13","slug":"lunicite-de-dieu","status":"publish","type":"product","link":"https:\/\/lamaktaba.fr\/index.php\/produit\/lunicite-de-dieu","title":{"rendered":"L&rsquo;Unicit\u00e9 de Dieu"},"content":{"rendered":"<p>Titre: L&rsquo;Unicit\u00e9 de Dieu;Auteur: Mohammad Ibn \u2018Abd-al-Wahhab;Edition: ALQALAM;Support: Livre;Theme: Piliers de L&rsquo;ISLAM;Ce livre divis\u00e9 en courts chapitres pr\u00e9sente les diff\u00e9rentes facettes du polyth\u00e9isme et du monoth\u00e9isme. Mettant l\u2019accent sur la force et la coh\u00e9rence de l\u2019unicit\u00e9 de Dieu, il met \u00e0 jour un aspect fondamental de la religion musulmane.<\/p>\n","protected":false},"excerpt":{"rendered":"<p>Titre: L&rsquo;Unicit\u00e9 de Dieu;Auteur: Mohammad Ibn \u2018Abd-al-Wahhab;Edition: ALQALAM;Support: Livre;Theme: Piliers de L&rsquo;ISLAM;Ce livre divis\u00e9 en courts chapitres pr\u00e9sente les diff\u00e9rentes facettes du polyth\u00e9isme et du monoth\u00e9isme. Mettant l\u2019accent sur la force et la coh\u00e9rence de l\u2019unicit\u00e9 de Dieu, il met \u00e0 jour un aspect fondamental de la religion musulmane.<\/p>\n","protected":false},"featured_media":47647,"comment_status":"open","ping_status":"closed","template":"","meta":[],"product_brand":[],"product_cat":[1931],"product_tag":[],"class_list":{"0":"post-47646","1":"product","2":"type-product","3":"status-publish","4":"has-post-thumbnail","6":"product_cat-tawhid-unicite","7":"pa_auteur-mohamed-ibn-abdelwahab","9":"first","10":"instock","11":"shipping-taxable","12":"purchasable","13":"product-type-simple"},"_links":{"self":[{"href":"https:\/\/lamaktaba.fr\/index.php\/wp-json\/wp\/v2\/product\/47646","targetHints":{"allow":["GET"]}}],"collection":[{"href":"https:\/\/lamaktaba.fr\/index.php\/wp-json\/wp\/v2\/product"}],"about":[{"href":"https:\/\/lamaktaba.fr\/index.php\/wp-json\/wp\/v2\/types\/product"}],"replies":[{"embeddable":true,"href":"https:\/\/lamaktaba.fr\/index.php\/wp-json\/wp\/v2\/comments?post=47646"}],"wp:featuredmedia":[{"embeddable":true,"href":"https:\/\/lamaktaba.fr\/index.php\/wp-json\/wp\/v2\/media\/47647"}],"wp:attachment":[{"href":"https:\/\/lamaktaba.fr\/index.php\/wp-json\/wp\/v2\/media?parent=47646"}],"wp:term":[{"taxonomy":"product_brand","embeddable":true,"href":"https:\/\/lamaktaba.fr\/index.php\/wp-json\/wp\/v2\/product_brand?post=47646"},{"taxonomy":"product_cat","embeddable":true,"href":"https:\/\/lamaktaba.fr\/index.php\/wp-json\/wp\/v2\/product_cat?post=47646"},{"taxonomy":"product_tag","embeddable":true,"href":"https:\/\/lamaktaba.fr\/index.php\/wp-json\/wp\/v2\/product_tag?post=47646"}],"curies":[{"name":"wp","href":"https:\/\/api.w.org\/{rel}","templated":true}]}}