{"id":47639,"date":"2022-01-24T20:53:07","date_gmt":"2022-01-24T19:53:07","guid":{"rendered":"https:\/\/lamaktaba.fr\/index.php\/produit\/huiles-et-plantes-medicinales\/"},"modified":"2025-04-01T12:47:47","modified_gmt":"2025-04-01T10:47:47","slug":"huiles-et-plantes-medicinales","status":"publish","type":"product","link":"https:\/\/lamaktaba.fr\/index.php\/produit\/huiles-et-plantes-medicinales","title":{"rendered":"Huiles et Plantes m\u00e9dicinales"},"content":{"rendered":"<p>Titre: Huiles et Plantes m\u00e9dicinales;Auteur: M. Moussaoui;Edition: SABIL;Support: Livre;Theme: phytotherapie;Depuis les temps imm\u00e9moriaux, l\u2019\u00eatre humain n\u2019a cess\u00e9 de puiser dans la nature pour soigner son corps, le monde arabo-musulman, en particulier, continue de porter un grand int\u00e9r\u00eat aux vertus des produits naturels: Plantes, huiles, min\u00e9raux, eaux, animaux, etc. On fait appel \u00e0 tous ces produits de la nature pour l\u2019hygi\u00e8ne, le bien-\u00eatre et la sant\u00e9 du corps.;Au Moyen-Orient comme au Maghreb, il existe un nombre consid\u00e9rable de produits dont certains sont connus du grand public et d\u2019autres encore m\u00e9connus. C\u2019est \u00e0 cet effet que nous consacrons le pr\u00e9sent ouvrage. Il permet, de par son illustration, d\u2019identifier le produit, de connaitre son origine, ses propri\u00e9t\u00e9s ainsi que ses indications, ceci afin de mieux les appr\u00e9cier et de les utiliser \u00e0 bon escient en compl\u00e9ment d\u2019une bonne hygi\u00e8ne alimentaire pour un bon \u00e9quilibre du corps<\/p>\n","protected":false},"excerpt":{"rendered":"<p>Titre: Huiles et Plantes m\u00e9dicinales;Auteur: M. Moussaoui;Edition: SABIL;Support: Livre;Theme: phytotherapie;Depuis les temps imm\u00e9moriaux, l\u2019\u00eatre humain n\u2019a cess\u00e9 de puiser dans la nature pour soigner son corps, le monde arabo-musulman, en particulier, continue de porter un grand int\u00e9r\u00eat aux vertus des produits naturels: Plantes, huiles, min\u00e9raux, eaux, animaux, etc. On fait appel \u00e0 tous ces produits [&hellip;]<\/p>\n","protected":false},"featured_media":47640,"comment_status":"open","ping_status":"closed","template":"","meta":[],"product_brand":[],"product_cat":[131,130],"product_tag":[],"class_list":{"0":"post-47639","1":"product","2":"type-product","3":"status-publish","4":"has-post-thumbnail","6":"product_cat-beaute-soins-naturels-cosmetique","7":"product_cat-cosmetique","8":"pa_annee-451","9":"pa_editeur-sana-3","10":"pa_reliure-rigide","12":"first","13":"outofstock","14":"shipping-taxable","15":"purchasable","16":"product-type-simple"},"_links":{"self":[{"href":"https:\/\/lamaktaba.fr\/index.php\/wp-json\/wp\/v2\/product\/47639","targetHints":{"allow":["GET"]}}],"collection":[{"href":"https:\/\/lamaktaba.fr\/index.php\/wp-json\/wp\/v2\/product"}],"about":[{"href":"https:\/\/lamaktaba.fr\/index.php\/wp-json\/wp\/v2\/types\/product"}],"replies":[{"embeddable":true,"href":"https:\/\/lamaktaba.fr\/index.php\/wp-json\/wp\/v2\/comments?post=47639"}],"wp:featuredmedia":[{"embeddable":true,"href":"https:\/\/lamaktaba.fr\/index.php\/wp-json\/wp\/v2\/media\/47640"}],"wp:attachment":[{"href":"https:\/\/lamaktaba.fr\/index.php\/wp-json\/wp\/v2\/media?parent=47639"}],"wp:term":[{"taxonomy":"product_brand","embeddable":true,"href":"https:\/\/lamaktaba.fr\/index.php\/wp-json\/wp\/v2\/product_brand?post=47639"},{"taxonomy":"product_cat","embeddable":true,"href":"https:\/\/lamaktaba.fr\/index.php\/wp-json\/wp\/v2\/product_cat?post=47639"},{"taxonomy":"product_tag","embeddable":true,"href":"https:\/\/lamaktaba.fr\/index.php\/wp-json\/wp\/v2\/product_tag?post=47639"}],"curies":[{"name":"wp","href":"https:\/\/api.w.org\/{rel}","templated":true}]}}