{"id":47625,"date":"2022-01-24T20:52:22","date_gmt":"2022-01-24T19:52:22","guid":{"rendered":"https:\/\/lamaktaba.fr\/index.php\/produit\/fatwa-sur-le-terrorisme-et-les-attentats-suicides-de-dr-mohammed-tahir-ul-qadri\/"},"modified":"2025-04-01T12:46:46","modified_gmt":"2025-04-01T10:46:46","slug":"fatwa-sur-le-terrorisme-et-les-attentats-suicides-de-dr-mohammed-tahir-ul-qadri","status":"publish","type":"product","link":"https:\/\/lamaktaba.fr\/index.php\/produit\/fatwa-sur-le-terrorisme-et-les-attentats-suicides-de-dr-mohammed-tahir-ul-qadri","title":{"rendered":"Fatwa sur le terrorisme et les attentats-suicides, de Dr Mohammed Tahir-ul-Qadri"},"content":{"rendered":"<p>Fatwa sur le terrorisme et les attentats suicides, de Dr Mohammed Tahir-ul-Qadri, Traduit par Patrick Hutchinson, Revu et corrig\u00e9 par Corentin Pabiot;L\u2019homme du peuple vous le dira avec son bon sens naturel: \u00ab Un musulman ne peut commettre de tels crimes. Terroriser les autres, les faire vivre sous la menace, c\u2019est une injustice que la religion ne peut pas tol\u00e9rer, l\u00e9gitimer. Quant \u00e0 la personne instruite, elle vous rappellera s\u00fbrement le verset du Coran: \u00ab Celui qui a tu\u00e9 un homme qui lui-m\u00eame n\u2019a pas tu\u00e9, ou qui n\u2019a pas commis de violence sur la terre, est consid\u00e9r\u00e9 comme s\u2019il avait tu\u00e9 tous les hommes \u00bb (S\/5, V\/32), et vous expliquera \u00e0 bon droit que les textes de l\u2019 Isl\u00e2m rendent sacr\u00e9s le sang et les biens de tout homme qui aspire \u00e0 la paix et renonce \u00e0 la violence. Ce sentiment inn\u00e9 et ces preuves devaient \u00eatre suffisants pour refouler et d\u00e9noncer la violence ill\u00e9gitime et la peur collective engendr\u00e9es par le terrorisme.;Seulement, aujourd\u2019hui la situation a chang\u00e9, elle s\u2019est consid\u00e9rablement aggrav\u00e9e, et le bon sens et le poids des textes ne suffisent plus \u00e0 endiguer le flot de haine qui se d\u00e9verse d\u00e9sormais sur le monde. Car les promoteurs de la violence s\u2019engagent maintenant \u00e0 soutenir leurs opinions et \u00e0 r\u00e9gler leur diff\u00e9rend id\u00e9ologique par la voie des armes. Par ailleurs, cette h\u00e9r\u00e9sie, de plus en plus envahissante, risque de mener \u00e0 un v\u00e9ritable empoisonnement de la mentalit\u00e9 publique. Il \u00e9tait donc absolument n\u00e9cessaire d\u2019y faire face autrement que si elle n\u2019\u00e9tait qu\u2019un \u00e9garement de quelques individus isol\u00e9s et sans influence.;A ce titre, le livre du Dr. Muhammad Tahir-ul-Qadri sur le terrorisme et les attentats-suicides est une \u00e9tude rigoureuse, lucide et claire de la question. Il constitue un r\u00e9quisitoire en r\u00e8gle contre le sectarisme religieux en Isl\u0101m et contre ses cons\u00e9quences funestes, notamment au niveau politique et communautaire. Le sectarisme y est expliqu\u00e9 en d\u00e9tail, analys\u00e9 dans ses origines, dans ses structures et dans ses implications, afin de mieux le comprendre, et, cas \u00e9ch\u00e9ant, mieux le combattre. Le verdict est sans appel, et c\u2019est l\u00e0 le r\u00e9sultat de cette \u00e9tude, et ce pourquoi elle est qualifi\u00e9e, \u00e0 juste titre, de \u00ab fatwa \u00bb: il est du devoir des autorit\u00e9s musulmanes l\u00e9gitimes de combattre le terrorisme par tous les moyens l\u00e9gaux dont elles disposent, y compris par l\u2019emploi des armes.;Marque -MAISON D&rsquo;ENNOUR Editions R\u00e9f\u00e9rence 9782752403681;Fiche technique AUTEUR: &#8211; Dr Mohammed Tahir-ul-Qadri LANGUE: -.Fran\u00e7ais ANNEE: &#8211; 2016 SUPPORT: &#8211; Livre THEME: &#8211; Fatwa &#8211; Terrorisme &#8211; Islam \u00c9DITIONS: &#8211; Maison d&rsquo;Ennour Condition: &#8211; Neuf Nombre de Pages: &#8211; 646 FORMAT (CM): 14 x 21 cm Poids (kg): &#8211; 0.725 kg RELIURE: &#8211; Rigide.Traduction: &#8211; Patrick Hutchinson EAN13: &#8211; 9782752403681;R\u00e9f\u00e9rences sp\u00e9cifiques Donnez votre avis;Aucun commentaire pour le moment<\/p>\n","protected":false},"excerpt":{"rendered":"<p>Fatwa sur le terrorisme et les attentats suicides, de Dr Mohammed Tahir-ul-Qadri, Traduit par Patrick Hutchinson, Revu et corrig\u00e9 par Corentin Pabiot;L\u2019homme du peuple vous le dira avec son bon sens naturel: \u00ab Un musulman ne peut commettre de tels crimes. Terroriser les autres, les faire vivre sous la menace, c\u2019est une injustice que la [&hellip;]<\/p>\n","protected":false},"featured_media":47626,"comment_status":"open","ping_status":"closed","template":"","meta":[],"product_brand":[],"product_cat":[1942,1899],"product_tag":[],"class_list":{"0":"post-47625","1":"product","2":"type-product","3":"status-publish","4":"has-post-thumbnail","6":"product_cat-islam-et-occident","7":"product_cat-jurisprudence","8":"pa_annee-419","9":"pa_auteur-dr-mohammed-tahir-ul-qadri","10":"pa_editeur-maison-dennour-2","11":"pa_format-14-x-21-cm","12":"pa_langue-francais","13":"pa_nombre-de-pages-1779","14":"pa_reliure-rigide","16":"first","17":"outofstock","18":"shipping-taxable","19":"purchasable","20":"product-type-simple"},"_links":{"self":[{"href":"https:\/\/lamaktaba.fr\/index.php\/wp-json\/wp\/v2\/product\/47625","targetHints":{"allow":["GET"]}}],"collection":[{"href":"https:\/\/lamaktaba.fr\/index.php\/wp-json\/wp\/v2\/product"}],"about":[{"href":"https:\/\/lamaktaba.fr\/index.php\/wp-json\/wp\/v2\/types\/product"}],"replies":[{"embeddable":true,"href":"https:\/\/lamaktaba.fr\/index.php\/wp-json\/wp\/v2\/comments?post=47625"}],"wp:featuredmedia":[{"embeddable":true,"href":"https:\/\/lamaktaba.fr\/index.php\/wp-json\/wp\/v2\/media\/47626"}],"wp:attachment":[{"href":"https:\/\/lamaktaba.fr\/index.php\/wp-json\/wp\/v2\/media?parent=47625"}],"wp:term":[{"taxonomy":"product_brand","embeddable":true,"href":"https:\/\/lamaktaba.fr\/index.php\/wp-json\/wp\/v2\/product_brand?post=47625"},{"taxonomy":"product_cat","embeddable":true,"href":"https:\/\/lamaktaba.fr\/index.php\/wp-json\/wp\/v2\/product_cat?post=47625"},{"taxonomy":"product_tag","embeddable":true,"href":"https:\/\/lamaktaba.fr\/index.php\/wp-json\/wp\/v2\/product_tag?post=47625"}],"curies":[{"name":"wp","href":"https:\/\/api.w.org\/{rel}","templated":true}]}}