{"id":47621,"date":"2022-01-24T20:52:14","date_gmt":"2022-01-24T19:52:14","guid":{"rendered":"https:\/\/lamaktaba.fr\/index.php\/produit\/coffret-cadeau-femme-musulmane-coffret-de-priere-coran-avec-pochettefoulardtapis-de-prierechapelet\/"},"modified":"2025-04-01T12:44:11","modified_gmt":"2025-04-01T10:44:11","slug":"coffret-cadeau-femme-musulmane-coffret-de-priere-coran-avec-pochettefoulardtapis-de-prierechapelet","status":"publish","type":"product","link":"https:\/\/lamaktaba.fr\/index.php\/produit\/coffret-cadeau-femme-musulmane-coffret-de-priere-coran-avec-pochettefoulardtapis-de-prierechapelet","title":{"rendered":"Coffret cadeau Femme Musulmane: Coffret de pri\u00e8re (Coran avec pochette+Foulard+Tapis de pri\u00e8re+Chapelet)"},"content":{"rendered":"<p>Coffret cadeau Femmes Musulmanes;Vous cherchez un cadeau porteur de sens, utile, et adapt\u00e9 \u00e0 toutes les occasions, pour faire plaisir \u00e0 votre maman, votre \u00e9pouse, votre fille,&#8230;. Ce coffret cadeau est pour vous.;Tr\u00e8s bien pr\u00e9sent\u00e9 dans un paquet enroul\u00e9e d&rsquo;un ruban, ce joli coffret pr\u00eat \u00e0 offrir contient;- Un Coran Format (12 x 16 cm), avec une tr\u00e8s belle pochette en tissu, assortie \u00e0 la couverture du livre (m\u00eame mati\u00e8re et couleur). Ce coran version Arabe, contient les sourates suivantes: Al Fatiha, Al Baqara,Al Kahf, Yassin, Al Ikhlas, Al Falaq, Al Nass. Et Asma&rsquo; Allah al-Husna.;- Un foulard carr\u00e9 uni;- Un tapis de pri\u00e8re grande taille (70 x 115 cm), avec motif Arabesque et frange.;- Un Chapelet Tasbih, compos\u00e9 de petites perles rondes, \u00e0 utiliser pour l\u2019invocation des 99 noms d\u2019Allah ainsi que la glorification de Dieu apr\u00e8s les pri\u00e8res.;Coffret disponible en plusieurs coloris. Le tout assorti !<\/p>\n","protected":false},"excerpt":{"rendered":"<p>Coffret cadeau Femmes Musulmanes;Vous cherchez un cadeau porteur de sens, utile, et adapt\u00e9 \u00e0 toutes les occasions, pour faire plaisir \u00e0 votre maman, votre \u00e9pouse, votre fille,&#8230;. Ce coffret cadeau est pour vous.;Tr\u00e8s bien pr\u00e9sent\u00e9 dans un paquet enroul\u00e9e d&rsquo;un ruban, ce joli coffret pr\u00eat \u00e0 offrir contient;- Un Coran Format (12 x 16 cm), [&hellip;]<\/p>\n","protected":false},"featured_media":47622,"comment_status":"open","ping_status":"closed","template":"","meta":[],"product_brand":[],"product_cat":[1518,1522],"product_tag":[],"class_list":{"0":"post-47621","1":"product","2":"type-product","3":"status-publish","4":"has-post-thumbnail","6":"product_cat-coffrets-cadeaux","7":"product_cat-coffrets-cadeaux-femmes","8":"pa_format-tapis-de-priere-70-x-115-cm-coran-avec-sa-pochette-12-x-16-cm","10":"first","11":"outofstock","12":"shipping-taxable","13":"purchasable","14":"product-type-simple"},"_links":{"self":[{"href":"https:\/\/lamaktaba.fr\/index.php\/wp-json\/wp\/v2\/product\/47621","targetHints":{"allow":["GET"]}}],"collection":[{"href":"https:\/\/lamaktaba.fr\/index.php\/wp-json\/wp\/v2\/product"}],"about":[{"href":"https:\/\/lamaktaba.fr\/index.php\/wp-json\/wp\/v2\/types\/product"}],"replies":[{"embeddable":true,"href":"https:\/\/lamaktaba.fr\/index.php\/wp-json\/wp\/v2\/comments?post=47621"}],"wp:featuredmedia":[{"embeddable":true,"href":"https:\/\/lamaktaba.fr\/index.php\/wp-json\/wp\/v2\/media\/47622"}],"wp:attachment":[{"href":"https:\/\/lamaktaba.fr\/index.php\/wp-json\/wp\/v2\/media?parent=47621"}],"wp:term":[{"taxonomy":"product_brand","embeddable":true,"href":"https:\/\/lamaktaba.fr\/index.php\/wp-json\/wp\/v2\/product_brand?post=47621"},{"taxonomy":"product_cat","embeddable":true,"href":"https:\/\/lamaktaba.fr\/index.php\/wp-json\/wp\/v2\/product_cat?post=47621"},{"taxonomy":"product_tag","embeddable":true,"href":"https:\/\/lamaktaba.fr\/index.php\/wp-json\/wp\/v2\/product_tag?post=47621"}],"curies":[{"name":"wp","href":"https:\/\/api.w.org\/{rel}","templated":true}]}}