{"id":47611,"date":"2022-01-24T20:51:38","date_gmt":"2022-01-24T19:51:38","guid":{"rendered":"https:\/\/lamaktaba.fr\/index.php\/produit\/petit-dictionnaire-de-lislam-pour-qui-espere-en-dieu-de-yacoub-roty\/"},"modified":"2025-04-01T12:46:51","modified_gmt":"2025-04-01T10:46:51","slug":"petit-dictionnaire-de-lislam-pour-qui-espere-en-dieu-de-yacoub-roty","status":"publish","type":"product","link":"https:\/\/lamaktaba.fr\/index.php\/produit\/petit-dictionnaire-de-lislam-pour-qui-espere-en-dieu-de-yacoub-roty","title":{"rendered":"Petit dictionnaire de l&rsquo;Islam pour qui esp\u00e8re en Dieu, de Yacoub Roty"},"content":{"rendered":"<p>Petit dictionnaire de l&rsquo;Islam pour qui esp\u00e8re en Dieu, de Yacoub Roty;En notre triste \u00e9poque \u00ab d\u00e9boussol\u00e9e \u00bb, au sein de la soci\u00e9t\u00e9 occidentale d\u00e9sacralisant bien des valeurs sur lesquelles elle a \u00e9t\u00e9 fond\u00e9e, beaucoup d\u2019adultes et d\u2019adolescents \u00e9prouvent le besoin de se tourner vers l\u2019islam dans l\u2019espoir de redonner un sens \u00e0 leur existence et de trouver une nourriture spirituelle leur permettant de survivre \u00e0 la \u00ab disette de Dieu \u00bb.;Cet aper\u00e7u sur les valeurs profondes de l\u2019islam ne vient pas encombrer la t\u00eate du lecteur, bien au contraire, il apaise ses pens\u00e9es et harmonise ses aspirations, facilitant ainsi sa recherche en l\u2019aidant \u00e0 consid\u00e9rer toute chose avec le regard de la Foi.;Le Proph\u00e8te a dit: \u00ab Enseignez, facilitez, ne compliquez pas les choses, annoncez la bonne nouvelle et ne faites pas fuir les gens. \u00bb C\u2019est dans cet esprit de simplicit\u00e9 et d\u2019ouverture qu\u2019a \u00e9t\u00e9 \u00e9labor\u00e9 ce petit dictionnaire. Il s\u2019attache, en premier lieu, \u00e0 d\u00e9crire le comportement du musulman digne de ce nom, inspir\u00e9 de celui du Proph\u00e8te: \u00ab Vous avez, en l\u2019Envoy\u00e9 de Dieu, un mod\u00e8le excellent pour qui esp\u00e8re en Dieu et au Jour dernier et qui se souvient beaucoup de Dieu \u00bb (Coran 33\/21).;\u0644\u0651\u064e\u0642\u064e\u062f\u0652 \u0643\u064e\u0627\u0646\u064e \u0644\u064e\u0643\u064f\u0645\u0652 \u0641\u0650\u064a \u0631\u064e\u0633\u064f\u0648\u0644\u0650 \u0627\u0644\u0644\u0651\u064e\u0647\u0650 \u0623\u064f\u0633\u0652\u0648\u064e\u0629\u064c \u062d\u064e\u0633\u064e\u0646\u064e\u0629\u064c \u0644\u0651\u0650\u0645\u064e\u0646 \u0643\u064e\u0627\u0646\u064e \u064a\u064e\u0631\u0652\u062c\u064f\u0648 \u0627\u0644\u0644\u0651\u064e\u0647\u064e \u0648\u064e\u0627\u0644\u0652\u064a\u064e\u0648\u0652\u0645\u064e \u0627\u0644\u0652\u0622\u062e\u0650\u0631\u064e \u0648\u064e\u0630\u064e\u0643\u064e\u0631\u064e \u0627\u0644\u0644\u0651\u064e\u0647\u064e \u0643\u064e\u062b\u0650\u064a\u0631\u064b\u0627;Marque -MAISON D&rsquo;ENNOUR Editions R\u00e9f\u00e9rence 9782752403711;Fiche technique AUTEUR: &#8211; Yacoub Roty LANGUE: &#8211; Fran\u00e7ais (Les termes arabes sont en phon\u00e9tique) ANNEE: &#8211; 2018 SUPPORT: &#8211; Livre THEME: &#8211; Dictionnaire, Islam \u00c9DITIONS: &#8211; Maison d&rsquo;Ennour Condition: &#8211; Neuf Nombre de Pages: &#8211; 360 FORMAT (CM): 14 x 21 cm Poids (kg): &#8211; 722 g RELIURE: &#8211; Rigide EAN13: &#8211; 9782752403711;R\u00e9f\u00e9rences sp\u00e9cifiques Donnez votre avis;Aucun commentaire pour le moment<\/p>\n","protected":false},"excerpt":{"rendered":"<p>Petit dictionnaire de l&rsquo;Islam pour qui esp\u00e8re en Dieu, de Yacoub Roty;En notre triste \u00e9poque \u00ab d\u00e9boussol\u00e9e \u00bb, au sein de la soci\u00e9t\u00e9 occidentale d\u00e9sacralisant bien des valeurs sur lesquelles elle a \u00e9t\u00e9 fond\u00e9e, beaucoup d\u2019adultes et d\u2019adolescents \u00e9prouvent le besoin de se tourner vers l\u2019islam dans l\u2019espoir de redonner un sens \u00e0 leur existence [&hellip;]<\/p>\n","protected":false},"featured_media":47612,"comment_status":"open","ping_status":"closed","template":"","meta":[],"product_brand":[],"product_cat":[1910],"product_tag":[],"class_list":{"0":"post-47611","1":"product","2":"type-product","3":"status-publish","4":"has-post-thumbnail","6":"product_cat-education","7":"pa_annee-487","8":"pa_auteur-yacoub-roty","9":"pa_editeur-maison-dennour-2","10":"pa_format-14-x-21-cm","11":"pa_langue-francais-les-termes-arabes-sont-en-phonetique","12":"pa_nombre-de-pages-1766","13":"pa_reliure-rigide","15":"first","16":"outofstock","17":"shipping-taxable","18":"purchasable","19":"product-type-simple"},"_links":{"self":[{"href":"https:\/\/lamaktaba.fr\/index.php\/wp-json\/wp\/v2\/product\/47611","targetHints":{"allow":["GET"]}}],"collection":[{"href":"https:\/\/lamaktaba.fr\/index.php\/wp-json\/wp\/v2\/product"}],"about":[{"href":"https:\/\/lamaktaba.fr\/index.php\/wp-json\/wp\/v2\/types\/product"}],"replies":[{"embeddable":true,"href":"https:\/\/lamaktaba.fr\/index.php\/wp-json\/wp\/v2\/comments?post=47611"}],"wp:featuredmedia":[{"embeddable":true,"href":"https:\/\/lamaktaba.fr\/index.php\/wp-json\/wp\/v2\/media\/47612"}],"wp:attachment":[{"href":"https:\/\/lamaktaba.fr\/index.php\/wp-json\/wp\/v2\/media?parent=47611"}],"wp:term":[{"taxonomy":"product_brand","embeddable":true,"href":"https:\/\/lamaktaba.fr\/index.php\/wp-json\/wp\/v2\/product_brand?post=47611"},{"taxonomy":"product_cat","embeddable":true,"href":"https:\/\/lamaktaba.fr\/index.php\/wp-json\/wp\/v2\/product_cat?post=47611"},{"taxonomy":"product_tag","embeddable":true,"href":"https:\/\/lamaktaba.fr\/index.php\/wp-json\/wp\/v2\/product_tag?post=47611"}],"curies":[{"name":"wp","href":"https:\/\/api.w.org\/{rel}","templated":true}]}}