{"id":47588,"date":"2022-01-24T20:50:54","date_gmt":"2022-01-24T19:50:54","guid":{"rendered":"https:\/\/lamaktaba.fr\/index.php\/produit\/explication-des-noms-sublimes-dallah-a-la-lumiere-du-coran-et-de-la-sunna-de-said-ibn-ali-ibn-wahf-el-qahtani\/"},"modified":"2025-04-01T12:46:46","modified_gmt":"2025-04-01T10:46:46","slug":"explication-des-noms-sublimes-dallah-a-la-lumiere-du-coran-et-de-la-sunna-de-said-ibn-ali-ibn-wahf-el-qahtani","status":"publish","type":"product","link":"https:\/\/lamaktaba.fr\/index.php\/produit\/explication-des-noms-sublimes-dallah-a-la-lumiere-du-coran-et-de-la-sunna-de-said-ibn-ali-ibn-wahf-el-qahtani","title":{"rendered":"Explication des noms sublimes d&rsquo;Allah \u00e0 la lumi\u00e8re du coran et de la sunna, de Sa&rsquo;id Ibn &lsquo;Ali Ibn Wahf El-Qaht\u00e2ni"},"content":{"rendered":"<p>Explication des noms sublimes d&rsquo;Allah \u00e0 la lumi\u00e8re du coran et de la sunna, de Sa&rsquo;id Ibn &lsquo;Ali Ibn Wahf El-Qaht\u00e2ni, R\u00e9vis\u00e9 par Abdallah ben Abderrahman Al-Jabr\u00een;\u0648 \u0644\u0644\u0647 \u0627\u0644\u0623\u0633\u0645\u0627\u0621 \u0627\u0644\u062d\u0633\u0646\u0649 \u0641\u0627\u062f\u0639\u0648\u0647 \u0628\u0647\u0627;\u00ab \u00c0 Allah appartiennent les plus beaux noms. Invoquez-Le par ces noms \u00bb;L&rsquo;une des causes les plus efficaces qui fortifient la foi et l&rsquo;affermissent, se trouve \u1ebftre la connaissance des noms sublimes d&rsquo;Allah cit\u00e9s dans le Coran et la sunna. Le souci de les comprendre et de les prendre comme moyens d&rsquo;adorer Allah. Allah le tr\u00e8s Haut dit: \u00ab\u00c0 Allah appartiennent les plus beaux noms. Invoquez-Le par ces noms et laissez ceux qui s&rsquo;en \u00e9cartent. Ils seront r\u00e9tribu\u00e9s selon leurs actes. \u00bb S7. V180. En outre, il est rapport\u00e9 dans les deux Sahih d&rsquo;apr\u00e9s le hadith d&rsquo;Abi Hurayra, que le Proph\u00e8te a dit: \u00ab Allah poss\u00e9de quatre-vingt-dix-neuf Noms, cent moins un. Celui qui les m\u00e9morise entrera au paradis \u00bb. C&rsquo;est-\u00e0-dire que celui, qui les m\u00e9morise et comprend leurs significations et leurs desseins, qui les utilise pour faire des \u00e9loges d&rsquo;Allah et Le sollicite avec, entrera au paradis, C&rsquo;est dire combien cette d\u00e9marche est l&rsquo;un des meilleurs moyens d&rsquo;obtenir la foi, de la fortifier et de l&rsquo;affermir.<\/p>\n","protected":false},"excerpt":{"rendered":"<p>Explication des noms sublimes d&rsquo;Allah \u00e0 la lumi\u00e8re du coran et de la sunna, de Sa&rsquo;id Ibn &lsquo;Ali Ibn Wahf El-Qaht\u00e2ni, R\u00e9vis\u00e9 par Abdallah ben Abderrahman Al-Jabr\u00een;\u0648 \u0644\u0644\u0647 \u0627\u0644\u0623\u0633\u0645\u0627\u0621 \u0627\u0644\u062d\u0633\u0646\u0649 \u0641\u0627\u062f\u0639\u0648\u0647 \u0628\u0647\u0627;\u00ab \u00c0 Allah appartiennent les plus beaux noms. Invoquez-Le par ces noms \u00bb;L&rsquo;une des causes les plus efficaces qui fortifient la foi et l&rsquo;affermissent, [&hellip;]<\/p>\n","protected":false},"featured_media":47589,"comment_status":"open","ping_status":"closed","template":"","meta":[],"product_brand":[],"product_cat":[1911,1931],"product_tag":[],"class_list":{"0":"post-47588","1":"product","2":"type-product","3":"status-publish","4":"has-post-thumbnail","6":"product_cat-les-cinqs-piliers-de-lislam","7":"product_cat-tawhid-unicite","8":"pa_annee-381","9":"pa_auteur-said-ibn-ali-ibn-wahf-el-qahtani-revise-par-abdallah-ben-abderrahman-al-jabrin","10":"pa_editeur-universel","11":"pa_langue-francais","12":"pa_nombre-de-pages-1753","13":"pa_reliure-rigide","15":"first","16":"outofstock","17":"shipping-taxable","18":"purchasable","19":"product-type-simple"},"_links":{"self":[{"href":"https:\/\/lamaktaba.fr\/index.php\/wp-json\/wp\/v2\/product\/47588","targetHints":{"allow":["GET"]}}],"collection":[{"href":"https:\/\/lamaktaba.fr\/index.php\/wp-json\/wp\/v2\/product"}],"about":[{"href":"https:\/\/lamaktaba.fr\/index.php\/wp-json\/wp\/v2\/types\/product"}],"replies":[{"embeddable":true,"href":"https:\/\/lamaktaba.fr\/index.php\/wp-json\/wp\/v2\/comments?post=47588"}],"wp:featuredmedia":[{"embeddable":true,"href":"https:\/\/lamaktaba.fr\/index.php\/wp-json\/wp\/v2\/media\/47589"}],"wp:attachment":[{"href":"https:\/\/lamaktaba.fr\/index.php\/wp-json\/wp\/v2\/media?parent=47588"}],"wp:term":[{"taxonomy":"product_brand","embeddable":true,"href":"https:\/\/lamaktaba.fr\/index.php\/wp-json\/wp\/v2\/product_brand?post=47588"},{"taxonomy":"product_cat","embeddable":true,"href":"https:\/\/lamaktaba.fr\/index.php\/wp-json\/wp\/v2\/product_cat?post=47588"},{"taxonomy":"product_tag","embeddable":true,"href":"https:\/\/lamaktaba.fr\/index.php\/wp-json\/wp\/v2\/product_tag?post=47588"}],"curies":[{"name":"wp","href":"https:\/\/api.w.org\/{rel}","templated":true}]}}