{"id":47578,"date":"2022-01-24T20:50:35","date_gmt":"2022-01-24T19:50:35","guid":{"rendered":"https:\/\/lamaktaba.fr\/index.php\/produit\/conseils-pour-la-femme-musulmane-suivi-de-questions-reponses-broche-umm-abdillah-al-wadiiyya-livre\/"},"modified":"2025-04-01T12:44:30","modified_gmt":"2025-04-01T10:44:30","slug":"conseils-pour-la-femme-musulmane-suivi-de-questions-reponses-broche-umm-abdillah-al-wadiiyya-livre","status":"publish","type":"product","link":"https:\/\/lamaktaba.fr\/index.php\/produit\/conseils-pour-la-femme-musulmane-suivi-de-questions-reponses-broche-umm-abdillah-al-wadiiyya-livre","title":{"rendered":"Conseils pour la femme musulmane &#8211; Suivi de questions-r\u00e9ponses &#8211; broch\u00e9 &#8211; Umm &lsquo;Abdillah Al Wadi&rsquo;iyya &#8211; Livre"},"content":{"rendered":"<p>Nouvelle \u00e9dition avec nouvelle mise en page et pr\u00e9sentation.;Auteur: Umm &lsquo;Abdillah Al Wadi&rsquo;iyya (Fille de Cheikh Muqbil).;Pr\u00e9face de Cheikh Muqbil (Grand savant du Yemen).;Enfin, apr\u00e8s avoir tant patient\u00e9, Allah nous gratifie et nous honore de pouvoir vous pr\u00e9senter la version fran\u00e7aise de cet ouvrage tant attendu, l&rsquo;original ayant connu un large succ\u00e8s aupr\u00e8s des arabophones. Et vu les enseignements et conseils qui y sont recens\u00e9, il repr\u00e9sente LE LIVRE INCONTOURNABLE POUR CHAQUE SOEUR, qu&rsquo;elle soit d\u00e9butante ou confirm\u00e9e, jeune fille ou m\u00e8re de famille.;&#8230; Voici donc un conseil adress\u00e9 aux femmes suivi de questions\/r\u00e9ponses: Assur\u00e9ment, le devoir de conseil et d&rsquo;invitation \u00e0 la religion d&rsquo;Allah qu&rsquo;il incombe \u00e0 la femme envers ses soeurs est important. Et j&rsquo;esp\u00e8re que ce livre, particuli\u00e8rement adapt\u00e9, comblera le manque dans ce domaine.;CONCERNANT L&rsquo;AUTEUR DU LIVRE, il s&rsquo;agit d&rsquo;Umm &lsquo;AbdAllah Al-Wa\u00e2di&rsquo;iya qui est vers\u00e9e dans beaucoup de sciences et se conforme au comportement du Proph\u00e8te saw, C&rsquo;est une femme m\u00e9ritante, particuli\u00e8rement soucieuse d&rsquo;occuper son temps de mani\u00e8re utile, et de faire profiter ses soeurs de sa science. Et c&rsquo;est la raison pour laquelle Allah a b\u00e9ni la science qu&rsquo;elle d\u00e9tient. Qu&rsquo;Allah la r\u00e9compense en bien, am\u00e9liore sa situation et fasse de ses enfants des musulmans pieux, il est certes capable de tout.\u00a0\u00bb Cheikh Muqbil.;Versets coraniques en arabe.;Existe en version couverture cartonn\u00e9e<\/p>\n","protected":false},"excerpt":{"rendered":"<p>Nouvelle \u00e9dition avec nouvelle mise en page et pr\u00e9sentation.;Auteur: Umm &lsquo;Abdillah Al Wadi&rsquo;iyya (Fille de Cheikh Muqbil).;Pr\u00e9face de Cheikh Muqbil (Grand savant du Yemen).;Enfin, apr\u00e8s avoir tant patient\u00e9, Allah nous gratifie et nous honore de pouvoir vous pr\u00e9senter la version fran\u00e7aise de cet ouvrage tant attendu, l&rsquo;original ayant connu un large succ\u00e8s aupr\u00e8s des arabophones. [&hellip;]<\/p>\n","protected":false},"featured_media":47579,"comment_status":"open","ping_status":"closed","template":"","meta":[],"product_brand":[],"product_cat":[15],"product_tag":[],"class_list":{"0":"post-47578","1":"product","2":"type-product","3":"status-publish","4":"has-post-thumbnail","6":"product_cat-non-classe","7":"pa_annee-487","8":"pa_auteur-umm-abdillah-al-wadiiyya-2","9":"pa_editeur-dar-al-muslim","10":"pa_format-16-x-24-cm-couverture-souple","11":"pa_langue-francais-arabe","12":"pa_nombre-de-pages-755","14":"first","15":"outofstock","16":"shipping-taxable","17":"purchasable","18":"product-type-simple"},"_links":{"self":[{"href":"https:\/\/lamaktaba.fr\/index.php\/wp-json\/wp\/v2\/product\/47578","targetHints":{"allow":["GET"]}}],"collection":[{"href":"https:\/\/lamaktaba.fr\/index.php\/wp-json\/wp\/v2\/product"}],"about":[{"href":"https:\/\/lamaktaba.fr\/index.php\/wp-json\/wp\/v2\/types\/product"}],"replies":[{"embeddable":true,"href":"https:\/\/lamaktaba.fr\/index.php\/wp-json\/wp\/v2\/comments?post=47578"}],"wp:featuredmedia":[{"embeddable":true,"href":"https:\/\/lamaktaba.fr\/index.php\/wp-json\/wp\/v2\/media\/47579"}],"wp:attachment":[{"href":"https:\/\/lamaktaba.fr\/index.php\/wp-json\/wp\/v2\/media?parent=47578"}],"wp:term":[{"taxonomy":"product_brand","embeddable":true,"href":"https:\/\/lamaktaba.fr\/index.php\/wp-json\/wp\/v2\/product_brand?post=47578"},{"taxonomy":"product_cat","embeddable":true,"href":"https:\/\/lamaktaba.fr\/index.php\/wp-json\/wp\/v2\/product_cat?post=47578"},{"taxonomy":"product_tag","embeddable":true,"href":"https:\/\/lamaktaba.fr\/index.php\/wp-json\/wp\/v2\/product_tag?post=47578"}],"curies":[{"name":"wp","href":"https:\/\/api.w.org\/{rel}","templated":true}]}}