{"id":47576,"date":"2022-01-24T20:50:28","date_gmt":"2022-01-24T19:50:28","guid":{"rendered":"https:\/\/lamaktaba.fr\/index.php\/produit\/au-coeur-de-laction-entre-methodes-et-formationde-dr-kela-larabi\/"},"modified":"2025-04-01T12:46:14","modified_gmt":"2025-04-01T10:46:14","slug":"au-coeur-de-laction-entre-methodes-et-formationde-dr-kela-larabi","status":"publish","type":"product","link":"https:\/\/lamaktaba.fr\/index.php\/produit\/au-coeur-de-laction-entre-methodes-et-formationde-dr-kela-larabi","title":{"rendered":"Au coeur de l&rsquo;action entre m\u00e9thodes et formation,de Dr K\u00e9la Larabi"},"content":{"rendered":"<p>Au coeur de l&rsquo;action;Au coeur de l&rsquo;action entre m\u00e9thodes et formation,de Dr K\u00e9la Larabi, INterviews: Youssef Djoufelkit, Dr Mohamed Rifi, Abdel-basset Zouiten, Chadia Zouiten. Relecture et pr\u00e9fac\u00e9: Shakeel Siddiq;Le livre du Dr K\u00e9la Larabi est l&rsquo;outil indispensable que doit poss\u00e9der celui ou celle qui se pose la question suivante: comment faire pour que le musulman s&rsquo;\u00e9panouisse dans la soci\u00e9t\u00e9 jusqu&rsquo;\u00e0 l&rsquo;influencer positivement? Bien plus qu&rsquo;un livre, le travail de notre auteur est une cl\u00e9 qui permet \u00e0 l&rsquo;individu d&rsquo;orienter sa vie dans la bonne direction sans se perdre.;Le livre du Dr K\u00e9la Larabi est un mode d&#8217;emploi qui montre la voie \u00e0 suivre et les strat\u00e9gies \u00e0 adopter pour s&rsquo;\u00e9panouir religieusement dans un contexte europ\u00e9en. C&rsquo;est un mode d&#8217;emploi r\u00e9dig\u00e9 sous forme de fiches synth\u00e9tiques. On y trouve l\u00a0\u00bbinterview de cadres associatifs partageant leur exp\u00e9rience du terrain: Youssef Djoufelkit, Dr Mohamed Rifi, Abdel-basset Zouiten, Chadia Zouiten. Il est relu et pr\u00e9fac\u00e9 par Shakeel Siddiq.;Biographie de l&rsquo;auteur: Dr K\u00e9la LARABI;Dr K\u00e9la LARABI est m\u00e9decin de Sant\u00e9 Publique. Elle a \u00e9t\u00e9 form\u00e9e \u00e0 l\u2019ex-IEIP (Institut d\u2019Etudes Islamiques de Paris) actuel CERSI (Centre d\u2019Etudes et de Recherches sur l\u2019Islam). Elle est mari\u00e9e et m\u00e8re de deux enfants. Cheikh Zakaria SEDDIKI est dipl\u00f4m\u00e9 de la Facult\u00e9 de droit musulman de l\u2019Universit\u00e9 d\u2019Al Azhar, docteur \u00e0 l\u2019EPHE (Ecole Pratique des Hautes Etudes), membre fondateur de l\u2019Union Mondiale des Oul\u00e9mas musulmans, pr\u00e9sident de la Maison des Savoirs et d\u2019ACERFI (Audit Conformit\u00e9 et Recherche en Finance Islamique) et directeur de l\u2019IMED (Institut Musulman d\u2019Enseignement \u00e0 Distance).<\/p>\n","protected":false},"excerpt":{"rendered":"<p>Au coeur de l&rsquo;action;Au coeur de l&rsquo;action entre m\u00e9thodes et formation,de Dr K\u00e9la Larabi, INterviews: Youssef Djoufelkit, Dr Mohamed Rifi, Abdel-basset Zouiten, Chadia Zouiten. Relecture et pr\u00e9fac\u00e9: Shakeel Siddiq;Le livre du Dr K\u00e9la Larabi est l&rsquo;outil indispensable que doit poss\u00e9der celui ou celle qui se pose la question suivante: comment faire pour que le musulman [&hellip;]<\/p>\n","protected":false},"featured_media":47577,"comment_status":"open","ping_status":"closed","template":"","meta":[],"product_brand":[],"product_cat":[15],"product_tag":[],"class_list":{"0":"post-47576","1":"product","2":"type-product","3":"status-publish","4":"has-post-thumbnail","6":"product_cat-non-classe","7":"pa_annee-369","8":"pa_auteur-dr-kela-larabi","9":"pa_editeur-clemence-et-esperance","10":"pa_format-15-5-x-21-cm","11":"pa_langue-francais","12":"pa_nombre-de-pages-986","13":"pa_reliure-souple","15":"first","16":"instock","17":"shipping-taxable","18":"purchasable","19":"product-type-simple"},"_links":{"self":[{"href":"https:\/\/lamaktaba.fr\/index.php\/wp-json\/wp\/v2\/product\/47576","targetHints":{"allow":["GET"]}}],"collection":[{"href":"https:\/\/lamaktaba.fr\/index.php\/wp-json\/wp\/v2\/product"}],"about":[{"href":"https:\/\/lamaktaba.fr\/index.php\/wp-json\/wp\/v2\/types\/product"}],"replies":[{"embeddable":true,"href":"https:\/\/lamaktaba.fr\/index.php\/wp-json\/wp\/v2\/comments?post=47576"}],"wp:featuredmedia":[{"embeddable":true,"href":"https:\/\/lamaktaba.fr\/index.php\/wp-json\/wp\/v2\/media\/47577"}],"wp:attachment":[{"href":"https:\/\/lamaktaba.fr\/index.php\/wp-json\/wp\/v2\/media?parent=47576"}],"wp:term":[{"taxonomy":"product_brand","embeddable":true,"href":"https:\/\/lamaktaba.fr\/index.php\/wp-json\/wp\/v2\/product_brand?post=47576"},{"taxonomy":"product_cat","embeddable":true,"href":"https:\/\/lamaktaba.fr\/index.php\/wp-json\/wp\/v2\/product_cat?post=47576"},{"taxonomy":"product_tag","embeddable":true,"href":"https:\/\/lamaktaba.fr\/index.php\/wp-json\/wp\/v2\/product_tag?post=47576"}],"curies":[{"name":"wp","href":"https:\/\/api.w.org\/{rel}","templated":true}]}}