{"id":47563,"date":"2022-01-24T20:49:59","date_gmt":"2022-01-24T19:49:59","guid":{"rendered":"https:\/\/lamaktaba.fr\/index.php\/produit\/la-science-utile-en-islam-de-al-ghazali\/"},"modified":"2025-04-01T12:47:38","modified_gmt":"2025-04-01T10:47:38","slug":"la-science-utile-en-islam-de-al-ghazali","status":"publish","type":"product","link":"https:\/\/lamaktaba.fr\/index.php\/produit\/la-science-utile-en-islam-de-al-ghazali","title":{"rendered":"La Science Utile en Islam, de Al-Ghaz\u00e2l\u00ee"},"content":{"rendered":"<p>La Science Utile en Islam, de Al-Ghaz\u00e2l\u00ee;Traduit de l&rsquo;arabe, pr\u00e9sent\u00e9 et annot\u00e9 par Tayeb Chouiref;Le livre de la science est le premier chapitre de l&rsquo;immense somme spirituelle d&rsquo;al-Ghaz\u00e2li intitul\u00e9e Ihy\u00e2 &lsquo;ulum al-din (La revivification des sciences de la religion). Al-Ghaz\u00e2l\u00ee y expose les id\u00e9es essentielles qui sont developpes tout au long de l&rsquo; Ihy\u00e2. Ce chapitre constitue donc un ouvrage fondamental permettant de saisir l&rsquo;ensemble du message de celui qui fut appell\u00e9 \u00ab\u00a0La Preuve de l&rsquo;Islam\u00a0\u00bb.;Ce message est essentiellement le suivant: la spiritualit\u00e9 est au c\u0153ur des enseignements de la derni\u00e8re religion revelee et c&rsquo;est par elle que l&rsquo;ensemble des aspects de cette religion peut \u00eatre revivifi\u00e9. Al-Ghazali offre donc \u00e0 son lecteur les cl\u00e9s fondamentales lui permettant de saisir comment la foi en Dieu et les pratiques rituelles de l&rsquo;islam peuvent \u00eatre v\u00e9cues dans une spiritualit\u00e9 profonde.;Cette traduction soigneusement annot\u00e9e de Tayeb Chouiref permettra aux lecteurs francophones d&rsquo;assimiler sans difficult\u00e9 les enseignements vivifiants d&rsquo;al-Ghaz\u00e2l\u00ee.<\/p>\n","protected":false},"excerpt":{"rendered":"<p>La Science Utile en Islam, de Al-Ghaz\u00e2l\u00ee;Traduit de l&rsquo;arabe, pr\u00e9sent\u00e9 et annot\u00e9 par Tayeb Chouiref;Le livre de la science est le premier chapitre de l&rsquo;immense somme spirituelle d&rsquo;al-Ghaz\u00e2li intitul\u00e9e Ihy\u00e2 &lsquo;ulum al-din (La revivification des sciences de la religion). Al-Ghaz\u00e2l\u00ee y expose les id\u00e9es essentielles qui sont developpes tout au long de l&rsquo; Ihy\u00e2. Ce [&hellip;]<\/p>\n","protected":false},"featured_media":47564,"comment_status":"open","ping_status":"closed","template":"","meta":[],"product_brand":[],"product_cat":[15],"product_tag":[],"class_list":{"0":"post-47563","1":"product","2":"type-product","3":"status-publish","4":"has-post-thumbnail","6":"product_cat-non-classe","7":"pa_auteur-imam-al-ghazali","8":"pa_editeur-iqra","9":"pa_langue-francais","10":"pa_reliure-souple","12":"first","13":"outofstock","14":"shipping-taxable","15":"purchasable","16":"product-type-simple"},"_links":{"self":[{"href":"https:\/\/lamaktaba.fr\/index.php\/wp-json\/wp\/v2\/product\/47563","targetHints":{"allow":["GET"]}}],"collection":[{"href":"https:\/\/lamaktaba.fr\/index.php\/wp-json\/wp\/v2\/product"}],"about":[{"href":"https:\/\/lamaktaba.fr\/index.php\/wp-json\/wp\/v2\/types\/product"}],"replies":[{"embeddable":true,"href":"https:\/\/lamaktaba.fr\/index.php\/wp-json\/wp\/v2\/comments?post=47563"}],"wp:featuredmedia":[{"embeddable":true,"href":"https:\/\/lamaktaba.fr\/index.php\/wp-json\/wp\/v2\/media\/47564"}],"wp:attachment":[{"href":"https:\/\/lamaktaba.fr\/index.php\/wp-json\/wp\/v2\/media?parent=47563"}],"wp:term":[{"taxonomy":"product_brand","embeddable":true,"href":"https:\/\/lamaktaba.fr\/index.php\/wp-json\/wp\/v2\/product_brand?post=47563"},{"taxonomy":"product_cat","embeddable":true,"href":"https:\/\/lamaktaba.fr\/index.php\/wp-json\/wp\/v2\/product_cat?post=47563"},{"taxonomy":"product_tag","embeddable":true,"href":"https:\/\/lamaktaba.fr\/index.php\/wp-json\/wp\/v2\/product_tag?post=47563"}],"curies":[{"name":"wp","href":"https:\/\/api.w.org\/{rel}","templated":true}]}}