{"id":47540,"date":"2022-01-24T20:48:58","date_gmt":"2022-01-24T19:48:58","guid":{"rendered":"https:\/\/lamaktaba.fr\/index.php\/produit\/hidayat-al-mutaabbid-as-salik-le-guide-du-devot-qui-chemine-sur-la-voie-exegese-du-mukhtasar-al-akhdari-fi-al-ibadat\/"},"modified":"2025-04-01T12:44:47","modified_gmt":"2025-04-01T10:44:47","slug":"hidayat-al-mutaabbid-as-salik-le-guide-du-devot-qui-chemine-sur-la-voie-exegese-du-mukhtasar-al-akhdari-fi-al-ibadat","status":"publish","type":"product","link":"https:\/\/lamaktaba.fr\/index.php\/produit\/hidayat-al-mutaabbid-as-salik-le-guide-du-devot-qui-chemine-sur-la-voie-exegese-du-mukhtasar-al-akhdari-fi-al-ibadat","title":{"rendered":"Hid\u00e2yat Al-Muta&rsquo;abbid As-S\u00e2lik (Le Guide du D\u00e9vot qui chemine sur la Voie): Ex\u00e9g\u00e8se du Mukhtasar Al-Akhdar\u00ee F\u00ee al-&lsquo;Ib\u00e2d\u00e2t"},"content":{"rendered":"<p>Hid\u00e2yat Al-Muta&rsquo;abbid As-S\u00e2lik (Le Guide du D\u00e9vot qui chemine sur la Voie): Ex\u00e9g\u00e8se du Mukhtasar Al-Akhdar\u00ee F\u00ee al-&lsquo;Ib\u00e2d\u00e2t (Selon le rite M\u00e2likite), de S\u00e2lih \u2018Abd As-Sam\u00ee\u2018 Al-\u00c2b\u00ee Al-Azhar\u00ee;Hid\u00e2yat al-Muta\u2018abbid as-S\u00e2lik (Le Guide du D\u00e9vot qui chemine sur la Voie) est l\u2019ex\u00e9g\u00e8se la plus connue et la plus s\u00e9rieuse du Mukhtasar Al-Akhdar\u00ee F\u00ee al-\u2018Ib\u00e2d\u00e2t [selon le rite m\u00e2likite]. Son auteur, S\u00e2lih \u2018Abd As-Sam\u00ee\u2018 Al-\u00c2b\u00ee Al-Azhar\u00ee \u2013 mort en l\u2019an 1335 de l\u2019h\u00e9gire \u2013, est un sp\u00e9cialiste du fiqh m\u00e2likite, qui s\u2019est fait conna\u00eetre notamment par son commentaire de la Ris\u00e2la d\u2019Ab\u00fb Zayd al-Qayraw\u00e2n\u00ee, intitul\u00e9 At-Thamar Ad-D\u00e2n\u00ee F\u00ee Taqr\u00eeb Al-Ma\u2018\u00e2n\u00ee et son Jaw\u00e2hir Al-Ikl\u00eel o\u00f9 il explique le Mukhtasar Khal\u00eel.;Le livre que S\u00e2lih \u2018Abd As-Sam\u00ee\u2018 Al-\u00c2b\u00ee Al-Azhar\u00ee se donne pour objectif de gloser, \u00e0 savoir Mukhtasar Al-Akhdar\u00ee F\u00ee al-\u2018Ib\u00e2d\u00e2t, traite exclusivement des r\u00e8gles relatives \u00e0 la pri\u00e8re selon le rite mal\u00e9kite. C\u2019est un ouvrage remarquable que l\u2019on \u00e9tudie toujours dans les pays qui suivent la doctrine de l\u2019imam M\u00e2lik, voire dans les pays o\u00f9 les musulmans sont minoritaires. Son auteur est le juriste d\u2019ob\u00e9dience mal\u00e9kite Ab\u00fb Zayd \u2018Abd Ar-Rahm\u00e2n Ibn Muhammad Al-Akhdar\u00ee (1512-1575).;Marque -MAISON D&rsquo;ENNOUR Editions R\u00e9f\u00e9rence 9782752403674;Fiche technique AUTEUR: &#8211; S\u00e2lih \u2018Abd As-Sam\u00ee\u2018 Al-\u00c2b\u00ee Al-Azhar\u00ee LANGUE: &#8211; Fran\u00e7ais (Les titres des grands chapitres sont en Fran\u00e7ais et en Arabe) ANNEE: &#8211; 2018 SUPPORT: &#8211; Livre THEME: &#8211; Pri\u00e8re, Rite Mal\u00e9kite \u00c9DITIONS: &#8211; Maison d&rsquo;Ennour Condition: &#8211; Neuf Nombre de Pages: &#8211; 204 FORMAT (CM): 17 x 24 cm Poids (kg): &#8211; 362 g RELIURE: &#8211; Souple.Traduction: &#8211; Hood Jhumka EAN13: &#8211; 9782752403674;R\u00e9f\u00e9rences sp\u00e9cifiques Donnez votre avis;Aucun commentaire pour le moment<\/p>\n","protected":false},"excerpt":{"rendered":"<p>Hid\u00e2yat Al-Muta&rsquo;abbid As-S\u00e2lik (Le Guide du D\u00e9vot qui chemine sur la Voie): Ex\u00e9g\u00e8se du Mukhtasar Al-Akhdar\u00ee F\u00ee al-&lsquo;Ib\u00e2d\u00e2t (Selon le rite M\u00e2likite), de S\u00e2lih \u2018Abd As-Sam\u00ee\u2018 Al-\u00c2b\u00ee Al-Azhar\u00ee;Hid\u00e2yat al-Muta\u2018abbid as-S\u00e2lik (Le Guide du D\u00e9vot qui chemine sur la Voie) est l\u2019ex\u00e9g\u00e8se la plus connue et la plus s\u00e9rieuse du Mukhtasar Al-Akhdar\u00ee F\u00ee al-\u2018Ib\u00e2d\u00e2t [selon le [&hellip;]<\/p>\n","protected":false},"featured_media":47541,"comment_status":"open","ping_status":"closed","template":"","meta":[],"product_brand":[],"product_cat":[1899],"product_tag":[],"class_list":{"0":"post-47540","1":"product","2":"type-product","3":"status-publish","4":"has-post-thumbnail","6":"product_cat-jurisprudence","7":"pa_annee-487","8":"pa_auteur-salih-abd-as-sami-al-abi-al-azhari","9":"pa_editeur-maison-dennour-2","10":"pa_format-17-x-24-cm","11":"pa_langue-francais-les-titres-des-grands-chapitres-sont-en-francais-et-en-arabe","12":"pa_nombre-de-pages-1724","13":"pa_reliure-souple","15":"first","16":"outofstock","17":"shipping-taxable","18":"purchasable","19":"product-type-simple"},"_links":{"self":[{"href":"https:\/\/lamaktaba.fr\/index.php\/wp-json\/wp\/v2\/product\/47540","targetHints":{"allow":["GET"]}}],"collection":[{"href":"https:\/\/lamaktaba.fr\/index.php\/wp-json\/wp\/v2\/product"}],"about":[{"href":"https:\/\/lamaktaba.fr\/index.php\/wp-json\/wp\/v2\/types\/product"}],"replies":[{"embeddable":true,"href":"https:\/\/lamaktaba.fr\/index.php\/wp-json\/wp\/v2\/comments?post=47540"}],"wp:featuredmedia":[{"embeddable":true,"href":"https:\/\/lamaktaba.fr\/index.php\/wp-json\/wp\/v2\/media\/47541"}],"wp:attachment":[{"href":"https:\/\/lamaktaba.fr\/index.php\/wp-json\/wp\/v2\/media?parent=47540"}],"wp:term":[{"taxonomy":"product_brand","embeddable":true,"href":"https:\/\/lamaktaba.fr\/index.php\/wp-json\/wp\/v2\/product_brand?post=47540"},{"taxonomy":"product_cat","embeddable":true,"href":"https:\/\/lamaktaba.fr\/index.php\/wp-json\/wp\/v2\/product_cat?post=47540"},{"taxonomy":"product_tag","embeddable":true,"href":"https:\/\/lamaktaba.fr\/index.php\/wp-json\/wp\/v2\/product_tag?post=47540"}],"curies":[{"name":"wp","href":"https:\/\/api.w.org\/{rel}","templated":true}]}}