{"id":47536,"date":"2022-01-24T20:48:44","date_gmt":"2022-01-24T19:48:44","guid":{"rendered":"https:\/\/lamaktaba.fr\/index.php\/produit\/questions-frequemment-posees-par-les-femmes-al-uthaymin-livre\/"},"modified":"2025-04-01T12:43:43","modified_gmt":"2025-04-01T10:43:43","slug":"questions-frequemment-posees-par-les-femmes-al-uthaymin-livre","status":"publish","type":"product","link":"https:\/\/lamaktaba.fr\/index.php\/produit\/questions-frequemment-posees-par-les-femmes-al-uthaymin-livre","title":{"rendered":"Questions fr\u00e9quemment pos\u00e9es par les femmes &#8211; Al-&lsquo;Uthaymin &#8211; Livre"},"content":{"rendered":"<p>Questions fr\u00e9quemment pos\u00e9es par les femmes;Le vrai musulman est celui qui cherche le jugement d&rsquo;Allah et de Son envoy\u00e9 -que la pri\u00e8re et le salut d&rsquo;Allah soient sur lui-dans toutes ses affaires d&rsquo;adoration, qu&rsquo;il s&rsquo;agisse de dogme, de paroles ou d&rsquo;actes, pour ensuite s&rsquo;y conformer. Si cette affaire rentre dans le domaine du licite, il la fait sans se soucier des avis des gens. Si en revanche, c&rsquo;est quelque chose d&rsquo;illicite, il s&rsquo;abstient de la faire, sans pour autant se soucier des r\u00e9actions violentes des gens ni de leurs railleries. Il ne doit avoir de souci que d&rsquo;observer la parole du Tr\u00e8s-Haut suivante: [Telles sont les normes d&rsquo;Allah. Ne les transgressez pas] Coran, II, 229. Et de la parole du Tr\u00e8s-Haut suivante: [Ce sont l\u00e0 les normes d&rsquo;Allah. Ne les serrez pas de trop pr\u00e8s]. Coran, II, 187. Pour cela, nous vous pr\u00e9sentons, chers lecteurs, cette s\u00e9rie de questions et leurs r\u00e9ponses par le grand savant, son \u00e9minence le shaykh Mohammad Ibn S\u00e2lih Al-vUthaym\u00een -qu&rsquo;Allah le r\u00e9tribue largement- qui pourraient vous aider \u00e0 adorer Allah de la mani\u00e8re saine et d&rsquo;\u00eatre parmi les gagnants dans ce monde et dans l&rsquo;au-del\u00e0.<\/p>\n","protected":false},"excerpt":{"rendered":"<p>Questions fr\u00e9quemment pos\u00e9es par les femmes;Le vrai musulman est celui qui cherche le jugement d&rsquo;Allah et de Son envoy\u00e9 -que la pri\u00e8re et le salut d&rsquo;Allah soient sur lui-dans toutes ses affaires d&rsquo;adoration, qu&rsquo;il s&rsquo;agisse de dogme, de paroles ou d&rsquo;actes, pour ensuite s&rsquo;y conformer. Si cette affaire rentre dans le domaine du licite, il [&hellip;]<\/p>\n","protected":false},"featured_media":47537,"comment_status":"open","ping_status":"closed","template":"","meta":[],"product_brand":[],"product_cat":[1906,1922,1898],"product_tag":[],"class_list":{"0":"post-47536","1":"product","2":"type-product","3":"status-publish","4":"has-post-thumbnail","6":"product_cat-femmes-livres","7":"product_cat-femmes-mariage-et-famille","8":"product_cat-pratique-religieuse","9":"pa_annee-1049","10":"pa_auteur-al-uthaymin","11":"pa_editeur-almadina","12":"pa_format-21-x-14-cm","13":"pa_langue-francais","14":"pa_nombre-de-pages-445","16":"first","17":"instock","18":"shipping-taxable","19":"purchasable","20":"product-type-simple"},"_links":{"self":[{"href":"https:\/\/lamaktaba.fr\/index.php\/wp-json\/wp\/v2\/product\/47536","targetHints":{"allow":["GET"]}}],"collection":[{"href":"https:\/\/lamaktaba.fr\/index.php\/wp-json\/wp\/v2\/product"}],"about":[{"href":"https:\/\/lamaktaba.fr\/index.php\/wp-json\/wp\/v2\/types\/product"}],"replies":[{"embeddable":true,"href":"https:\/\/lamaktaba.fr\/index.php\/wp-json\/wp\/v2\/comments?post=47536"}],"wp:featuredmedia":[{"embeddable":true,"href":"https:\/\/lamaktaba.fr\/index.php\/wp-json\/wp\/v2\/media\/47537"}],"wp:attachment":[{"href":"https:\/\/lamaktaba.fr\/index.php\/wp-json\/wp\/v2\/media?parent=47536"}],"wp:term":[{"taxonomy":"product_brand","embeddable":true,"href":"https:\/\/lamaktaba.fr\/index.php\/wp-json\/wp\/v2\/product_brand?post=47536"},{"taxonomy":"product_cat","embeddable":true,"href":"https:\/\/lamaktaba.fr\/index.php\/wp-json\/wp\/v2\/product_cat?post=47536"},{"taxonomy":"product_tag","embeddable":true,"href":"https:\/\/lamaktaba.fr\/index.php\/wp-json\/wp\/v2\/product_tag?post=47536"}],"curies":[{"name":"wp","href":"https:\/\/api.w.org\/{rel}","templated":true}]}}