{"id":47534,"date":"2022-01-24T20:48:39","date_gmt":"2022-01-24T19:48:39","guid":{"rendered":"https:\/\/lamaktaba.fr\/index.php\/produit\/la-voie-du-changement-de-dr-abd-al-karim-bakkar\/"},"modified":"2025-04-01T12:45:59","modified_gmt":"2025-04-01T10:45:59","slug":"la-voie-du-changement-de-dr-abd-al-karim-bakkar","status":"publish","type":"product","link":"https:\/\/lamaktaba.fr\/index.php\/produit\/la-voie-du-changement-de-dr-abd-al-karim-bakkar","title":{"rendered":"La voie du changement, de Dr \u2018Abd al-Kar\u00eem Bakk\u00e2r"},"content":{"rendered":"<p>La voie du changement, de Dr \u2018Abd al-Kar\u00eem Bakk\u00e2r;Le changement n\u2019est pas une affaire simple et facile, il n\u00e9cessite autant de clairvoyance que de volont\u00e9 et de r\u00e9solution. Ce qui est important, c\u2019est de comprendre que nous ne pouvons pas atteindre tout ce que nous d\u00e9sirons, de m\u00eame que parvenir \u00e0 tout ce que nous souhaitons n\u2019est pas toujours dans notre int\u00e9r\u00eat. Pour op\u00e9rer un changement, il est n\u00e9cessaire de comprendre deux choses: saisir les limites de nos capacit\u00e9s et toujours placer notre aspiration dans le cadre de ce qui est l\u00e9gif\u00e9r\u00e9 et du juste milieu. Dans cette \u00e9p\u00eetre, l\u2019auteur tente de fournir les bonnes id\u00e9es et la m\u00e9thode pratique \u00e0 appliquer de fa\u00e7on simple en vue de parvenir \u00e0 un changement durable et r\u00e9el.;\u00c0 propos de l&rsquo;auteur: Dr \u2018Abd al-Kar\u00eem Bakk\u00e2r;Dr \u2018Abd al-Kar\u00eem Bakk\u00e2r: N\u00e9 \u00e0 Hums (Syrie) en 1951, \u2018Abd al-Kar\u00eem Bakk\u00e2r est un universitaire et chercheur;acad\u00e9micien de renomm\u00e9e internationale. Il se rendit c\u00e9l\u00e8bre par ses nombreux \u00e9crits et interventions radiophoniques et t\u00e9l\u00e9vis\u00e9es consacr\u00e9s \u00e0 la pens\u00e9e musulmane contemporaine, \u00e0 l\u2019\u00e9ducation et au d\u00e9veloppement personnel en vue d\u2019une renaissance;de la communaut\u00e9 musulmane. Il est aussi l\u2019auteur d\u2019une quarantaine d\u2019ouvrages et d\u2019une centaine d\u2019articles dans ces diff\u00e9rents domaines. Exil\u00e9 depuis 1976, il r\u00e9side actuellement \u00e0 Riyad en Arabie Saoudite.;Marque ALHADITH Editions R\u00e9f\u00e9rence 9782875451422;Fiche technique AUTEUR: &#8211; Dr \u2018Abd al-Kar\u00eem Bakk\u00e2r LANGUE: -.Fran\u00e7ais ANNEE: &#8211; 2018 SUPPORT: &#8211; Livre THEME: &#8211; D\u00e9veloppement personnel \u00c9DITIONS: &#8211; ALHADITH Condition: &#8211; Neuf Nombre de Pages: &#8211; 80 FORMAT (CM): 14 x 20.5 cm Poids (kg): &#8211; 104 g RELIURE: &#8211; Souple EAN13: &#8211; 9782875451422;R\u00e9f\u00e9rences sp\u00e9cifiques Donnez votre avis;Aucun commentaire pour le moment<\/p>\n","protected":false},"excerpt":{"rendered":"<p>La voie du changement, de Dr \u2018Abd al-Kar\u00eem Bakk\u00e2r;Le changement n\u2019est pas une affaire simple et facile, il n\u00e9cessite autant de clairvoyance que de volont\u00e9 et de r\u00e9solution. Ce qui est important, c\u2019est de comprendre que nous ne pouvons pas atteindre tout ce que nous d\u00e9sirons, de m\u00eame que parvenir \u00e0 tout ce que nous [&hellip;]<\/p>\n","protected":false},"featured_media":47535,"comment_status":"open","ping_status":"closed","template":"","meta":[],"product_brand":[],"product_cat":[15],"product_tag":[],"class_list":{"0":"post-47534","1":"product","2":"type-product","3":"status-publish","4":"has-post-thumbnail","6":"product_cat-non-classe","7":"pa_annee-487","8":"pa_auteur-dr-abd-al-karim-bakkar-2","9":"pa_editeur-alhadith","10":"pa_format-14-x-20-5-cm","11":"pa_langue-francais","12":"pa_nombre-de-pages-507","13":"pa_reliure-souple","15":"first","16":"outofstock","17":"shipping-taxable","18":"purchasable","19":"product-type-simple"},"_links":{"self":[{"href":"https:\/\/lamaktaba.fr\/index.php\/wp-json\/wp\/v2\/product\/47534","targetHints":{"allow":["GET"]}}],"collection":[{"href":"https:\/\/lamaktaba.fr\/index.php\/wp-json\/wp\/v2\/product"}],"about":[{"href":"https:\/\/lamaktaba.fr\/index.php\/wp-json\/wp\/v2\/types\/product"}],"replies":[{"embeddable":true,"href":"https:\/\/lamaktaba.fr\/index.php\/wp-json\/wp\/v2\/comments?post=47534"}],"wp:featuredmedia":[{"embeddable":true,"href":"https:\/\/lamaktaba.fr\/index.php\/wp-json\/wp\/v2\/media\/47535"}],"wp:attachment":[{"href":"https:\/\/lamaktaba.fr\/index.php\/wp-json\/wp\/v2\/media?parent=47534"}],"wp:term":[{"taxonomy":"product_brand","embeddable":true,"href":"https:\/\/lamaktaba.fr\/index.php\/wp-json\/wp\/v2\/product_brand?post=47534"},{"taxonomy":"product_cat","embeddable":true,"href":"https:\/\/lamaktaba.fr\/index.php\/wp-json\/wp\/v2\/product_cat?post=47534"},{"taxonomy":"product_tag","embeddable":true,"href":"https:\/\/lamaktaba.fr\/index.php\/wp-json\/wp\/v2\/product_tag?post=47534"}],"curies":[{"name":"wp","href":"https:\/\/api.w.org\/{rel}","templated":true}]}}