{"id":47528,"date":"2022-01-24T20:48:27","date_gmt":"2022-01-24T19:48:27","guid":{"rendered":"https:\/\/lamaktaba.fr\/index.php\/produit\/la-voie-du-jeune-musulman-volume-2\/"},"modified":"2025-04-01T12:46:19","modified_gmt":"2025-04-01T10:46:19","slug":"la-voie-du-jeune-musulman-volume-2","status":"publish","type":"product","link":"https:\/\/lamaktaba.fr\/index.php\/produit\/la-voie-du-jeune-musulman-volume-2","title":{"rendered":"La voie du jeune musulman volume 2"},"content":{"rendered":"<p>Titre: La voie du jeune musulman volume 2;Auteur: Ali Hasan al-Halabi;Edition: ALHADITH;Support: Livre;Theme: Biblioth\u00e8que des enfants;Description: Ce livre est destin\u00e9 aux jeunes et aux d\u00e9butants. Dans un style simple, ce second volume aborde des sujets aussi importants que vari\u00e9s, qui concernent la croyance, l&rsquo;adoration et le comportement du Musulman. (th\u00e8mes: le savoir, le je\u00fbne du ramadan, l&rsquo;imp\u00f4t l\u00e9gal, le p\u00e8lerinage, la bont\u00e9 filiale, les compagnons, l&rsquo;\u00e9thique, la mosqu\u00e9e, l&rsquo;invocation, l&rsquo;habillement, la mort)<\/p>\n","protected":false},"excerpt":{"rendered":"<p>Titre: La voie du jeune musulman volume 2;Auteur: Ali Hasan al-Halabi;Edition: ALHADITH;Support: Livre;Theme: Biblioth\u00e8que des enfants;Description: Ce livre est destin\u00e9 aux jeunes et aux d\u00e9butants. Dans un style simple, ce second volume aborde des sujets aussi importants que vari\u00e9s, qui concernent la croyance, l&rsquo;adoration et le comportement du Musulman. (th\u00e8mes: le savoir, le je\u00fbne du [&hellip;]<\/p>\n","protected":false},"featured_media":47529,"comment_status":"open","ping_status":"closed","template":"","meta":[],"product_brand":[],"product_cat":[1923],"product_tag":[],"class_list":{"0":"post-47528","1":"product","2":"type-product","3":"status-publish","4":"has-post-thumbnail","6":"product_cat-ludoeducatif","8":"first","9":"outofstock","10":"shipping-taxable","11":"purchasable","12":"product-type-simple"},"_links":{"self":[{"href":"https:\/\/lamaktaba.fr\/index.php\/wp-json\/wp\/v2\/product\/47528","targetHints":{"allow":["GET"]}}],"collection":[{"href":"https:\/\/lamaktaba.fr\/index.php\/wp-json\/wp\/v2\/product"}],"about":[{"href":"https:\/\/lamaktaba.fr\/index.php\/wp-json\/wp\/v2\/types\/product"}],"replies":[{"embeddable":true,"href":"https:\/\/lamaktaba.fr\/index.php\/wp-json\/wp\/v2\/comments?post=47528"}],"wp:featuredmedia":[{"embeddable":true,"href":"https:\/\/lamaktaba.fr\/index.php\/wp-json\/wp\/v2\/media\/47529"}],"wp:attachment":[{"href":"https:\/\/lamaktaba.fr\/index.php\/wp-json\/wp\/v2\/media?parent=47528"}],"wp:term":[{"taxonomy":"product_brand","embeddable":true,"href":"https:\/\/lamaktaba.fr\/index.php\/wp-json\/wp\/v2\/product_brand?post=47528"},{"taxonomy":"product_cat","embeddable":true,"href":"https:\/\/lamaktaba.fr\/index.php\/wp-json\/wp\/v2\/product_cat?post=47528"},{"taxonomy":"product_tag","embeddable":true,"href":"https:\/\/lamaktaba.fr\/index.php\/wp-json\/wp\/v2\/product_tag?post=47528"}],"curies":[{"name":"wp","href":"https:\/\/api.w.org\/{rel}","templated":true}]}}