{"id":47520,"date":"2022-01-24T20:47:51","date_gmt":"2022-01-24T19:47:51","guid":{"rendered":"https:\/\/lamaktaba.fr\/index.php\/produit\/les-hadiths-prophetiques-sur-la-condamnation-du-racisme-de-abd-as-salam-ibn-barjas-al-abd-al-karim\/"},"modified":"2025-04-01T12:46:12","modified_gmt":"2025-04-01T10:46:12","slug":"les-hadiths-prophetiques-sur-la-condamnation-du-racisme-de-abd-as-salam-ibn-barjas-al-abd-al-karim","status":"publish","type":"product","link":"https:\/\/lamaktaba.fr\/index.php\/produit\/les-hadiths-prophetiques-sur-la-condamnation-du-racisme-de-abd-as-salam-ibn-barjas-al-abd-al-karim","title":{"rendered":"Les hadiths proph\u00e9tiques sur la condamnation du racisme, de &lsquo;Abd As-Sal\u00e2m Ibn Barjas \u00c2l &lsquo;Abd Al-Karim"},"content":{"rendered":"<p>Les hadiths proph\u00e9tiques sur la condamnation du racisme, de &lsquo;Abd As-Sal\u00e2m Ibn Barjas \u00c2l &lsquo;Abd Al-Karim;Louange \u00e0 Allah et \u00e9loges et paix sur notre Proph\u00e8te Muhammad, sur sa famille et sur ses compagnons;J &lsquo;ai lu l&rsquo;\u00e9p\u00eetre intitul\u00e9e: \u00a0\u00bb Les hadiths proph\u00e9tiques sur la condamnation du racisme\u00a0\u00bb compil\u00e9s par cheikh &lsquo;Abd As-Sal\u00e2m Ibn Barjas \u00c2l &lsquo;Abd Al-Karim et je l&rsquo;ai trouv\u00e9e &#8211; et la louange est \u00e0 Allah &#8211; tr\u00e9s bien et profitable. Elle repose sur des preuves tangibles tir\u00e9es du Livre d&rsquo;Allah et de la Tradition du Proph\u00e8te (Sunna) sur un th\u00e8me au sujet duquel les gens \u00e9taient diam\u00e9tralement oppos\u00e9s. L&rsquo;auteur de cette \u00e9p\u00eetre a \u00e9clairci la v\u00e9rit\u00e9 \u00e0 la lumi\u00e8re du Livre d&rsquo;Allah, de la Sunna et des paroles des gens de la science. Qu&rsquo;Allah le r\u00e9compense pour son \u0153uvre. Et je l&rsquo;Implore aussi de faire en sorte qu&rsquo;il permette \u00e0 tous les musulmans de tirer profit de son savoir, de ses ouvrages et de ses autres contributions, et qu&rsquo;Allah r\u00e9pande Sa paix et Ses salutations sur notre Proph\u00e8te Muhammad, sur sa famille et sur ses compagnons.;Cheikh S\u00e2lih ibn Fawz\u00e2n Al Fawz\u00e2n;Marque IBN BADIS Editions R\u00e9f\u00e9rence 9791091925860 Date de disponibilit\u00e9: 2021-01-18;Fiche technique AUTEUR: &#8211; &lsquo;Abd As-Sal\u00e2m Ibn Barjas \u00c2l &lsquo;Abd Al-Karim LANGUE: &#8211; Fran\u00e7ais (Les hadiths sont en fran\u00e7ais et Arabe) ANNEE: &#8211; 2020 SUPPORT: &#8211; Livre THEME: &#8211; Le Hadith \u00c9DITIONS: &#8211; Ibn Badis Condition: &#8211; Neuf Nombre de Pages: &#8211; 104 FORMAT (CM): 14,3 x 20,8 cm Poids (kg): &#8211; 158 g RELIURE: &#8211; Souple EAN13: &#8211; 9791091925860;R\u00e9f\u00e9rences sp\u00e9cifiques Donnez votre avis;Aucun commentaire pour le moment<\/p>\n","protected":false},"excerpt":{"rendered":"<p>Les hadiths proph\u00e9tiques sur la condamnation du racisme, de &lsquo;Abd As-Sal\u00e2m Ibn Barjas \u00c2l &lsquo;Abd Al-Karim;Louange \u00e0 Allah et \u00e9loges et paix sur notre Proph\u00e8te Muhammad, sur sa famille et sur ses compagnons;J &lsquo;ai lu l&rsquo;\u00e9p\u00eetre intitul\u00e9e: \u00a0\u00bb Les hadiths proph\u00e9tiques sur la condamnation du racisme\u00a0\u00bb compil\u00e9s par cheikh &lsquo;Abd As-Sal\u00e2m Ibn Barjas \u00c2l &lsquo;Abd [&hellip;]<\/p>\n","protected":false},"featured_media":47521,"comment_status":"open","ping_status":"closed","template":"","meta":[],"product_brand":[],"product_cat":[1902],"product_tag":[],"class_list":{"0":"post-47520","1":"product","2":"type-product","3":"status-publish","4":"has-post-thumbnail","6":"product_cat-hadiths","7":"pa_annee-369","8":"pa_auteur-abd-as-salam-ibn-barjas-al-abd-al-karim","9":"pa_editeur-ibn-badis","10":"pa_format-143-x-208-cm","11":"pa_langue-francais-les-hadiths-sont-en-francais-et-arabe","12":"pa_nombre-de-pages-786","13":"pa_reliure-souple","15":"first","16":"instock","17":"shipping-taxable","18":"purchasable","19":"product-type-simple"},"_links":{"self":[{"href":"https:\/\/lamaktaba.fr\/index.php\/wp-json\/wp\/v2\/product\/47520","targetHints":{"allow":["GET"]}}],"collection":[{"href":"https:\/\/lamaktaba.fr\/index.php\/wp-json\/wp\/v2\/product"}],"about":[{"href":"https:\/\/lamaktaba.fr\/index.php\/wp-json\/wp\/v2\/types\/product"}],"replies":[{"embeddable":true,"href":"https:\/\/lamaktaba.fr\/index.php\/wp-json\/wp\/v2\/comments?post=47520"}],"wp:featuredmedia":[{"embeddable":true,"href":"https:\/\/lamaktaba.fr\/index.php\/wp-json\/wp\/v2\/media\/47521"}],"wp:attachment":[{"href":"https:\/\/lamaktaba.fr\/index.php\/wp-json\/wp\/v2\/media?parent=47520"}],"wp:term":[{"taxonomy":"product_brand","embeddable":true,"href":"https:\/\/lamaktaba.fr\/index.php\/wp-json\/wp\/v2\/product_brand?post=47520"},{"taxonomy":"product_cat","embeddable":true,"href":"https:\/\/lamaktaba.fr\/index.php\/wp-json\/wp\/v2\/product_cat?post=47520"},{"taxonomy":"product_tag","embeddable":true,"href":"https:\/\/lamaktaba.fr\/index.php\/wp-json\/wp\/v2\/product_tag?post=47520"}],"curies":[{"name":"wp","href":"https:\/\/api.w.org\/{rel}","templated":true}]}}