{"id":47516,"date":"2022-01-24T20:47:42","date_gmt":"2022-01-24T19:47:42","guid":{"rendered":"https:\/\/lamaktaba.fr\/index.php\/produit\/20-conseils-pour-patienter-face-au-mal-des-gens-de-ibn-taymiyya-commentaire-abd-ar-razzaq-al-badr-bilingue-francais-arabe\/"},"modified":"2025-04-01T12:44:30","modified_gmt":"2025-04-01T10:44:30","slug":"20-conseils-pour-patienter-face-au-mal-des-gens-de-ibn-taymiyya-commentaire-abd-ar-razzaq-al-badr-bilingue-francais-arabe","status":"publish","type":"product","link":"https:\/\/lamaktaba.fr\/index.php\/produit\/20-conseils-pour-patienter-face-au-mal-des-gens-de-ibn-taymiyya-commentaire-abd-ar-razzaq-al-badr-bilingue-francais-arabe","title":{"rendered":"20 Conseils pour patienter face au mal des Gens, de Ibn Taymiyya, Commentaire Abd Ar-Razz\u00e2q Al-Badr, Bilingue (Fran\u00e7ais-Arabe)"},"content":{"rendered":"<p>20 Conseils pour patienter face au mal des Gens (\u0627\u0644\u0623\u0633\u0628\u0627\u0628 \u0627\u0644\u0645\u0639\u064a\u0646\u0629 \u0639\u0644\u0649 \u0627\u0644\u0635\u0628\u0631 \u0639\u0644\u0649 \u0623\u0630\u0649 \u0627\u0644\u062e\u0644\u0642), de Ibn Taymiyya, Commentaire Abd Ar-Razz\u00e2q Al-Badr, Bilingue (Fran\u00e7ais-Arabe);Le th\u00e8me que nous allons aborder, en le commentant, se rapporte \u00e0 un passage d&rsquo;une \u00e9p\u00eetre \u00e9crite par Cheikh ul-Islam Ibn Taymiyya &#8211; qu&rsquo;Allah lui fasse mis\u00e9ricorde &#8211; dans laquelle il parle de la patience. Il y traita avec minutie et de fa\u00e7on tr\u00e8s utile les choses qui sont \u00e0 m\u00eame d&rsquo;aider une personne \u00e0 faire preuve de patience face au mal des autres. Il y mentionna des d\u00e9tails que l&rsquo;on ne retrouve gu\u00e8re dans d&rsquo;autres \u00e9crits. Puisse Allah faire mis\u00e9ricorde \u00e0 cet imam. Et quel imam fut-il ! Quelle agr\u00e9able exhortation et quel bel argumentaire ! Puisse Allah le r\u00e9compense amplement pour tout ce qu&rsquo;il a accompli et fourni comme effort, puisse Allah le loger dans le haut Firdaws, Il est, certes &#8211; B\u00e9ni et Exalt\u00e9 soit-Il &#8211; l&rsquo; Audient, le Proche et Celui qui exauce.;J&rsquo;implore Allah, Le G\u00e9n\u00e9reux, qui nous a rendu de ce commentaire des paroles de Cheikh ul-Islam Ibn Taymiyya-qu&rsquo;Allah lui fasse mis\u00e9ricorde se rapportant aux choses qui aident \u00e0 \u00eatre endurant face au mal des autres, pour qu&rsquo; il fasse que cela soit aussi une aide pour nous tous afin d&rsquo;acqu\u00e9rir cette patience, et qu&rsquo; ll fasse en sorte que nous fassions partie de Ses serviteurs endurants et reconnaissants. Car la religion est constitu\u00e9e de deux parties: Endurance et reconnaissance. C&rsquo;est pour cela qu&rsquo;il est dit: La patience est la moiti\u00e9 de la religion.;Abd Al-Razzaq Ibn &lsquo;Abd-Al-Muhsin Al-Badr;Marque IBN BADIS Editions R\u00e9f\u00e9rence 9791091925464;Fiche technique AUTEUR: &#8211; Ibn Taymiyya, Commentaire Abd Ar-Razz\u00e2q Al-Badr LANGUE: &#8211; Fran\u00e7ais- Arabe ANNEE: &#8211; 2019 SUPPORT: &#8211; Livre THEME: &#8211; Education et Purification de L&rsquo; \u00c2me \u00c9DITIONS: &#8211; Ibn Badis Condition: &#8211; Neuf Nombre de Pages: &#8211; 80 Poids (kg): &#8211; 125 g RELIURE: &#8211; Souple EAN13: &#8211; 9791091925464;R\u00e9f\u00e9rences sp\u00e9cifiques Donnez votre avis;Aucun commentaire pour le moment<\/p>\n","protected":false},"excerpt":{"rendered":"<p>20 Conseils pour patienter face au mal des Gens (\u0627\u0644\u0623\u0633\u0628\u0627\u0628 \u0627\u0644\u0645\u0639\u064a\u0646\u0629 \u0639\u0644\u0649 \u0627\u0644\u0635\u0628\u0631 \u0639\u0644\u0649 \u0623\u0630\u0649 \u0627\u0644\u062e\u0644\u0642), de Ibn Taymiyya, Commentaire Abd Ar-Razz\u00e2q Al-Badr, Bilingue (Fran\u00e7ais-Arabe);Le th\u00e8me que nous allons aborder, en le commentant, se rapporte \u00e0 un passage d&rsquo;une \u00e9p\u00eetre \u00e9crite par Cheikh ul-Islam Ibn Taymiyya &#8211; qu&rsquo;Allah lui fasse mis\u00e9ricorde &#8211; dans laquelle il [&hellip;]<\/p>\n","protected":false},"featured_media":47517,"comment_status":"open","ping_status":"closed","template":"","meta":[],"product_brand":[],"product_cat":[1944],"product_tag":[],"class_list":{"0":"post-47516","1":"product","2":"type-product","3":"status-publish","4":"has-post-thumbnail","6":"product_cat-ethique","7":"pa_annee-481","8":"pa_auteur-ibn-taymiyya-commentaire-abd-ar-razzaq-al-badr","9":"pa_editeur-ibn-badis","10":"pa_langue-francais-arabe-2","11":"pa_nombre-de-pages-507","12":"pa_reliure-souple","14":"first","15":"outofstock","16":"shipping-taxable","17":"purchasable","18":"product-type-simple"},"_links":{"self":[{"href":"https:\/\/lamaktaba.fr\/index.php\/wp-json\/wp\/v2\/product\/47516","targetHints":{"allow":["GET"]}}],"collection":[{"href":"https:\/\/lamaktaba.fr\/index.php\/wp-json\/wp\/v2\/product"}],"about":[{"href":"https:\/\/lamaktaba.fr\/index.php\/wp-json\/wp\/v2\/types\/product"}],"replies":[{"embeddable":true,"href":"https:\/\/lamaktaba.fr\/index.php\/wp-json\/wp\/v2\/comments?post=47516"}],"wp:featuredmedia":[{"embeddable":true,"href":"https:\/\/lamaktaba.fr\/index.php\/wp-json\/wp\/v2\/media\/47517"}],"wp:attachment":[{"href":"https:\/\/lamaktaba.fr\/index.php\/wp-json\/wp\/v2\/media?parent=47516"}],"wp:term":[{"taxonomy":"product_brand","embeddable":true,"href":"https:\/\/lamaktaba.fr\/index.php\/wp-json\/wp\/v2\/product_brand?post=47516"},{"taxonomy":"product_cat","embeddable":true,"href":"https:\/\/lamaktaba.fr\/index.php\/wp-json\/wp\/v2\/product_cat?post=47516"},{"taxonomy":"product_tag","embeddable":true,"href":"https:\/\/lamaktaba.fr\/index.php\/wp-json\/wp\/v2\/product_tag?post=47516"}],"curies":[{"name":"wp","href":"https:\/\/api.w.org\/{rel}","templated":true}]}}