{"id":47508,"date":"2022-01-24T20:47:36","date_gmt":"2022-01-24T19:47:36","guid":{"rendered":"https:\/\/lamaktaba.fr\/index.php\/produit\/cest-quoi-le-coran-irene-rekad-nicolas-julo-livre\/"},"modified":"2025-04-01T12:45:59","modified_gmt":"2025-04-01T10:45:59","slug":"cest-quoi-le-coran-irene-rekad-nicolas-julo-livre","status":"publish","type":"product","link":"https:\/\/lamaktaba.fr\/index.php\/produit\/cest-quoi-le-coran-irene-rekad-nicolas-julo-livre","title":{"rendered":"C&rsquo;est quoi le Coran? &#8211; Ir\u00e8ne REKAD &#8211; Nicolas JULO &#8211; Livre"},"content":{"rendered":"<p>Si vous ne savez comment parler du Coran \u00e0 vos petits, emparez-vous de cet ouvrage ! Il vous entra\u00eenera dans les all\u00e9es de la classe de madame Salima, une ma\u00eetresse agr\u00e9able et attentionn\u00e9e qui accueillera votre enfant avec joie.<\/p>\n","protected":false},"excerpt":{"rendered":"<p>Si vous ne savez comment parler du Coran \u00e0 vos petits, emparez-vous de cet ouvrage ! Il vous entra\u00eenera dans les all\u00e9es de la classe de madame Salima, une ma\u00eetresse agr\u00e9able et attentionn\u00e9e qui accueillera votre enfant avec joie.<\/p>\n","protected":false},"featured_media":47509,"comment_status":"open","ping_status":"closed","template":"","meta":[],"product_brand":[],"product_cat":[15],"product_tag":[],"class_list":{"0":"post-47508","1":"product","2":"type-product","3":"status-publish","4":"has-post-thumbnail","6":"product_cat-non-classe","7":"pa_annee-381","8":"pa_auteur-irene-rekad-nicolas-julo","9":"pa_editeur-al-bouraq","10":"pa_format-19-x-19-cm","11":"pa_langue-francais","12":"pa_nombre-de-pages-1144","14":"first","15":"outofstock","16":"shipping-taxable","17":"purchasable","18":"product-type-simple"},"_links":{"self":[{"href":"https:\/\/lamaktaba.fr\/index.php\/wp-json\/wp\/v2\/product\/47508","targetHints":{"allow":["GET"]}}],"collection":[{"href":"https:\/\/lamaktaba.fr\/index.php\/wp-json\/wp\/v2\/product"}],"about":[{"href":"https:\/\/lamaktaba.fr\/index.php\/wp-json\/wp\/v2\/types\/product"}],"replies":[{"embeddable":true,"href":"https:\/\/lamaktaba.fr\/index.php\/wp-json\/wp\/v2\/comments?post=47508"}],"wp:featuredmedia":[{"embeddable":true,"href":"https:\/\/lamaktaba.fr\/index.php\/wp-json\/wp\/v2\/media\/47509"}],"wp:attachment":[{"href":"https:\/\/lamaktaba.fr\/index.php\/wp-json\/wp\/v2\/media?parent=47508"}],"wp:term":[{"taxonomy":"product_brand","embeddable":true,"href":"https:\/\/lamaktaba.fr\/index.php\/wp-json\/wp\/v2\/product_brand?post=47508"},{"taxonomy":"product_cat","embeddable":true,"href":"https:\/\/lamaktaba.fr\/index.php\/wp-json\/wp\/v2\/product_cat?post=47508"},{"taxonomy":"product_tag","embeddable":true,"href":"https:\/\/lamaktaba.fr\/index.php\/wp-json\/wp\/v2\/product_tag?post=47508"}],"curies":[{"name":"wp","href":"https:\/\/api.w.org\/{rel}","templated":true}]}}