{"id":47506,"date":"2022-01-24T20:47:30","date_gmt":"2022-01-24T19:47:30","guid":{"rendered":"https:\/\/lamaktaba.fr\/index.php\/produit\/les-moyens-utiles-pour-une-vie-heureuse-de-abd-ar-rahmane-as-sadi-bilingue-francais-arabe-2eme-edition\/"},"modified":"2025-04-01T12:45:07","modified_gmt":"2025-04-01T10:45:07","slug":"les-moyens-utiles-pour-une-vie-heureuse-de-abd-ar-rahmane-as-sadi-bilingue-francais-arabe-2eme-edition","status":"publish","type":"product","link":"https:\/\/lamaktaba.fr\/index.php\/produit\/les-moyens-utiles-pour-une-vie-heureuse-de-abd-ar-rahmane-as-sadi-bilingue-francais-arabe-2eme-edition","title":{"rendered":"Les moyens utiles pour une vie heureuse, de Abd Ar-Rahmane As-Sa&rsquo;di, Bilingue (Fran\u00e7ais &#8211; Arabe), 2\u00e8me \u00e9dition"},"content":{"rendered":"<p>Les moyens utiles pour une vie heureuse, de Cheikh &lsquo;Abd Ar-Rahm\u00e2ne Ibn N\u00e2sser As Sa&rsquo;di &#8211; \u0627\u0644\u0648\u0633\u0627\u0626\u0644 \u0627\u0644\u0645\u0641\u064a\u062f\u0629 \u0644\u0644\u062d\u064a\u0627\u0629 \u0627\u0644\u0633\u0639\u064a\u062f\u0629\u060c\u062a\u0623\u0644\u064a\u0641 \u0627\u0644\u0634\u064a\u062e \u0639\u0628\u062f \u0627\u0644\u0631\u062d\u0645\u0646 \u0628\u0646 \u0646\u0627\u0635\u0631 \u0627\u0644\u0633\u0639\u062f\u064a;Louange \u00e0 Allah, gr\u00e2ce \u00e0 Son bienfait, les bonnes \u0153uvres sont achev\u00e9es, louange \u00e0 Allah qui a facilit\u00e9 la r\u00e9\u00e9dition de ce livre excellent qui est, en effet, consid\u00e9r\u00e9 comme un rem\u00e8de contre les maladies psychologiques \u00e0 la lumi\u00e8re du Libre d\u2019Allah (le Coran) et de la Sunna du Proph\u00e8te (SWS) celui qui se cramponne fermement \u00e0 ces deux choses ne sera jamais \u00e9gar\u00e9 ni malheureux.;Je me suis efforc\u00e9 de corriger les erreurs du livre, de le collationner (c.\u00e0.d. comparer les diff\u00e9rentes versions existantes), d\u2019ajouter la num\u00e9rotation de ses versets coraniques et d\u2019authentifier la chaine la cha\u00eene de narration de ses hadiths proph\u00e9tiques.;Enfin, je demande \u00e0 Allah le G\u00e9n\u00e9reux, le Seigneur de l\u2019immense tr\u00f4ne, qu\u2019il rende ce livre profitable \u00e0 son auteur, son lecteur, son auditeur et son diffuseur. Il nous suffit, Il est notre meilleur garant, et in n\u2019y a de force ni puissance qu\u2019en Allah, le Tr\u00e8s Grand.;Et notre derni\u00e8re invocation est \u00ab Louange \u00e0 Allah, Seigneur de l\u2019Univers, Seigneur de l\u2019Univers \u00bb, et que les b\u00e9n\u00e9dictions et le salut d\u2019Allah soient sur la meilleur de Ses cr\u00e9atures et de Ses Proph\u00e8tes, Muhammad, sur sa famille, ses compagnons et sur ceux qui le suivent jusqu\u2019au jour de la r\u00e9surrection.<\/p>\n","protected":false},"excerpt":{"rendered":"<p>Les moyens utiles pour une vie heureuse, de Cheikh &lsquo;Abd Ar-Rahm\u00e2ne Ibn N\u00e2sser As Sa&rsquo;di &#8211; \u0627\u0644\u0648\u0633\u0627\u0626\u0644 \u0627\u0644\u0645\u0641\u064a\u062f\u0629 \u0644\u0644\u062d\u064a\u0627\u0629 \u0627\u0644\u0633\u0639\u064a\u062f\u0629\u060c\u062a\u0623\u0644\u064a\u0641 \u0627\u0644\u0634\u064a\u062e \u0639\u0628\u062f \u0627\u0644\u0631\u062d\u0645\u0646 \u0628\u0646 \u0646\u0627\u0635\u0631 \u0627\u0644\u0633\u0639\u062f\u064a;Louange \u00e0 Allah, gr\u00e2ce \u00e0 Son bienfait, les bonnes \u0153uvres sont achev\u00e9es, louange \u00e0 Allah qui a facilit\u00e9 la r\u00e9\u00e9dition de ce livre excellent qui est, en effet, consid\u00e9r\u00e9 comme [&hellip;]<\/p>\n","protected":false},"featured_media":47507,"comment_status":"open","ping_status":"closed","template":"","meta":[],"product_brand":[],"product_cat":[1921],"product_tag":[],"class_list":{"0":"post-47506","1":"product","2":"type-product","3":"status-publish","4":"has-post-thumbnail","6":"product_cat-exhortation","7":"pa_annee-440","8":"pa_auteur-cheikh-abd-ar-rahmane-ibn-nasser-as-sadi","9":"pa_editeur-ibn-badis","10":"pa_format-14-5-x-21-cm","11":"pa_langue-francais-arabe","12":"pa_nombre-de-pages-498","13":"pa_reliure-souple","15":"first","16":"instock","17":"shipping-taxable","18":"purchasable","19":"product-type-simple"},"_links":{"self":[{"href":"https:\/\/lamaktaba.fr\/index.php\/wp-json\/wp\/v2\/product\/47506","targetHints":{"allow":["GET"]}}],"collection":[{"href":"https:\/\/lamaktaba.fr\/index.php\/wp-json\/wp\/v2\/product"}],"about":[{"href":"https:\/\/lamaktaba.fr\/index.php\/wp-json\/wp\/v2\/types\/product"}],"replies":[{"embeddable":true,"href":"https:\/\/lamaktaba.fr\/index.php\/wp-json\/wp\/v2\/comments?post=47506"}],"wp:featuredmedia":[{"embeddable":true,"href":"https:\/\/lamaktaba.fr\/index.php\/wp-json\/wp\/v2\/media\/47507"}],"wp:attachment":[{"href":"https:\/\/lamaktaba.fr\/index.php\/wp-json\/wp\/v2\/media?parent=47506"}],"wp:term":[{"taxonomy":"product_brand","embeddable":true,"href":"https:\/\/lamaktaba.fr\/index.php\/wp-json\/wp\/v2\/product_brand?post=47506"},{"taxonomy":"product_cat","embeddable":true,"href":"https:\/\/lamaktaba.fr\/index.php\/wp-json\/wp\/v2\/product_cat?post=47506"},{"taxonomy":"product_tag","embeddable":true,"href":"https:\/\/lamaktaba.fr\/index.php\/wp-json\/wp\/v2\/product_tag?post=47506"}],"curies":[{"name":"wp","href":"https:\/\/api.w.org\/{rel}","templated":true}]}}