{"id":47500,"date":"2022-01-24T20:47:05","date_gmt":"2022-01-24T19:47:05","guid":{"rendered":"https:\/\/lamaktaba.fr\/index.php\/produit\/coran-tajwid-juzz-amma-hafs-grand-format\/"},"modified":"2025-04-01T12:43:14","modified_gmt":"2025-04-01T10:43:14","slug":"coran-tajwid-juzz-amma-hafs-grand-format","status":"publish","type":"product","link":"https:\/\/lamaktaba.fr\/index.php\/produit\/coran-tajwid-juzz-amma-hafs-grand-format","title":{"rendered":"Coran Tajwid &#8211; Juzz Amma &#8211; HAFS &#8211; Grand Format"},"content":{"rendered":"<p>\u0645\u0635\u062d\u0641 \u0627\u0644\u062a\u062c\u0648\u064a\u062f, \u0627\u0644\u0642\u0631\u0627\u0646 \u0627\u0644\u0643\u0631\u064a\u0645 \u062c\u0632\u0621 \u0639\u0645 \u060c \u0648 \u0639\u0644\u0649 \u0647\u0627\u0645\u0634\u0647 \u0643\u0644\u0645\u0627\u062a \u0627\u0644\u0642\u0631\u0622\u0646 \u062a\u0641\u0633\u064a\u0631 \u0648 \u0628\u064a\u0627\u0646.\u0628\u0631\u0648\u0627\u064a\u0629 \u062d\u0641\u0635 \u0639\u0646 \u0639\u0627\u0635\u0645 \u0628\u0627\u0644\u0631\u0633\u0645 \u0627\u0644\u0639\u062b\u0645\u0627\u0646\u064a;\u0645\u0635\u062d\u0641 \u0627\u0644\u062a\u062c\u0648\u064a\u062f \u0628\u0627\u0633\u062a\u062e\u062f\u0627\u0645 \u0627\u0644\u0644\u0648\u0646 \u0627\u0644\u0645\u0631\u0645\u0632 \u0632\u0645\u0646\u064a\u0627 \u0641\u064a \u062a\u062f\u0648\u064a\u0646 \u0627\u0644\u0623\u062d\u0631\u0641 \u0627\u0644\u062e\u0627\u0636\u0639\u0629 \u0644\u0623\u062d\u0643\u0627\u0645 \u0627\u0644\u062a\u062c\u0648\u064a\u062f\u060c \u0628\u062b\u0644\u0627\u062b\u0629 \u0623\u0644\u0648\u0627\u0646 \u0631\u0626\u064a\u0633\u064a\u0629 (\u0623\u062d\u0645\u0631\u060c \u0623\u062e\u0636\u0631\u060c \u0623\u0632\u0631\u0642) (\u0628\u064a\u0646\u0645\u0627 \u0627\u0644\u0644\u0648\u0646 \u0627\u0644\u0631\u0645\u0627\u062f\u064a \u0644\u0627 \u064a\u0644\u0641\u0638);\u0623\u0646\u062c\u0632 \u0647\u0630\u0627 \u0627\u0644\u0645\u0635\u062d\u0641 \u0627\u0644\u0634\u0631\u064a\u0641 \u0644\u064a\u0639\u064a\u0646 \u0642\u0627\u0631\u0626 \u0627\u0644\u0642\u0631\u0622\u0646 \u0627\u0644\u0643\u0631\u064a\u0645 \u0641\u064a \u0625\u0644\u062a\u0632\u0627\u0645\u0647 \u0628\u0623\u062d\u0643\u0627\u0645 \u0627\u0644\u062a\u062c\u0648\u064a\u062f \u0623\u062b\u0646\u0627\u0621 \u0627\u0644\u062a\u0644\u0627\u0648\u0629\u060c \u0639\u0644\u0649 \u0645\u0627 \u064a\u0648\u0627\u0641\u0642 \u0631\u0648\u0627\u064a\u0629 \u062d\u0641\u0635 \u0628\u0646 \u0633\u0644\u064a\u0645\u0627\u0646 \u0628\u0646 \u0627\u0644\u0645\u063a\u064a\u0631\u0629 \u0627\u0644\u0623\u0633\u062f\u064a \u0627\u0644\u0643\u0648\u0641\u064a \u0644\u0642\u0631\u0627\u0621\u0629 \u0639\u0627\u0635\u0645 \u0628\u0646 \u0623\u0628\u064a \u0627\u0644\u0646\u062c\u0648\u062f \u0627\u0644\u0643\u0648\u0641\u064a \u0627\u0644\u062a\u0627\u0628\u0639\u064a \u0639\u0646 \u0623\u0628\u064a \u0639\u0628\u062f \u0627\u0644\u0631\u062d\u0645\u0646 \u0639\u0628\u062f \u0627\u0644\u0644\u0647 \u0628\u0646 \u062d\u0628\u064a\u0628 \u0627\u0644\u0633\u0644\u0645\u064a \u0639\u0646 \u0639\u062b\u0645\u0627\u0646 \u0628\u0646 \u0639\u0641\u0627\u0646 \u0648 \u0639\u0644\u064a \u0628\u0646 \u0623\u0628\u064a \u0637\u0627\u0644\u0628 \u0648 \u0632\u064a\u062f \u0628\u0646 \u062b\u0627\u0628\u062a \u0648 \u0623\u0628\u064a \u0628\u0646 \u0643\u0639\u0628 \u0639\u0646 \u0627\u0644\u0646\u0628\u064a \u0645\u062d\u0645\u062f \u0635\u0644\u0649 \u0627\u0644\u0644\u0647 \u0639\u0644\u064a\u0647 \u0648 \u0633\u0644\u0645;\u0646\u0627\u0644 \u0639\u0644\u0649 \u0639\u062f\u0629 \u062c\u0648\u0627\u0626\u0632;Mushaf Tajwid, chapitres &lsquo;Amma, Version Arabe;Mushaf Tajweed: Le Saint Coran avec les r\u00e8gles de Tajwid, et explication de ses termes dificilles sur la marge, Lecture Hafs d&rsquo;apr\u00e9s &lsquo;Assim, la concordance avec le Rasm Al Othmani, Codification color\u00e9e pour faciliter la psalmodie du Coran (On donne \u00e0 la lettre une couleur pour indiquer la r\u00e8gle de r\u00e9citation \u00e0 appliquer (Rouge, Vert, Bleu, Gris), tr\u00e9s grand format (24.5 x 33.5 cm), Couverture couleur Vert;Ce livre contient Juz &lsquo;Amma (dernier chapitre du Coran) pr\u00e9c\u00e9d\u00e9 par sourate Al-Fatiha. \u00c9crit en tr\u00e8s grandes lettres, l&rsquo;\u00e9criture est alors tr\u00e8s claire et lisible, ce qui permet de faciliter la lecture au debutants. Juzz &lsquo;Amma comprend 37 petites sourates, de la sourate An-Naba (78) jusqu&rsquo;\u00e0 la sourate An-Nas (114);Juz &lsquo;Amma contient les sourates suivantes;78- An-Naba (La nouvelle);79- An-Nazi&rsquo;at (Les anges qui arrachent les \u00e2mes);80- &lsquo;Abasa (Il s&rsquo;est renfrogn\u00e9);81- At-Takweer (L&rsquo;obscursissement);82- Al Infitar (La rupture);83- Al Mutaffifin (Les fraudeurs);84- Al Inshiqaq (La d\u00e9chirure);85- Al Buruj (Les constellations);86- At-Tariq (L&rsquo;astre nocturne);87- Al A&rsquo;la (Le Tr\u00e8s-Haut);88- Al Ghashiya (L&rsquo;enveloppante);89- al Fajr (L&rsquo;aube);90- Al Balad (La cit\u00e9);91- Ash-Shams (Le soleil);92- Al Layl (La nuit);93- Ad-Duha (Le jour montante);94- Ash-Sharh (L&rsquo;ouverture);95- At-Teen (Le figuier);96- Al &lsquo;Alaq (L&rsquo;adh\u00e9rence);97- Al Qadr (La destin\u00e9e);98- Al Bayyina (La preuve);99- Al Zalzala (La secousse);100- Al &lsquo;adiyat (Les coursiers);101- Al Qari&rsquo;a (Le fracas);102- At-Takathur (La course aux richesses);103- Al &lsquo;Asr (Le temps);104- Al Humaza (Les calomniateurs);105- Al Fil (L&rsquo;\u00e9l\u00e9phant);106- Quraysh (Les Quraysh);107- Al Ma&rsquo;un (L&rsquo;ustensile);108- Al Kawthar (L&rsquo;abondance);109- Al kafiroon (Les infid\u00e8les);110- An-Nasr (Le secours);111- Al Masad (Les fibres);112- Al Ikhlas (Le monoth\u00e9isme pur);113- Al Falaq (L&rsquo;aube naissante);114- An-Nas (Les gens)<\/p>\n","protected":false},"excerpt":{"rendered":"<p>\u0645\u0635\u062d\u0641 \u0627\u0644\u062a\u062c\u0648\u064a\u062f, \u0627\u0644\u0642\u0631\u0627\u0646 \u0627\u0644\u0643\u0631\u064a\u0645 \u062c\u0632\u0621 \u0639\u0645 \u060c \u0648 \u0639\u0644\u0649 \u0647\u0627\u0645\u0634\u0647 \u0643\u0644\u0645\u0627\u062a \u0627\u0644\u0642\u0631\u0622\u0646 \u062a\u0641\u0633\u064a\u0631 \u0648 \u0628\u064a\u0627\u0646.\u0628\u0631\u0648\u0627\u064a\u0629 \u062d\u0641\u0635 \u0639\u0646 \u0639\u0627\u0635\u0645 \u0628\u0627\u0644\u0631\u0633\u0645 \u0627\u0644\u0639\u062b\u0645\u0627\u0646\u064a;\u0645\u0635\u062d\u0641 \u0627\u0644\u062a\u062c\u0648\u064a\u062f \u0628\u0627\u0633\u062a\u062e\u062f\u0627\u0645 \u0627\u0644\u0644\u0648\u0646 \u0627\u0644\u0645\u0631\u0645\u0632 \u0632\u0645\u0646\u064a\u0627 \u0641\u064a \u062a\u062f\u0648\u064a\u0646 \u0627\u0644\u0623\u062d\u0631\u0641 \u0627\u0644\u062e\u0627\u0636\u0639\u0629 \u0644\u0623\u062d\u0643\u0627\u0645 \u0627\u0644\u062a\u062c\u0648\u064a\u062f\u060c \u0628\u062b\u0644\u0627\u062b\u0629 \u0623\u0644\u0648\u0627\u0646 \u0631\u0626\u064a\u0633\u064a\u0629 (\u0623\u062d\u0645\u0631\u060c \u0623\u062e\u0636\u0631\u060c \u0623\u0632\u0631\u0642) (\u0628\u064a\u0646\u0645\u0627 \u0627\u0644\u0644\u0648\u0646 \u0627\u0644\u0631\u0645\u0627\u062f\u064a \u0644\u0627 \u064a\u0644\u0641\u0638);\u0623\u0646\u062c\u0632 \u0647\u0630\u0627 \u0627\u0644\u0645\u0635\u062d\u0641 \u0627\u0644\u0634\u0631\u064a\u0641 \u0644\u064a\u0639\u064a\u0646 \u0642\u0627\u0631\u0626 \u0627\u0644\u0642\u0631\u0622\u0646 \u0627\u0644\u0643\u0631\u064a\u0645 \u0641\u064a \u0625\u0644\u062a\u0632\u0627\u0645\u0647 \u0628\u0623\u062d\u0643\u0627\u0645 \u0627\u0644\u062a\u062c\u0648\u064a\u062f \u0623\u062b\u0646\u0627\u0621 \u0627\u0644\u062a\u0644\u0627\u0648\u0629\u060c [&hellip;]<\/p>\n","protected":false},"featured_media":47501,"comment_status":"open","ping_status":"closed","template":"","meta":[],"product_brand":[],"product_cat":[15],"product_tag":[],"class_list":{"0":"post-47500","1":"product","2":"type-product","3":"status-publish","4":"has-post-thumbnail","6":"product_cat-non-classe","7":"pa_annee-378","8":"pa_auteur-1698","9":"pa_editeur---dar-al-marifa-2","10":"pa_format-24-5-x-33-5-cm","11":"pa_langue-arabe-","12":"pa_nombre-de-pages-1679","13":"pa_reliure-souple","15":"first","16":"outofstock","17":"shipping-taxable","18":"purchasable","19":"product-type-simple"},"_links":{"self":[{"href":"https:\/\/lamaktaba.fr\/index.php\/wp-json\/wp\/v2\/product\/47500","targetHints":{"allow":["GET"]}}],"collection":[{"href":"https:\/\/lamaktaba.fr\/index.php\/wp-json\/wp\/v2\/product"}],"about":[{"href":"https:\/\/lamaktaba.fr\/index.php\/wp-json\/wp\/v2\/types\/product"}],"replies":[{"embeddable":true,"href":"https:\/\/lamaktaba.fr\/index.php\/wp-json\/wp\/v2\/comments?post=47500"}],"wp:featuredmedia":[{"embeddable":true,"href":"https:\/\/lamaktaba.fr\/index.php\/wp-json\/wp\/v2\/media\/47501"}],"wp:attachment":[{"href":"https:\/\/lamaktaba.fr\/index.php\/wp-json\/wp\/v2\/media?parent=47500"}],"wp:term":[{"taxonomy":"product_brand","embeddable":true,"href":"https:\/\/lamaktaba.fr\/index.php\/wp-json\/wp\/v2\/product_brand?post=47500"},{"taxonomy":"product_cat","embeddable":true,"href":"https:\/\/lamaktaba.fr\/index.php\/wp-json\/wp\/v2\/product_cat?post=47500"},{"taxonomy":"product_tag","embeddable":true,"href":"https:\/\/lamaktaba.fr\/index.php\/wp-json\/wp\/v2\/product_tag?post=47500"}],"curies":[{"name":"wp","href":"https:\/\/api.w.org\/{rel}","templated":true}]}}