{"id":47493,"date":"2022-01-24T20:46:59","date_gmt":"2022-01-24T19:46:59","guid":{"rendered":"https:\/\/lamaktaba.fr\/index.php\/produit\/dentifrice-a-base-de-clou-de-girofle\/"},"modified":"2025-04-01T12:47:47","modified_gmt":"2025-04-01T10:47:47","slug":"dentifrice-a-base-de-clou-de-girofle","status":"publish","type":"product","link":"https:\/\/lamaktaba.fr\/index.php\/produit\/dentifrice-a-base-de-clou-de-girofle","title":{"rendered":"Dentifrice \u00e0 base de Clou de Girofle"},"content":{"rendered":"<p>Ce gel dentaire formul\u00e9 naturellement contient de l&rsquo;eug\u00e9nol organique ainsi que des extraits de clou de girofle, extr\u00eamement utiles contre l&rsquo;\u00e9limination des t\u00e2ches des plaques dentaires, de tartres et toute trace de tabac sur vos dents.;Ce dentifrice est \u00e9galement utile pour lutter contre la mauvaise haleine et le saignement des gencives (pyorrh\u00e9e).;Mode d&#8217;emplois: Se brosser les dents pendant 3 minutes puis se rincer la bouche avec de l&rsquo;eau ti\u00e8de pour de meilleurs r\u00e9sultats. Les enfants de moins;de 5 ans devront se brosser sous la surveillance d&rsquo;un adulte. Il est recommand\u00e9 de se brosser sous la surveillance d&rsquo;un adulte. Il est recommand\u00e9 de se brosser les dents deux fois par jour.<\/p>\n","protected":false},"excerpt":{"rendered":"<p>Ce gel dentaire formul\u00e9 naturellement contient de l&rsquo;eug\u00e9nol organique ainsi que des extraits de clou de girofle, extr\u00eamement utiles contre l&rsquo;\u00e9limination des t\u00e2ches des plaques dentaires, de tartres et toute trace de tabac sur vos dents.;Ce dentifrice est \u00e9galement utile pour lutter contre la mauvaise haleine et le saignement des gencives (pyorrh\u00e9e).;Mode d&#8217;emplois: Se brosser [&hellip;]<\/p>\n","protected":false},"featured_media":47494,"comment_status":"open","ping_status":"closed","template":"","meta":[],"product_brand":[],"product_cat":[131,130],"product_tag":[],"class_list":{"0":"post-47493","1":"product","2":"type-product","3":"status-publish","4":"has-post-thumbnail","6":"product_cat-beaute-soins-naturels-cosmetique","7":"product_cat-cosmetique","9":"first","10":"outofstock","11":"shipping-taxable","12":"purchasable","13":"product-type-simple"},"_links":{"self":[{"href":"https:\/\/lamaktaba.fr\/index.php\/wp-json\/wp\/v2\/product\/47493","targetHints":{"allow":["GET"]}}],"collection":[{"href":"https:\/\/lamaktaba.fr\/index.php\/wp-json\/wp\/v2\/product"}],"about":[{"href":"https:\/\/lamaktaba.fr\/index.php\/wp-json\/wp\/v2\/types\/product"}],"replies":[{"embeddable":true,"href":"https:\/\/lamaktaba.fr\/index.php\/wp-json\/wp\/v2\/comments?post=47493"}],"wp:featuredmedia":[{"embeddable":true,"href":"https:\/\/lamaktaba.fr\/index.php\/wp-json\/wp\/v2\/media\/47494"}],"wp:attachment":[{"href":"https:\/\/lamaktaba.fr\/index.php\/wp-json\/wp\/v2\/media?parent=47493"}],"wp:term":[{"taxonomy":"product_brand","embeddable":true,"href":"https:\/\/lamaktaba.fr\/index.php\/wp-json\/wp\/v2\/product_brand?post=47493"},{"taxonomy":"product_cat","embeddable":true,"href":"https:\/\/lamaktaba.fr\/index.php\/wp-json\/wp\/v2\/product_cat?post=47493"},{"taxonomy":"product_tag","embeddable":true,"href":"https:\/\/lamaktaba.fr\/index.php\/wp-json\/wp\/v2\/product_tag?post=47493"}],"curies":[{"name":"wp","href":"https:\/\/api.w.org\/{rel}","templated":true}]}}