{"id":47484,"date":"2022-01-24T20:46:44","date_gmt":"2022-01-24T19:46:44","guid":{"rendered":"https:\/\/lamaktaba.fr\/index.php\/produit\/comment-jai-connu-allah-abd-ar-rahman-as-sadi-livre\/"},"modified":"2025-04-01T12:45:11","modified_gmt":"2025-04-01T10:45:11","slug":"comment-jai-connu-allah-abd-ar-rahman-as-sadi-livre","status":"publish","type":"product","link":"https:\/\/lamaktaba.fr\/index.php\/produit\/comment-jai-connu-allah-abd-ar-rahman-as-sadi-livre","title":{"rendered":"Comment j&rsquo;ai connu Allah? &#8211; &lsquo;Abd Ar-Rahman As-Sa&rsquo;d\u00ee &#8211; Livre"},"content":{"rendered":"<p>Des arguments rationnels qui convaincront toute personne sens\u00e9e et impartiale de l&rsquo;existence d&rsquo;Allah.;Notre but sera ici d&rsquo;\u00e9voquer les arguments rationnels qui convainquent toute personne sens\u00e9e et impartiale et que seuls les orgueilleux de mauvaise foi refuseront de reconna\u00eetre.;Le fait qu&rsquo;Allah soit le Seigneur \u00e0 adorer tombe sous le sens, n\u00e9anmoins plus le croyant en conna\u00eet les arguments plus ce principe s&rsquo;enracine dans son c\u0153ur, plus sa foi et sa conviction se raffermissent. Il se met ainsi \u00e0 louer Allah pour cette faveur qui est la plus grande des faveurs qui puissent exister.<\/p>\n","protected":false},"excerpt":{"rendered":"<p>Des arguments rationnels qui convaincront toute personne sens\u00e9e et impartiale de l&rsquo;existence d&rsquo;Allah.;Notre but sera ici d&rsquo;\u00e9voquer les arguments rationnels qui convainquent toute personne sens\u00e9e et impartiale et que seuls les orgueilleux de mauvaise foi refuseront de reconna\u00eetre.;Le fait qu&rsquo;Allah soit le Seigneur \u00e0 adorer tombe sous le sens, n\u00e9anmoins plus le croyant en conna\u00eet [&hellip;]<\/p>\n","protected":false},"featured_media":47485,"comment_status":"open","ping_status":"closed","template":"","meta":[],"product_brand":[],"product_cat":[15],"product_tag":[],"class_list":{"0":"post-47484","1":"product","2":"type-product","3":"status-publish","4":"has-post-thumbnail","6":"product_cat-non-classe","7":"pa_auteur-abd-ar-rahman-as-sadi","8":"pa_editeur-dar-al-muslim","9":"pa_format-broche-12-x-17-cm-format-poche","10":"pa_langue-francais","11":"pa_nombre-de-pages-599","13":"first","14":"instock","15":"shipping-taxable","16":"purchasable","17":"product-type-simple"},"_links":{"self":[{"href":"https:\/\/lamaktaba.fr\/index.php\/wp-json\/wp\/v2\/product\/47484","targetHints":{"allow":["GET"]}}],"collection":[{"href":"https:\/\/lamaktaba.fr\/index.php\/wp-json\/wp\/v2\/product"}],"about":[{"href":"https:\/\/lamaktaba.fr\/index.php\/wp-json\/wp\/v2\/types\/product"}],"replies":[{"embeddable":true,"href":"https:\/\/lamaktaba.fr\/index.php\/wp-json\/wp\/v2\/comments?post=47484"}],"wp:featuredmedia":[{"embeddable":true,"href":"https:\/\/lamaktaba.fr\/index.php\/wp-json\/wp\/v2\/media\/47485"}],"wp:attachment":[{"href":"https:\/\/lamaktaba.fr\/index.php\/wp-json\/wp\/v2\/media?parent=47484"}],"wp:term":[{"taxonomy":"product_brand","embeddable":true,"href":"https:\/\/lamaktaba.fr\/index.php\/wp-json\/wp\/v2\/product_brand?post=47484"},{"taxonomy":"product_cat","embeddable":true,"href":"https:\/\/lamaktaba.fr\/index.php\/wp-json\/wp\/v2\/product_cat?post=47484"},{"taxonomy":"product_tag","embeddable":true,"href":"https:\/\/lamaktaba.fr\/index.php\/wp-json\/wp\/v2\/product_tag?post=47484"}],"curies":[{"name":"wp","href":"https:\/\/api.w.org\/{rel}","templated":true}]}}