{"id":47,"date":"2020-02-03T10:00:00","date_gmt":"2020-02-03T09:00:00","guid":{"rendered":"https:\/\/lamaktaba.fr\/index.php\/produit\/le-coffret-des-bonnes-manieres-jeu-educatif\/"},"modified":"2025-04-01T12:43:19","modified_gmt":"2025-04-01T10:43:19","slug":"le-coffret-des-bonnes-manieres-jeu-educatif","status":"publish","type":"product","link":"https:\/\/lamaktaba.fr\/index.php\/produit\/le-coffret-des-bonnes-manieres-jeu-educatif","title":{"rendered":"Le coffret des bonnes mani\u00e8res &#8211; Jeu \u00e9ducatif"},"content":{"rendered":"<p>Le coffret des bonnes mani\u00e8res &#8211; Jeu;Le Coffret des bonnes mani\u00e8res illustre, dans un contexte ludique, la noblesse des valeurs de l&rsquo;islam au travers de trois jeux exaltants, reproduisant une vari\u00e9t\u00e9 de sc\u00e8nes et de situations du quotidien.;V\u00e9ritable support p\u00e9dagogique, le Coffret des bonnes mani\u00e8res initiera votre enfant aux vertus du bon comportement en s\u2019inspirant de la vie du plus noble mod\u00e8le de moralit\u00e9, le Proph\u00e8te Mouhammad (swt).;Contenu: 54 cartes illustr\u00e9es, un carnet de notice contenant les r\u00e9f\u00e9rences islamiques issues du Coran et de la Sounna de chaque carte.;***;***<\/p>\n","protected":false},"excerpt":{"rendered":"<p>Le coffret des bonnes mani\u00e8res &#8211; Jeu;Le Coffret des bonnes mani\u00e8res illustre, dans un contexte ludique, la noblesse des valeurs de l&rsquo;islam au travers de trois jeux exaltants, reproduisant une vari\u00e9t\u00e9 de sc\u00e8nes et de situations du quotidien.;V\u00e9ritable support p\u00e9dagogique, le Coffret des bonnes mani\u00e8res initiera votre enfant aux vertus du bon comportement en s\u2019inspirant de la vie du plus noble mod\u00e8le de moralit\u00e9, le Proph\u00e8te Mouhammad (swt).;Contenu: 54 cartes illustr\u00e9es, un carnet de notice contenant les r\u00e9f\u00e9rences islamiques issues du Coran et de la Sounna de chaque carte.;***;***<\/p>\n","protected":false},"featured_media":4489,"comment_status":"open","ping_status":"closed","template":"","meta":[],"product_brand":[],"product_cat":[15],"product_tag":[],"class_list":{"0":"post-47","1":"product","2":"type-product","3":"status-publish","4":"has-post-thumbnail","6":"product_cat-non-classe","7":"pa_annee-451","8":"pa_editeur-learning-roots","10":"first","11":"outofstock","12":"shipping-taxable","13":"purchasable","14":"product-type-simple"},"_links":{"self":[{"href":"https:\/\/lamaktaba.fr\/index.php\/wp-json\/wp\/v2\/product\/47","targetHints":{"allow":["GET"]}}],"collection":[{"href":"https:\/\/lamaktaba.fr\/index.php\/wp-json\/wp\/v2\/product"}],"about":[{"href":"https:\/\/lamaktaba.fr\/index.php\/wp-json\/wp\/v2\/types\/product"}],"replies":[{"embeddable":true,"href":"https:\/\/lamaktaba.fr\/index.php\/wp-json\/wp\/v2\/comments?post=47"}],"wp:featuredmedia":[{"embeddable":true,"href":"https:\/\/lamaktaba.fr\/index.php\/wp-json\/wp\/v2\/media\/4489"}],"wp:attachment":[{"href":"https:\/\/lamaktaba.fr\/index.php\/wp-json\/wp\/v2\/media?parent=47"}],"wp:term":[{"taxonomy":"product_brand","embeddable":true,"href":"https:\/\/lamaktaba.fr\/index.php\/wp-json\/wp\/v2\/product_brand?post=47"},{"taxonomy":"product_cat","embeddable":true,"href":"https:\/\/lamaktaba.fr\/index.php\/wp-json\/wp\/v2\/product_cat?post=47"},{"taxonomy":"product_tag","embeddable":true,"href":"https:\/\/lamaktaba.fr\/index.php\/wp-json\/wp\/v2\/product_tag?post=47"}],"curies":[{"name":"wp","href":"https:\/\/api.w.org\/{rel}","templated":true}]}}