{"id":45902,"date":"2021-11-26T15:58:08","date_gmt":"2021-11-26T14:58:08","guid":{"rendered":"https:\/\/lamaktaba.fr\/?post_type=product&#038;p=45902"},"modified":"2023-05-16T16:02:26","modified_gmt":"2023-05-16T14:02:26","slug":"coffret-rose-prestige-tapis-grand-coran-calendrier-365-rappels-marque-page","status":"publish","type":"product","link":"https:\/\/lamaktaba.fr\/index.php\/produit\/coffret-rose-prestige-tapis-grand-coran-calendrier-365-rappels-marque-page","title":{"rendered":"Coffret rose \u00ab\u00a0Prestige\u00a0\u00bb (Tapis, Grand coran, Calendrier 365 rappels, marque page)"},"content":{"rendered":"<p>Voici une super id\u00e9e de pack cadeaux sur le th\u00e8me islam pour les femmes. Pour une m\u00e8re, une s\u0153ur ou l\u2019\u00e9pouse et pour diff\u00e9rents types d\u2019occasions (f\u00eates, mariages, etc.). Ce coffret cadeau ne passera pas inaper\u00e7u et r\u00e9jouira certainement la personne qui le recevra.<\/p>\n<h1 class=\"product_title entry-title\" data-sanitized-data-mce-fragment=\"1\"><span data-sanitized-data-mce-fragment=\"1\">Cette box est compos\u00e9e :<\/span><\/h1>\n<ul>\n<li>Le Noble Coran Grand format\u2013 Bilingue (fran\u00e7ais\/arabe) \u2013 Couleur rose.<\/li>\n<li>Calendrier 365 rappels coraniques, un rappel par jour qui vous lie \u00e0 Allah toute l&rsquo;ann\u00e9e.<\/li>\n<li>Tapis de pri\u00e8re \u00e9pais pour femmes en velours \u2013 Qualit\u00e9 sup\u00e9rieur<\/li>\n<li>Un marque page dor\u00e9<\/li>\n<\/ul>\n","protected":false},"excerpt":{"rendered":"<h1 class=\"product_title entry-title\" data-sanitized-data-mce-fragment=\"1\"><span data-sanitized-data-mce-fragment=\"1\"><span style=\"vertical-align: inherit\"><span style=\"vertical-align: inherit\"><span style=\"vertical-align: inherit\"><span style=\"vertical-align: inherit\"><span style=\"vertical-align: inherit\"><span style=\"vertical-align: inherit\">Cette box est compos\u00e9e :<\/span><\/span><\/span><\/span><\/span><\/span><\/span><\/h1>\n<ul>\n<li><span style=\"vertical-align: inherit\"><span style=\"vertical-align: inherit\"><span style=\"vertical-align: inherit\"><span style=\"vertical-align: inherit\"><span style=\"vertical-align: inherit\"><span style=\"vertical-align: inherit\"><span style=\"vertical-align: inherit\"><span style=\"vertical-align: inherit\"><span style=\"vertical-align: inherit\"><span style=\"vertical-align: inherit\">Le Noble Coran Grand format\u2013 Bilingue (fran\u00e7ais\/arabe) \u2013 Couleur rose.<\/span><\/span><\/span><\/span><\/span><\/span><\/span><\/span><\/span><\/span><\/li>\n<li><span style=\"vertical-align: inherit\"><span style=\"vertical-align: inherit\"><span style=\"vertical-align: inherit\"><span style=\"vertical-align: inherit\"><span style=\"vertical-align: inherit\"><span style=\"vertical-align: inherit\"><span style=\"vertical-align: inherit\"><span style=\"vertical-align: inherit\">Calendrier 365 rappels coraniques, un rappel par jour qui vous lie \u00e0 Allah toute l&rsquo;ann\u00e9e.<\/span><\/span><\/span><\/span><\/span><\/span><\/span><\/span><\/li>\n<li><span style=\"vertical-align: inherit\"><span style=\"vertical-align: inherit\"><span style=\"vertical-align: inherit\"><span style=\"vertical-align: inherit\"><span style=\"vertical-align: inherit\"><span style=\"vertical-align: inherit\"><span style=\"vertical-align: inherit\"><span style=\"vertical-align: inherit\"><span style=\"vertical-align: inherit\"><span style=\"vertical-align: inherit\">Tapis de pri\u00e8re \u00e9pais pour femmes en velours \u2013 Qualit\u00e9 sup\u00e9rieur<\/span><\/span><\/span><\/span><\/span><\/span><\/span><\/span><\/span><\/span><\/li>\n<li><span style=\"vertical-align: inherit\"><span style=\"vertical-align: inherit\"><span style=\"vertical-align: inherit\"><span style=\"vertical-align: inherit\"><span style=\"vertical-align: inherit\"><span style=\"vertical-align: inherit\"><span style=\"vertical-align: inherit\"><span style=\"vertical-align: inherit\"><span style=\"vertical-align: inherit\"><span style=\"vertical-align: inherit\">Un marque page dor\u00e9<\/span><\/span><\/span><\/span><\/span><\/span><\/span><\/span><\/span><\/span><\/li>\n<\/ul>\n","protected":false},"featured_media":45904,"comment_status":"open","ping_status":"closed","template":"","meta":[],"product_brand":[],"product_cat":[1518,1522],"product_tag":[],"class_list":{"0":"post-45902","1":"product","2":"type-product","3":"status-publish","4":"has-post-thumbnail","6":"product_cat-coffrets-cadeaux","7":"product_cat-coffrets-cadeaux-femmes","9":"first","10":"instock","11":"shipping-taxable","12":"purchasable","13":"product-type-woosb"},"_links":{"self":[{"href":"https:\/\/lamaktaba.fr\/index.php\/wp-json\/wp\/v2\/product\/45902","targetHints":{"allow":["GET"]}}],"collection":[{"href":"https:\/\/lamaktaba.fr\/index.php\/wp-json\/wp\/v2\/product"}],"about":[{"href":"https:\/\/lamaktaba.fr\/index.php\/wp-json\/wp\/v2\/types\/product"}],"replies":[{"embeddable":true,"href":"https:\/\/lamaktaba.fr\/index.php\/wp-json\/wp\/v2\/comments?post=45902"}],"wp:featuredmedia":[{"embeddable":true,"href":"https:\/\/lamaktaba.fr\/index.php\/wp-json\/wp\/v2\/media\/45904"}],"wp:attachment":[{"href":"https:\/\/lamaktaba.fr\/index.php\/wp-json\/wp\/v2\/media?parent=45902"}],"wp:term":[{"taxonomy":"product_brand","embeddable":true,"href":"https:\/\/lamaktaba.fr\/index.php\/wp-json\/wp\/v2\/product_brand?post=45902"},{"taxonomy":"product_cat","embeddable":true,"href":"https:\/\/lamaktaba.fr\/index.php\/wp-json\/wp\/v2\/product_cat?post=45902"},{"taxonomy":"product_tag","embeddable":true,"href":"https:\/\/lamaktaba.fr\/index.php\/wp-json\/wp\/v2\/product_tag?post=45902"}],"curies":[{"name":"wp","href":"https:\/\/api.w.org\/{rel}","templated":true}]}}