{"id":45646,"date":"2021-11-14T14:09:18","date_gmt":"2021-11-14T13:09:18","guid":{"rendered":"https:\/\/lamaktaba.fr\/?post_type=product&#038;p=45646"},"modified":"2023-05-25T19:42:39","modified_gmt":"2023-05-25T17:42:39","slug":"coffret-noir-mohammed-tapis-coran-chapitre-amma-citadelle-parfum-musc-marque-page","status":"publish","type":"product","link":"https:\/\/lamaktaba.fr\/index.php\/produit\/coffret-noir-mohammed-tapis-coran-chapitre-amma-citadelle-parfum-musc-marque-page","title":{"rendered":"Coffret noir Luxe &#8211; Tapis, Coran, Chapitre Amma, Citadelle, Parfum, Musc, Marque page,"},"content":{"rendered":"<p><span style=\"vertical-align: inherit\"><span style=\"vertical-align: inherit\">Quoi de plus beau que de se renforcer gr\u00e2ce au Coran et \u00e0 la Sunna\u00a0? Ce cadeau musulman \u00e9l\u00e9gance noir dor\u00e9 propose tout ce dont vous aurez besoin. Pour vous, pour un p\u00e8re, un \u00e9poux ou encore un fr\u00e8re ou un ami, c\u2019est le cadeau id\u00e9al mariant religion, luxe et beaut\u00e9.<\/span><\/span><\/p>\n<h1 class=\"product_title entry-title\" data-sanitized-data-mce-fragment=\"1\"><span data-sanitized-data-mce-fragment=\"1\"><span style=\"vertical-align: inherit\"><span style=\"vertical-align: inherit\">Cette box est compos\u00e9e de :<\/span><\/span><\/span><\/h1>\n<ul>\n<li style=\"font-weight: 400\"><span style=\"font-weight: 400\"><span style=\"vertical-align: inherit\"><span style=\"vertical-align: inherit\">Marque page dor\u00e9\u00a0<\/span><\/span><\/span><\/li>\n<li style=\"font-weight: 400\"><span style=\"font-weight: 400\"><span style=\"vertical-align: inherit\"><span style=\"vertical-align: inherit\">Un Coran noir avec dorure OU noir intense (Arabe \/ Fran\u00e7ais)\u00a0<\/span><\/span><\/span><\/li>\n<li style=\"font-weight: 400\"><span style=\"font-weight: 400\"><span style=\"vertical-align: inherit\"><span style=\"vertical-align: inherit\">Un parfum 50ml (variable<\/span><\/span><\/span><\/li>\n<li><span style=\"vertical-align: inherit\"><span style=\"vertical-align: inherit\">Musc <\/span><\/span><span style=\"font-weight: 400\"><span style=\"vertical-align: inherit\"><span style=\"vertical-align: inherit\">\u00a0Al Nabil\u00a0<\/span><\/span><\/span><\/li>\n<li style=\"font-weight: 400\"><span style=\"vertical-align: inherit\"><span style=\"vertical-align: inherit\">Une citadelle noir dor\u00e9<\/span><\/span><\/li>\n<li><span style=\"vertical-align: inherit\"><span style=\"vertical-align: inherit\">Chapitre Amma noir dor\u00e9<\/span><\/span><\/li>\n<li><span style=\"vertical-align: inherit\"><span style=\"vertical-align: inherit\">Un tapis noir uni (personnalisable)<\/span><\/span><\/li>\n<\/ul>\n","protected":false},"excerpt":{"rendered":"<p>Quoi de plus beau que de se renforcer gr\u00e2ce au Coran et \u00e0 la Sunna\u00a0? Ce cadeau musulman \u00e9l\u00e9gance noir dor\u00e9 propose tout ce dont vous aurez besoin. Pour vous, pour un p\u00e8re, un \u00e9poux ou encore un fr\u00e8re ou un ami, c\u2019est le cadeau id\u00e9al mariant religion, luxe et beaut\u00e9. Cette box est compos\u00e9e [&hellip;]<\/p>\n","protected":false},"featured_media":45649,"comment_status":"open","ping_status":"closed","template":"","meta":[],"product_brand":[],"product_cat":[15,1518,1521],"product_tag":[],"class_list":{"0":"post-45646","1":"product","2":"type-product","3":"status-publish","4":"has-post-thumbnail","6":"product_cat-non-classe","7":"product_cat-coffrets-cadeaux","8":"product_cat-coffrets-cadeaux-hommes","10":"first","11":"instock","12":"shipping-taxable","13":"purchasable","14":"product-type-variable"},"_links":{"self":[{"href":"https:\/\/lamaktaba.fr\/index.php\/wp-json\/wp\/v2\/product\/45646","targetHints":{"allow":["GET"]}}],"collection":[{"href":"https:\/\/lamaktaba.fr\/index.php\/wp-json\/wp\/v2\/product"}],"about":[{"href":"https:\/\/lamaktaba.fr\/index.php\/wp-json\/wp\/v2\/types\/product"}],"replies":[{"embeddable":true,"href":"https:\/\/lamaktaba.fr\/index.php\/wp-json\/wp\/v2\/comments?post=45646"}],"wp:featuredmedia":[{"embeddable":true,"href":"https:\/\/lamaktaba.fr\/index.php\/wp-json\/wp\/v2\/media\/45649"}],"wp:attachment":[{"href":"https:\/\/lamaktaba.fr\/index.php\/wp-json\/wp\/v2\/media?parent=45646"}],"wp:term":[{"taxonomy":"product_brand","embeddable":true,"href":"https:\/\/lamaktaba.fr\/index.php\/wp-json\/wp\/v2\/product_brand?post=45646"},{"taxonomy":"product_cat","embeddable":true,"href":"https:\/\/lamaktaba.fr\/index.php\/wp-json\/wp\/v2\/product_cat?post=45646"},{"taxonomy":"product_tag","embeddable":true,"href":"https:\/\/lamaktaba.fr\/index.php\/wp-json\/wp\/v2\/product_tag?post=45646"}],"curies":[{"name":"wp","href":"https:\/\/api.w.org\/{rel}","templated":true}]}}