{"id":45377,"date":"2021-11-03T11:25:48","date_gmt":"2021-11-03T10:25:48","guid":{"rendered":"https:\/\/lamaktaba.fr\/?post_type=product&#038;p=45377"},"modified":"2025-06-04T05:36:45","modified_gmt":"2025-06-04T03:36:45","slug":"tapis-de-priere-couleur-unie-prenom-personnalisable-broderie","status":"publish","type":"product","link":"https:\/\/lamaktaba.fr\/index.php\/produit\/tapis-de-priere-couleur-unie-prenom-personnalisable-broderie","title":{"rendered":"Tapis de pri\u00e8re personnalis\u00e9 pr\u00e9nom brod\u00e9 couleur unie &#8211; personnalisable (Broderie)"},"content":{"rendered":"<p>Cherchez-vous un accessoire de mode original et personnel pour vos moments de pri\u00e8re ? D\u00e9couvrez notre tapis de pri\u00e8re personnalis\u00e9 pr\u00e9nom brod\u00e9, disponible dans une vari\u00e9t\u00e9 de couleurs vives pour ajouter une touche de style \u00e0 votre quotidien.<\/p>\n<p>Notre tapis de pri\u00e8re est fabriqu\u00e9 en Turquie, o\u00f9 la tradition de la fabrication de tapis est ancr\u00e9e depuis des si\u00e8cles. Le tissu doux et confortable du tapis est un plaisir pour les pieds et vous garantit un moment de recueillement dans le confort. Nous avons s\u00e9lectionn\u00e9 nos artisans pour assurer une qualit\u00e9 exceptionnelle et une finition de qualit\u00e9 sup\u00e9rieure pour chaque tapis.<\/p>\n<p>Offrez un cadeau qui compte \u00e0 vos amis et \u00e0 votre famille en leur offrant notre tapis de pri\u00e8re personnalis\u00e9 avec leur pr\u00e9nom brod\u00e9 dessus. Avec son design \u00e9l\u00e9gant et sa personnalisation, ce tapis de pri\u00e8re est un choix pratique et esth\u00e9tique pour un moment de pri\u00e8re unique et personnalis\u00e9.<\/p>\n<p>En choisissant notre tapis de pri\u00e8re personnalis\u00e9, vous pouvez \u00eatre s\u00fbr que vous avez fait le choix du design et de la qualit\u00e9 sup\u00e9rieure. Nous sommes convaincus que notre tapis de pri\u00e8re personnalis\u00e9 sera un choix esth\u00e9tique et pratique pour votre maison ou un cadeau m\u00e9morable pour vos amis et votre famille.<\/p>\n<p>Commandez d\u00e8s maintenant notre tapis de pri\u00e8re personnalis\u00e9 avec pr\u00e9nom brod\u00e9 pour profiter d&rsquo;un moment de pri\u00e8re confortable et unique. Nous sommes ravis de vous offrir une exp\u00e9rience de shopping en ligne pratique et facile, avec des livraisons rapides et un service client exceptionnel.<\/p>\n","protected":false},"excerpt":{"rendered":"<p>Cherchez-vous un accessoire de mode original et personnel pour vos moments de pri\u00e8re ? D\u00e9couvrez notre tapis de pri\u00e8re personnalis\u00e9 pr\u00e9nom brod\u00e9, disponible dans une vari\u00e9t\u00e9 de couleurs vives pour ajouter une touche de style \u00e0 votre quotidien. Notre tapis de pri\u00e8re est fabriqu\u00e9 en Turquie, o\u00f9 la tradition de la fabrication de tapis est [&hellip;]<\/p>\n","protected":false},"featured_media":50390,"comment_status":"open","ping_status":"closed","template":"","meta":[],"product_brand":[],"product_cat":[1518,1522,1520],"product_tag":[],"class_list":{"0":"post-45377","1":"product","2":"type-product","3":"status-publish","4":"has-post-thumbnail","6":"product_cat-coffrets-cadeaux","7":"product_cat-coffrets-cadeaux-femmes","8":"product_cat-coffrets-cadeaux-garcon","10":"first","11":"instock","12":"shipping-taxable","13":"purchasable","14":"product-type-variable"},"_links":{"self":[{"href":"https:\/\/lamaktaba.fr\/index.php\/wp-json\/wp\/v2\/product\/45377","targetHints":{"allow":["GET"]}}],"collection":[{"href":"https:\/\/lamaktaba.fr\/index.php\/wp-json\/wp\/v2\/product"}],"about":[{"href":"https:\/\/lamaktaba.fr\/index.php\/wp-json\/wp\/v2\/types\/product"}],"replies":[{"embeddable":true,"href":"https:\/\/lamaktaba.fr\/index.php\/wp-json\/wp\/v2\/comments?post=45377"}],"wp:featuredmedia":[{"embeddable":true,"href":"https:\/\/lamaktaba.fr\/index.php\/wp-json\/wp\/v2\/media\/50390"}],"wp:attachment":[{"href":"https:\/\/lamaktaba.fr\/index.php\/wp-json\/wp\/v2\/media?parent=45377"}],"wp:term":[{"taxonomy":"product_brand","embeddable":true,"href":"https:\/\/lamaktaba.fr\/index.php\/wp-json\/wp\/v2\/product_brand?post=45377"},{"taxonomy":"product_cat","embeddable":true,"href":"https:\/\/lamaktaba.fr\/index.php\/wp-json\/wp\/v2\/product_cat?post=45377"},{"taxonomy":"product_tag","embeddable":true,"href":"https:\/\/lamaktaba.fr\/index.php\/wp-json\/wp\/v2\/product_tag?post=45377"}],"curies":[{"name":"wp","href":"https:\/\/api.w.org\/{rel}","templated":true}]}}