{"id":44937,"date":"2021-10-14T13:26:54","date_gmt":"2021-10-14T11:26:54","guid":{"rendered":"https:\/\/lamaktaba.fr\/index.php\/produit\/la-corruption-du-coeur-7-la-polemique-muhammad-al-munajjid\/"},"modified":"2025-04-01T12:46:04","modified_gmt":"2025-04-01T10:46:04","slug":"la-corruption-du-coeur-7-la-polemique-muhammad-al-munajjid","status":"publish","type":"product","link":"https:\/\/lamaktaba.fr\/index.php\/produit\/la-corruption-du-coeur-7-la-polemique-muhammad-al-munajjid","title":{"rendered":"La corruption du coeur 7: La pol\u00e9mique &#8211; Muhammad al-Munajjid"},"content":{"rendered":"<p>L&rsquo;homme, par nature, aime pol\u00e9miquer, d\u00e9battre et montrer aux autres qu&rsquo;il a raison et qu&rsquo;il d\u00e9tient la v\u00e9rit\u00e9. C&rsquo;est un d\u00e9faut de l&rsquo;\u00e2me car en principe, le croyant cherche l&rsquo;agr\u00e9ment de son Cr\u00e9ateur et non pas les regards des cr\u00e9atures. Il doit donc combattre ce d\u00e9faut pour le remplacer par la modestie, l&rsquo;humilit\u00e9 et surtout la sinc\u00e9rit\u00e9.<br \/>Il pourra continuer \u00e0 d\u00e9battre pour d\u00e9fendre la v\u00e9rit\u00e9, afin de plaire \u00e0 Allah et non pas dans l&rsquo;intention de prendre le dessus sur son interlocuteur. Ce travail sur soi commence par le savoir et l&rsquo;apprentissage. D\u00e9couvrons donc la nature de la pol\u00e9mique bl\u00e2mable et la mani\u00e8re de se r\u00e9former.<\/p>\n","protected":false},"excerpt":{"rendered":"<p>L&rsquo;homme, par nature, aime pol\u00e9miquer, d\u00e9battre et montrer aux autres qu&rsquo;il a raison et qu&rsquo;il d\u00e9tient la v\u00e9rit\u00e9. C&rsquo;est un d\u00e9faut de l&rsquo;\u00e2me car en principe, le croyant cherche l&rsquo;agr\u00e9ment de son Cr\u00e9ateur et non pas les regards des cr\u00e9atures. Il doit donc combattre ce d\u00e9faut pour le remplacer par la modestie, l&rsquo;humilit\u00e9 et surtout [&hellip;]<\/p>\n","protected":false},"featured_media":44938,"comment_status":"open","ping_status":"closed","template":"","meta":[],"product_brand":[],"product_cat":[1944,1921,1898],"product_tag":[],"class_list":{"0":"post-44937","1":"product","2":"type-product","3":"status-publish","4":"has-post-thumbnail","6":"product_cat-ethique","7":"product_cat-exhortation","8":"product_cat-pratique-religieuse","9":"pa_auteur-muhammad-al-munajjid","10":"pa_editeur-al-hadith-2","11":"pa_format-115-x-165-cm","12":"pa_langue-francais","13":"pa_nombre-de-pages-1663","15":"first","16":"outofstock","17":"shipping-taxable","18":"purchasable","19":"product-type-simple"},"_links":{"self":[{"href":"https:\/\/lamaktaba.fr\/index.php\/wp-json\/wp\/v2\/product\/44937","targetHints":{"allow":["GET"]}}],"collection":[{"href":"https:\/\/lamaktaba.fr\/index.php\/wp-json\/wp\/v2\/product"}],"about":[{"href":"https:\/\/lamaktaba.fr\/index.php\/wp-json\/wp\/v2\/types\/product"}],"replies":[{"embeddable":true,"href":"https:\/\/lamaktaba.fr\/index.php\/wp-json\/wp\/v2\/comments?post=44937"}],"wp:featuredmedia":[{"embeddable":true,"href":"https:\/\/lamaktaba.fr\/index.php\/wp-json\/wp\/v2\/media\/44938"}],"wp:attachment":[{"href":"https:\/\/lamaktaba.fr\/index.php\/wp-json\/wp\/v2\/media?parent=44937"}],"wp:term":[{"taxonomy":"product_brand","embeddable":true,"href":"https:\/\/lamaktaba.fr\/index.php\/wp-json\/wp\/v2\/product_brand?post=44937"},{"taxonomy":"product_cat","embeddable":true,"href":"https:\/\/lamaktaba.fr\/index.php\/wp-json\/wp\/v2\/product_cat?post=44937"},{"taxonomy":"product_tag","embeddable":true,"href":"https:\/\/lamaktaba.fr\/index.php\/wp-json\/wp\/v2\/product_tag?post=44937"}],"curies":[{"name":"wp","href":"https:\/\/api.w.org\/{rel}","templated":true}]}}