{"id":44931,"date":"2021-10-14T13:26:48","date_gmt":"2021-10-14T11:26:48","guid":{"rendered":"https:\/\/lamaktaba.fr\/index.php\/produit\/la-purification-du-coeur-5-la-piete-muhammad-al-munajjid\/"},"modified":"2025-04-01T12:46:03","modified_gmt":"2025-04-01T10:46:03","slug":"la-purification-du-coeur-5-la-piete-muhammad-al-munajjid","status":"publish","type":"product","link":"https:\/\/lamaktaba.fr\/index.php\/produit\/la-purification-du-coeur-5-la-piete-muhammad-al-munajjid","title":{"rendered":"La purification du coeur 5: La pi\u00e9t\u00e9 &#8211; Muhammad al-Munajjid"},"content":{"rendered":"<p>Plus qu\u2019une noble qualit\u00e9, la pi\u00e9t\u00e9 est une obligation en islam. Les Proph\u00e8tes et Messagers l\u2019ont tous recommand\u00e9e \u00e0 leurs peuples. La pi\u00e9t\u00e9 est la meilleure provision pour l\u2019au-del\u00e0 et ce qui distingue les croyants les uns des autres aupr\u00e8s d\u2019Allah. La pr\u00e9sente \u00e9p\u00eetre nous permettra de d\u00e9couvrir les m\u00e9rites de la pi\u00e9t\u00e9, les moyens de l\u2019acqu\u00e9rir et les caract\u00e9ristiques des pieux.<\/p>\n","protected":false},"excerpt":{"rendered":"<p>Plus qu\u2019une noble qualit\u00e9, la pi\u00e9t\u00e9 est une obligation en islam. Les Proph\u00e8tes et Messagers l\u2019ont tous recommand\u00e9e \u00e0 leurs peuples. La pi\u00e9t\u00e9 est la meilleure provision pour l\u2019au-del\u00e0 et ce qui distingue les croyants les uns des autres aupr\u00e8s d\u2019Allah. La pr\u00e9sente \u00e9p\u00eetre nous permettra de d\u00e9couvrir les m\u00e9rites de la pi\u00e9t\u00e9, les moyens [&hellip;]<\/p>\n","protected":false},"featured_media":44932,"comment_status":"open","ping_status":"closed","template":"","meta":[],"product_brand":[],"product_cat":[1921,1916],"product_tag":[],"class_list":{"0":"post-44931","1":"product","2":"type-product","3":"status-publish","4":"has-post-thumbnail","6":"product_cat-exhortation","7":"product_cat-spiritualite","8":"pa_auteur-muhammad-al-munajjid","9":"pa_editeur-al-hadith-2","10":"pa_format-115-x-165-cm","11":"pa_langue-francais","12":"pa_nombre-de-pages-645","14":"first","15":"outofstock","16":"shipping-taxable","17":"purchasable","18":"product-type-simple"},"_links":{"self":[{"href":"https:\/\/lamaktaba.fr\/index.php\/wp-json\/wp\/v2\/product\/44931","targetHints":{"allow":["GET"]}}],"collection":[{"href":"https:\/\/lamaktaba.fr\/index.php\/wp-json\/wp\/v2\/product"}],"about":[{"href":"https:\/\/lamaktaba.fr\/index.php\/wp-json\/wp\/v2\/types\/product"}],"replies":[{"embeddable":true,"href":"https:\/\/lamaktaba.fr\/index.php\/wp-json\/wp\/v2\/comments?post=44931"}],"wp:featuredmedia":[{"embeddable":true,"href":"https:\/\/lamaktaba.fr\/index.php\/wp-json\/wp\/v2\/media\/44932"}],"wp:attachment":[{"href":"https:\/\/lamaktaba.fr\/index.php\/wp-json\/wp\/v2\/media?parent=44931"}],"wp:term":[{"taxonomy":"product_brand","embeddable":true,"href":"https:\/\/lamaktaba.fr\/index.php\/wp-json\/wp\/v2\/product_brand?post=44931"},{"taxonomy":"product_cat","embeddable":true,"href":"https:\/\/lamaktaba.fr\/index.php\/wp-json\/wp\/v2\/product_cat?post=44931"},{"taxonomy":"product_tag","embeddable":true,"href":"https:\/\/lamaktaba.fr\/index.php\/wp-json\/wp\/v2\/product_tag?post=44931"}],"curies":[{"name":"wp","href":"https:\/\/api.w.org\/{rel}","templated":true}]}}