{"id":44917,"date":"2021-10-14T13:26:40","date_gmt":"2021-10-14T11:26:40","guid":{"rendered":"https:\/\/lamaktaba.fr\/index.php\/produit\/les-regles-du-tajwid-pour-la-recitation-du-coran-al-hafizh-hafs-al-gazzi\/"},"modified":"2025-04-01T12:44:34","modified_gmt":"2025-04-01T10:44:34","slug":"les-regles-du-tajwid-pour-la-recitation-du-coran-al-hafizh-hafs-al-gazzi","status":"publish","type":"product","link":"https:\/\/lamaktaba.fr\/index.php\/produit\/les-regles-du-tajwid-pour-la-recitation-du-coran-al-hafizh-hafs-al-gazzi","title":{"rendered":"Les r\u00e8gles du Tajw\u00eed pour la r\u00e9citation du Coran &#8211; Al-Hafizh Hafs Al-Gazzi"},"content":{"rendered":"<p>Un guide pour d\u00e9butant<br \/>Le r\u00e9citateur du Coran sera r\u00e9compens\u00e9 dix fois pour chaque lettre qu&rsquo;il prononce. Cette immense r\u00e9compense pour une action qui semble si simple souligne l&rsquo;importance d&rsquo;apprendre la fa\u00e7on correcte de lire le Coran. Ce livre vise \u00e0 donner au lecteur conform\u00e9ment \u00e0 la r\u00e9citation du Proph\u00e8te Muhammad (SwS).<br \/>Pour pr\u00e9parer les bases de l&rsquo;apprentissage correct de la r\u00e9citation coranique, ou Tajw\u00eed, l&rsquo;histoire du Coran est bri\u00e8vement d\u00e9velopp\u00e9e de sa r\u00e9v\u00e9lation \u00e0 sa compilation. En outre, l&rsquo;histoire de la science du Tajw\u00eed est \u00e9voqu\u00e9e afin d&rsquo;introduire ses r\u00e8gles. Elles sont d\u00e9taill\u00e9es d&rsquo;une fa\u00e7on simple mais n\u00e9anmoins claire. Chaque r\u00e8gle est accompagn\u00e9e d&rsquo;exemples de verset du Coran pour que les \u00e9tudiants puissent s&rsquo;exercer \u00e0 la r\u00e9citation.<br \/>Les r\u00e8gles du Tajw\u00eed pour la r\u00e9citation du Coran, un guide pour d\u00e9butant, est un outil d&rsquo;apprentissage indispensable \u00e0 celui qui cherche \u00e0 acqu\u00e9rir une ma\u00eetrise suffisante du Tajw\u00eed.<br \/>A propos de l&rsquo;auteur<br \/>Al-Hafizh Hafs Al-Gazzi est un r\u00e9citateur du Coran dipl\u00f4m\u00e9 qui obtenu sa ijz\u00e2 \u00e0 la fois en r\u00e9citation du Coran mais \u00e9galement pour des mut\u00fbn ou textes de tajw\u00eed aupr\u00e8s de nombreux professeurs \u00e0 travers le monde. Il a eu l&rsquo;honneur de pourvoir enregistrer sa r\u00e9citation de Juz&rsquo; &lsquo;Amma sous la supervision de son \u00e9minence Shaykh Ahmed Esa Al-Ma&rsquo;sarawi (Shaykh al-Qurra d&rsquo;\u00c9gypte) et il est actuellement en train d&rsquo;enregistrer sa r\u00e9citation du Coran. Ustadh Hafs r\u00e9side \u00e0 Duba\u00ef et dirige le d\u00e9partement d&rsquo;\u00e9ducation islamique (Islamic Education department) \u00e0 Kings Duba\u00ef, une \u00e9cole priv\u00e9e aux Emirats arabes unis.<br \/>n guide pour d\u00e9butant<\/p>\n","protected":false},"excerpt":{"rendered":"<p>Un guide pour d\u00e9butantLe r\u00e9citateur du Coran sera r\u00e9compens\u00e9 dix fois pour chaque lettre qu&rsquo;il prononce. Cette immense r\u00e9compense pour une action qui semble si simple souligne l&rsquo;importance d&rsquo;apprendre la fa\u00e7on correcte de lire le Coran. Ce livre vise \u00e0 donner au lecteur conform\u00e9ment \u00e0 la r\u00e9citation du Proph\u00e8te Muhammad (SwS).Pour pr\u00e9parer les bases de [&hellip;]<\/p>\n","protected":false},"featured_media":44918,"comment_status":"open","ping_status":"closed","template":"","meta":[],"product_brand":[],"product_cat":[1904,1905],"product_tag":[],"class_list":{"0":"post-44917","1":"product","2":"type-product","3":"status-publish","4":"has-post-thumbnail","6":"product_cat-saint-coran","7":"product_cat-tajwid","8":"pa_auteur-al-hafizh-hafs-al-gazzi","9":"pa_editeur-i-i-p-h","10":"pa_format-15-x-22-cm","11":"pa_langue-francais","12":"pa_nombre-de-pages-1371","14":"first","15":"instock","16":"shipping-taxable","17":"purchasable","18":"product-type-simple"},"_links":{"self":[{"href":"https:\/\/lamaktaba.fr\/index.php\/wp-json\/wp\/v2\/product\/44917","targetHints":{"allow":["GET"]}}],"collection":[{"href":"https:\/\/lamaktaba.fr\/index.php\/wp-json\/wp\/v2\/product"}],"about":[{"href":"https:\/\/lamaktaba.fr\/index.php\/wp-json\/wp\/v2\/types\/product"}],"replies":[{"embeddable":true,"href":"https:\/\/lamaktaba.fr\/index.php\/wp-json\/wp\/v2\/comments?post=44917"}],"wp:featuredmedia":[{"embeddable":true,"href":"https:\/\/lamaktaba.fr\/index.php\/wp-json\/wp\/v2\/media\/44918"}],"wp:attachment":[{"href":"https:\/\/lamaktaba.fr\/index.php\/wp-json\/wp\/v2\/media?parent=44917"}],"wp:term":[{"taxonomy":"product_brand","embeddable":true,"href":"https:\/\/lamaktaba.fr\/index.php\/wp-json\/wp\/v2\/product_brand?post=44917"},{"taxonomy":"product_cat","embeddable":true,"href":"https:\/\/lamaktaba.fr\/index.php\/wp-json\/wp\/v2\/product_cat?post=44917"},{"taxonomy":"product_tag","embeddable":true,"href":"https:\/\/lamaktaba.fr\/index.php\/wp-json\/wp\/v2\/product_tag?post=44917"}],"curies":[{"name":"wp","href":"https:\/\/api.w.org\/{rel}","templated":true}]}}