{"id":44905,"date":"2021-10-14T13:26:33","date_gmt":"2021-10-14T11:26:33","guid":{"rendered":"https:\/\/lamaktaba.fr\/index.php\/produit\/lhistoire-de-khadija-la-premiere-musulmane-et-femme-du-prophete-mohammed-saaw-saniyasnain-khan\/"},"modified":"2025-04-01T12:45:59","modified_gmt":"2025-04-01T10:45:59","slug":"lhistoire-de-khadija-la-premiere-musulmane-et-femme-du-prophete-mohammed-saaw-saniyasnain-khan","status":"publish","type":"product","link":"https:\/\/lamaktaba.fr\/index.php\/produit\/lhistoire-de-khadija-la-premiere-musulmane-et-femme-du-prophete-mohammed-saaw-saniyasnain-khan","title":{"rendered":"L&rsquo;histoire de Khadija, la premi\u00e8re musulmane et femme du Proph\u00e8te Mohammed (SAAW) &#8211; Saniyasnain Khan"},"content":{"rendered":"<p>Un jour, le Proph\u00e8te Muhammad (SAAW) d\u00e9crivait ainsi la vertu de Hazrat Khadija: il a montr\u00e9 du doigt le ciel et la terre et a d\u00e9clar\u00e9: \u00ab Marie, m\u00e8re de J\u00e9sus, est la meilleure des femmes dans les cieux, et la femme la plus digne vivant encore sur cette terre est Khadija, la fille de Khuwaylid. \u00bb La vie de Khadija est une grande source d\u2019inspiration pour les croyants, en particulier les femmes. Elle est un excellent exemple de la fa\u00e7on dont on peut donner, \u00e0 la cause de l\u2019Islam, son temps, son \u00e9nergie, sa richesse et sa vie.<br \/>Son histoire est un rappel aux croyants de vivre une vie pleine de sens et nous devons, dans nos pri\u00e8res, nous rappeler Khadija et toute la famille du Proph\u00e8te pour leur sacrifice et leur d\u00e9vouement. C\u2019est pr\u00e9cis\u00e9ment leur sacrifice, leur d\u00e9vouement et leur travail acharn\u00e9 qui ont permis \u00e0 l\u2019Islam d\u2019atteindre les quatre coins du monde et au Coran d\u2019avoir \u00e9t\u00e9 pr\u00e9serv\u00e9 dans sa forme originale.<br \/>Qu\u2019Allah soit satisfait d\u2019eux tous.<br \/>Cet ouvrage est r\u00e9partie en 11 parties<br \/>D\u00e9but de la vie Khadija.<br \/>Khadija embauche le Proph\u00e8te Muhammad.<br \/>L&rsquo;entreprise syrienne.<br \/>Proposition de mariage.<br \/>La vie avec Khadija.<br \/>Khadija et la premi\u00e8re r\u00e9v\u00e9lation du Coran.<br \/>Les premiers musulmans.<br \/>L&rsquo;appel \u00e0 l&rsquo;islam.<br \/>Le boycottage.<br \/>Fin du boycott.<br \/>L&rsquo;ann\u00e9e de la douleur.<\/p>\n","protected":false},"excerpt":{"rendered":"<p>Un jour, le Proph\u00e8te Muhammad (SAAW) d\u00e9crivait ainsi la vertu de Hazrat Khadija: il a montr\u00e9 du doigt le ciel et la terre et a d\u00e9clar\u00e9: \u00ab Marie, m\u00e8re de J\u00e9sus, est la meilleure des femmes dans les cieux, et la femme la plus digne vivant encore sur cette terre est Khadija, la fille de [&hellip;]<\/p>\n","protected":false},"featured_media":44906,"comment_status":"open","ping_status":"closed","template":"","meta":[],"product_brand":[],"product_cat":[15],"product_tag":[],"class_list":{"0":"post-44905","1":"product","2":"type-product","3":"status-publish","4":"has-post-thumbnail","6":"product_cat-non-classe","7":"pa_auteur-saniyasnain-khan","8":"pa_editeur-goodword-books","9":"pa_format-cartonne-22-x-27-cm","10":"pa_langue-francais","11":"pa_nombre-de-pages-498","12":"pa_reliure-rigide","14":"first","15":"outofstock","16":"shipping-taxable","17":"purchasable","18":"product-type-simple"},"_links":{"self":[{"href":"https:\/\/lamaktaba.fr\/index.php\/wp-json\/wp\/v2\/product\/44905","targetHints":{"allow":["GET"]}}],"collection":[{"href":"https:\/\/lamaktaba.fr\/index.php\/wp-json\/wp\/v2\/product"}],"about":[{"href":"https:\/\/lamaktaba.fr\/index.php\/wp-json\/wp\/v2\/types\/product"}],"replies":[{"embeddable":true,"href":"https:\/\/lamaktaba.fr\/index.php\/wp-json\/wp\/v2\/comments?post=44905"}],"wp:featuredmedia":[{"embeddable":true,"href":"https:\/\/lamaktaba.fr\/index.php\/wp-json\/wp\/v2\/media\/44906"}],"wp:attachment":[{"href":"https:\/\/lamaktaba.fr\/index.php\/wp-json\/wp\/v2\/media?parent=44905"}],"wp:term":[{"taxonomy":"product_brand","embeddable":true,"href":"https:\/\/lamaktaba.fr\/index.php\/wp-json\/wp\/v2\/product_brand?post=44905"},{"taxonomy":"product_cat","embeddable":true,"href":"https:\/\/lamaktaba.fr\/index.php\/wp-json\/wp\/v2\/product_cat?post=44905"},{"taxonomy":"product_tag","embeddable":true,"href":"https:\/\/lamaktaba.fr\/index.php\/wp-json\/wp\/v2\/product_tag?post=44905"}],"curies":[{"name":"wp","href":"https:\/\/api.w.org\/{rel}","templated":true}]}}