{"id":44901,"date":"2021-10-14T13:18:32","date_gmt":"2021-10-14T11:18:32","guid":{"rendered":"https:\/\/lamaktaba.fr\/index.php\/produit\/le-chemin-du-coran-de-ibrahim-as-sakran\/"},"modified":"2025-04-01T12:46:13","modified_gmt":"2025-04-01T10:46:13","slug":"le-chemin-du-coran-de-ibrahim-as-sakran","status":"publish","type":"product","link":"https:\/\/lamaktaba.fr\/index.php\/produit\/le-chemin-du-coran-de-ibrahim-as-sakran","title":{"rendered":"Le Chemin du Coran, de Ibrah\u00eem As-Sakr\u00e2n"},"content":{"rendered":"<p>Le Chemin du Coran, de Ibrah\u00eem As-Sakr\u00e2n<br \/>Est-il concevable que le Coran par lequel Dieu a jur\u00e9, qu\u2019 Il s\u2019enorgueillit d\u2019avoir \u00e9nonc\u00e9, dont Il a fait le Livre c\u00e9leste le plus grandiose par Lui r\u00e9v\u00e9l\u00e9, qu\u2019 Il a accord\u00e9 sp\u00e9cialement au meilleur des hommes en la personne de Muhammad (saws), est-il concevable, apr\u00e8s toutes ces particularit\u00e9s, tout cet honneur et tout ce cr\u00e9dit, que le Coran soit un livre ordinaire dans notre existence?<br \/>L\u2019honneur fait au Coran refl\u00e8te une importance majeure dans le contenu et la teneur. Le Coran doit d\u00e8s lors avoir un r\u00f4le dans notre vie qui soit \u00e0 la mesure de cet honneur insigne. Le chemin du Coran renferme une s\u00e9rie de r\u00e9flexions et de remarques sur la situation du Coran dans notre existence, et sur les effets prodigieux, tant mat\u00e9riels que spirituels, que ce Livre engendre.<br \/>Marque -MAISON D&rsquo;ENNOUR Editions R\u00e9f\u00e9rence 9782752401717<br \/>Fiche technique AUTEUR: &#8211; Ibrah\u00eem As-Sakr\u00e2n LANGUE: -.Fran\u00e7ais ANNEE: &#8211; 2018 SUPPORT: &#8211; Livre THEME: &#8211; Le Saint CORAN \u00c9DITIONS: &#8211; Maison d&rsquo;Ennour Condition: &#8211; Neuf Nombre de Pages: &#8211; 248 Poids (kg): &#8211; 193 g EAN13: &#8211; 9782752401717 RELIURE: &#8211; Souple<br \/>R\u00e9f\u00e9rences sp\u00e9cifiques<br \/>Donnez votre avis<br \/>Aucun commentaire pour le moment<\/p>\n","protected":false},"excerpt":{"rendered":"<p>Le Chemin du Coran, de Ibrah\u00eem As-Sakr\u00e2nEst-il concevable que le Coran par lequel Dieu a jur\u00e9, qu\u2019 Il s\u2019enorgueillit d\u2019avoir \u00e9nonc\u00e9, dont Il a fait le Livre c\u00e9leste le plus grandiose par Lui r\u00e9v\u00e9l\u00e9, qu\u2019 Il a accord\u00e9 sp\u00e9cialement au meilleur des hommes en la personne de Muhammad (saws), est-il concevable, apr\u00e8s toutes ces particularit\u00e9s, [&hellip;]<\/p>\n","protected":false},"featured_media":44902,"comment_status":"open","ping_status":"closed","template":"","meta":[],"product_brand":[],"product_cat":[1904],"product_tag":[],"class_list":{"0":"post-44901","1":"product","2":"type-product","3":"status-publish","4":"has-post-thumbnail","6":"product_cat-saint-coran","7":"pa_auteur-ibrahim-as-sakran","8":"pa_editeur-maison-dennour-2","9":"pa_nombre-de-pages-820","10":"pa_reliure-souple","12":"first","13":"instock","14":"shipping-taxable","15":"purchasable","16":"product-type-simple"},"_links":{"self":[{"href":"https:\/\/lamaktaba.fr\/index.php\/wp-json\/wp\/v2\/product\/44901","targetHints":{"allow":["GET"]}}],"collection":[{"href":"https:\/\/lamaktaba.fr\/index.php\/wp-json\/wp\/v2\/product"}],"about":[{"href":"https:\/\/lamaktaba.fr\/index.php\/wp-json\/wp\/v2\/types\/product"}],"replies":[{"embeddable":true,"href":"https:\/\/lamaktaba.fr\/index.php\/wp-json\/wp\/v2\/comments?post=44901"}],"wp:featuredmedia":[{"embeddable":true,"href":"https:\/\/lamaktaba.fr\/index.php\/wp-json\/wp\/v2\/media\/44902"}],"wp:attachment":[{"href":"https:\/\/lamaktaba.fr\/index.php\/wp-json\/wp\/v2\/media?parent=44901"}],"wp:term":[{"taxonomy":"product_brand","embeddable":true,"href":"https:\/\/lamaktaba.fr\/index.php\/wp-json\/wp\/v2\/product_brand?post=44901"},{"taxonomy":"product_cat","embeddable":true,"href":"https:\/\/lamaktaba.fr\/index.php\/wp-json\/wp\/v2\/product_cat?post=44901"},{"taxonomy":"product_tag","embeddable":true,"href":"https:\/\/lamaktaba.fr\/index.php\/wp-json\/wp\/v2\/product_tag?post=44901"}],"curies":[{"name":"wp","href":"https:\/\/api.w.org\/{rel}","templated":true}]}}