{"id":44890,"date":"2021-10-14T13:18:23","date_gmt":"2021-10-14T11:18:23","guid":{"rendered":"https:\/\/lamaktaba.fr\/index.php\/produit\/aicha-la-bien-aimee-du-prophete-poeme-du-savant-andalou-ibnu-bahij-al-andalusi-andalou-ibnu-bahij-al-andalou\/"},"modified":"2025-04-01T12:44:20","modified_gmt":"2025-04-01T10:44:20","slug":"aicha-la-bien-aimee-du-prophete-poeme-du-savant-andalou-ibnu-bahij-al-andalusi-andalou-ibnu-bahij-al-andalou","status":"publish","type":"product","link":"https:\/\/lamaktaba.fr\/index.php\/produit\/aicha-la-bien-aimee-du-prophete-poeme-du-savant-andalou-ibnu-bahij-al-andalusi-andalou-ibnu-bahij-al-andalou","title":{"rendered":"Aicha la Bien-Aim\u00e9e Du Proph\u00e8te &#8211; Po\u00e8me du savant Andalou Ibnu Bahij Al-Andalusi &#8211; Andalou Ibnu Bahij Al-Andalou"},"content":{"rendered":"<p>Elle est la m\u00e8re des croyants et la femme tendrement ch\u00e9ri de notre bien-aim\u00e9 Proph\u00e8te. Elle a consacr\u00e9 sa vie \u00e0 enregistrer les enseignements, les gestes et les r\u00e9actions de l&rsquo;Envoy\u00e9 d&rsquo;Alla, qu&rsquo;elle fid\u00e8lement transmis \u00e0 la communaut\u00e9. Dans son encyclop\u00e9die biographique siyar a&rsquo;l\u00e2m an-nubal\u00e2&rsquo; (livre en 23 volumes), l&rsquo;im\u00e2m Adh-Dhahab\u00ee a fait ce t\u00e9moignage: \u00ab\u00a0Je ne connais pas dans la communaut\u00e9 de Mohamed, ni parmi les femmes, de mani\u00e8re absolue, une femme plus vers\u00e9e dans le &lsquo;ilm (science sacr\u00e9e) qu&rsquo;elle\u00a0\u00bb.<br \/>\nQuand elle fut victime d&rsquo;une rumeur calomnieuse qui a atteint son honneur, c&rsquo;est Allah Lui-m\u00eame qui s&rsquo;est charg\u00e9 de la d\u00e9fendre en r\u00e9v\u00e9lant \u00e0 son Proph\u00e8te des versets coraniques vantant sa chastet\u00e9 et mena\u00e7ant ces auteurs d&rsquo;un ch\u00e2timent terrible. (Lire la sourate an-n\u00fbr (S.24) depuis le verset 11: [Ceux qui ont r\u00e9pandu la calomnie sont un groupe d&rsquo;entre vous&#8230;] jusqu&rsquo;au verset 26). Allah l&rsquo;a r\u00e9compens\u00e9e dans ce monde avant l&rsquo;Au-del\u00e0 en r\u00e9cup\u00e9rant l&rsquo;\u00e2me de son envoy\u00e9 alors que sa t\u00eate reposait tendrement sur son cou et en l&rsquo;inhumant dans la chambre de celle-ci et nulle part ailleurs.<br \/>\nPeut-on trouver les mots ad\u00e9quats pour d\u00e9crire notre m\u00e8re &lsquo;A&rsquo;isha? Un moraliste andalou du treizi\u00e8me si\u00e8cle, du nom d&rsquo;Ibn Bah\u00eej eu la superbe id\u00e9e de vanter ses m\u00e9rites et de la d\u00e9fendre par ce tr\u00e8s beau po\u00e8me que nous avons traduit avec l&rsquo;aide d&rsquo;Allah et que nous mettons \u00e0 disposition de nos lecteurs.Ce po\u00e8me \u00e9loquent et raffin\u00e9 a su s\u00e9duire d&rsquo;\u00e9minents savants tant anciens que contemporains.<\/p>\n","protected":false},"excerpt":{"rendered":"<p>Elle est la m\u00e8re des croyants et la femme tendrement ch\u00e9ri de notre bien-aim\u00e9 Proph\u00e8te. Elle a consacr\u00e9 sa vie \u00e0 enregistrer les enseignements, les gestes et les r\u00e9actions de l&rsquo;Envoy\u00e9 d&rsquo;Alla, qu&rsquo;elle fid\u00e8lement transmis \u00e0 la communaut\u00e9. Dans son encyclop\u00e9die biographique siyar a&rsquo;l\u00e2m an-nubal\u00e2&rsquo; (livre en 23 volumes), l&rsquo;im\u00e2m Adh-Dhahab\u00ee a fait ce t\u00e9moignage: [&hellip;]<\/p>\n","protected":false},"featured_media":44891,"comment_status":"open","ping_status":"closed","template":"","meta":[],"product_brand":[],"product_cat":[1907,1906,1897],"product_tag":[],"class_list":{"0":"post-44890","1":"product","2":"type-product","3":"status-publish","4":"has-post-thumbnail","6":"product_cat-compagnons","7":"product_cat-femmes-livres","8":"product_cat-vie-du-prophete-saw","9":"pa_auteur-andalou-ibnu-bahij-al-andalou","10":"pa_editeur-almadina","11":"pa_format-14-x-21-cm","12":"pa_langue-francais","13":"pa_nombre-de-pages-599","14":"pa_reliure-souple","16":"first","17":"outofstock","18":"shipping-taxable","19":"purchasable","20":"product-type-simple"},"_links":{"self":[{"href":"https:\/\/lamaktaba.fr\/index.php\/wp-json\/wp\/v2\/product\/44890","targetHints":{"allow":["GET"]}}],"collection":[{"href":"https:\/\/lamaktaba.fr\/index.php\/wp-json\/wp\/v2\/product"}],"about":[{"href":"https:\/\/lamaktaba.fr\/index.php\/wp-json\/wp\/v2\/types\/product"}],"replies":[{"embeddable":true,"href":"https:\/\/lamaktaba.fr\/index.php\/wp-json\/wp\/v2\/comments?post=44890"}],"wp:featuredmedia":[{"embeddable":true,"href":"https:\/\/lamaktaba.fr\/index.php\/wp-json\/wp\/v2\/media\/44891"}],"wp:attachment":[{"href":"https:\/\/lamaktaba.fr\/index.php\/wp-json\/wp\/v2\/media?parent=44890"}],"wp:term":[{"taxonomy":"product_brand","embeddable":true,"href":"https:\/\/lamaktaba.fr\/index.php\/wp-json\/wp\/v2\/product_brand?post=44890"},{"taxonomy":"product_cat","embeddable":true,"href":"https:\/\/lamaktaba.fr\/index.php\/wp-json\/wp\/v2\/product_cat?post=44890"},{"taxonomy":"product_tag","embeddable":true,"href":"https:\/\/lamaktaba.fr\/index.php\/wp-json\/wp\/v2\/product_tag?post=44890"}],"curies":[{"name":"wp","href":"https:\/\/api.w.org\/{rel}","templated":true}]}}