{"id":44888,"date":"2021-10-14T13:18:18","date_gmt":"2021-10-14T11:18:18","guid":{"rendered":"https:\/\/lamaktaba.fr\/index.php\/produit\/chapitre-amma-poche-souple-fr-ar-phonetique-bleu\/"},"modified":"2025-04-01T12:46:20","modified_gmt":"2025-04-01T10:46:20","slug":"chapitre-amma-poche-souple-fr-ar-phonetique-bleu","status":"publish","type":"product","link":"https:\/\/lamaktaba.fr\/index.php\/produit\/chapitre-amma-poche-souple-fr-ar-phonetique-bleu","title":{"rendered":"Chapitre AMMA poche &#8211; SOUPLE &#8211; Fr\/Ar\/Phon\u00e9tique &#8211; (BLEU)"},"content":{"rendered":"<p>Chapitre Amma FR\/AR et Phon\u00e9tique Poche luxe (bleu)<br \/>Pour une vraie prononciation et une vraie compr\u00e9hension du Coran, inimitable, il est indispensable de l&rsquo;apprendre \u00e0 partir de sa claire langue arabe. S&rsquo;appuyer sur une traduction de ses sens, ou sur une transcription phon\u00e9tique, en caract\u00e8re latins ne permet en aucun cas une juste prononciation des lettres arabes et par cons\u00e9quent \u00e7a fausse la lecture du coran. Il existe plusieurs m\u00e9thodes authentiques et efficaces pour apprendre le Coran par coeuret sa claire langue arabe et savourer ainsi la beaut\u00e9, la puissance et la lumi\u00e8re miraculeuse qui \u00e9manent de la paroles d&rsquo;Allah.<br \/>Juzz&rsquo;Amma est le 30\u00e9me et dernier chapitre du saint Coran.Il comprend 37 petites sourates dont 34 mecquoises et 3 m\u00e9dinoises, de la sourate An-Naba (78) jusqu&rsquo;\u00e0 la sourate An-Nas (114).<br \/>Dans ce livre, juzz &lsquo;Amma est pr\u00e9c\u00e9d\u00e9 de la sourate Al-Fatiha (l&rsquo;ouverture) et de Ayat Al-Kursi (Verset du Tr\u00f4ne).<br \/>Voici les sourates pr\u00e9sentent dans le chapitre &lsquo;Amma<br \/>L\u2019Ouverture [ Sourate Al-F\u00e2tiha ]<br \/>[ Verset du Tr\u00f4ne] [ \u00c2yatou-l-koursiyy ]<br \/>[ La Vache ] [ Al-Baqara ]<br \/>L\u2019 Annonce [ Sourate An-Naba\u2019 ]<br \/>Les Arracheurs[ Sourate An-N\u00e2zi&rsquo;\u00e2t ]<br \/>Le Renfrogn\u00e9 [ Sourate \u2018Abasa ]<br \/>Le D\u00e9crochement [ So\u00fbrate At-Takw\u00eer ]<br \/>La Rupture[ Sourate Al-Infit\u00e2r ]<br \/>Les Fraudeurs [ So\u00fbrate Al-Mutaffif\u00eene ]<br \/>La D\u00e9chirure [ Sourate Al-Inchiq\u00e2q ]<br \/>Les Constellations [ Sourate Al-Bouro\u00fbj ]<br \/>L&rsquo;Astre nocturne [ Sourate At-T\u00e2riq ]<br \/>Le Tr\u00e8s-Haut [ Sourate Al-A\u2018l\u00e2 ]<br \/>L&rsquo;Enveloppante[ Sourate Al-Gh\u00e2chiya ]<br \/>L&rsquo;Aube [ Sourate Al-Fajr ]<br \/>La Cit\u00e9 [ Sourate Al-Balad ]<br \/>Le Soleil[ Sourate Ach-Chams ]<br \/>La Nuit [ Sourate Al-Layl ]<br \/>La Clart\u00e9 du jour [ Sourate Ad-douh\u00e2 ]<br \/>L\u2019Illumination [ Sourate Ach-Charh ]<br \/>Le Figuier [ Sourate At-T\u00een ]<br \/>L\u2019Adh\u00e9rence[ Sourate Al-\u2018Alaq ]<br \/>La Destin\u00e9e [ Sourate Al-Qadr ]<br \/>La Preuve [ Sourate Al-Bayyina ]<br \/>La Secousse [ Sourate Az-Zalzala ]<br \/>Les Coursiers [ Sourate Al-\u2018\u00c2diy\u00e2t ]<br \/>Le Fracas [ Sourate Al-Q\u00e2ri\u2018a ]<br \/>La Rivalit\u00e9 [ Sourate At-Tak\u00e2thour ]<br \/>Le Temps [ Sourate Al-\u2018Asr ]<br \/>R\u00e9f\u00e9rence 9782356330598<br \/>Fiche technique SUPPORT: &#8211; Livre THEME: &#8211; Le Saint CORAN \u00c9DITIONS: &#8211; -SANA Condition: &#8211; Neuf FORMAT (CM): 9 x 14 cm Poids (kg): &#8211; 0.144 EAN13: &#8211; 3700495401586 RELIURE: &#8211; Souple<br \/>R\u00e9f\u00e9rences sp\u00e9cifiques<br \/>Donnez votre avis<br \/>Aucun commentaire pour le moment<\/p>\n","protected":false},"excerpt":{"rendered":"<p>Chapitre Amma FR\/AR et Phon\u00e9tique Poche luxe (bleu)Pour une vraie prononciation et une vraie compr\u00e9hension du Coran, inimitable, il est indispensable de l&rsquo;apprendre \u00e0 partir de sa claire langue arabe. S&rsquo;appuyer sur une traduction de ses sens, ou sur une transcription phon\u00e9tique, en caract\u00e8re latins ne permet en aucun cas une juste prononciation des lettres [&hellip;]<\/p>\n","protected":false},"featured_media":44889,"comment_status":"open","ping_status":"closed","template":"","meta":[],"product_brand":[],"product_cat":[15],"product_tag":[],"class_list":{"0":"post-44888","1":"product","2":"type-product","3":"status-publish","4":"has-post-thumbnail","6":"product_cat-non-classe","7":"pa_editeur-sana","8":"pa_format-9-x-14-cm","9":"pa_reliure-souple","11":"first","12":"instock","13":"shipping-taxable","14":"purchasable","15":"product-type-simple"},"_links":{"self":[{"href":"https:\/\/lamaktaba.fr\/index.php\/wp-json\/wp\/v2\/product\/44888","targetHints":{"allow":["GET"]}}],"collection":[{"href":"https:\/\/lamaktaba.fr\/index.php\/wp-json\/wp\/v2\/product"}],"about":[{"href":"https:\/\/lamaktaba.fr\/index.php\/wp-json\/wp\/v2\/types\/product"}],"replies":[{"embeddable":true,"href":"https:\/\/lamaktaba.fr\/index.php\/wp-json\/wp\/v2\/comments?post=44888"}],"wp:featuredmedia":[{"embeddable":true,"href":"https:\/\/lamaktaba.fr\/index.php\/wp-json\/wp\/v2\/media\/44889"}],"wp:attachment":[{"href":"https:\/\/lamaktaba.fr\/index.php\/wp-json\/wp\/v2\/media?parent=44888"}],"wp:term":[{"taxonomy":"product_brand","embeddable":true,"href":"https:\/\/lamaktaba.fr\/index.php\/wp-json\/wp\/v2\/product_brand?post=44888"},{"taxonomy":"product_cat","embeddable":true,"href":"https:\/\/lamaktaba.fr\/index.php\/wp-json\/wp\/v2\/product_cat?post=44888"},{"taxonomy":"product_tag","embeddable":true,"href":"https:\/\/lamaktaba.fr\/index.php\/wp-json\/wp\/v2\/product_tag?post=44888"}],"curies":[{"name":"wp","href":"https:\/\/api.w.org\/{rel}","templated":true}]}}