{"id":44859,"date":"2020-07-05T10:44:00","date_gmt":"2020-07-05T08:44:00","guid":{"rendered":"https:\/\/lamaktaba.fr\/index.php\/produit\/il-etait-une-fois-issa-collectif-3\/"},"modified":"2025-04-01T12:47:36","modified_gmt":"2025-04-01T10:47:36","slug":"il-etait-une-fois-issa-collectif-3","status":"publish","type":"product","link":"https:\/\/lamaktaba.fr\/index.php\/produit\/il-etait-une-fois-issa-collectif-3","title":{"rendered":"Il \u00e9tait une fois&#8230; &lsquo;Issa &#8211; Collectif"},"content":{"rendered":"<p>Avec Rayan et sa petite famille, d\u00e9couvrez les merveilleuses histoires de nos Proph\u00e8tes, nos mod\u00e8les pour l&rsquo;\u00e9ternit\u00e9. Enrichies d&rsquo;activit\u00e9s ludiques, votre enfant y puisera de nombreux enseignements \u00e9ducatifs tout en s&rsquo;amusant.<\/p>\n","protected":false},"excerpt":{"rendered":"<p>Avec Rayan et sa petite famille, d\u00e9couvrez les merveilleuses histoires de nos Proph\u00e8tes, nos mod\u00e8les pour l&rsquo;\u00e9ternit\u00e9. Enrichies d&rsquo;activit\u00e9s ludiques, votre enfant y puisera de nombreux enseignements \u00e9ducatifs tout en s&rsquo;amusant.<\/p>\n","protected":false},"featured_media":0,"comment_status":"open","ping_status":"closed","template":"","meta":[],"product_brand":[],"product_cat":[15],"product_tag":[],"class_list":{"0":"post-44859","1":"product","2":"type-product","3":"status-publish","5":"product_cat-non-classe","7":"first","8":"outofstock","9":"shipping-taxable","10":"purchasable","11":"product-type-simple"},"_links":{"self":[{"href":"https:\/\/lamaktaba.fr\/index.php\/wp-json\/wp\/v2\/product\/44859","targetHints":{"allow":["GET"]}}],"collection":[{"href":"https:\/\/lamaktaba.fr\/index.php\/wp-json\/wp\/v2\/product"}],"about":[{"href":"https:\/\/lamaktaba.fr\/index.php\/wp-json\/wp\/v2\/types\/product"}],"replies":[{"embeddable":true,"href":"https:\/\/lamaktaba.fr\/index.php\/wp-json\/wp\/v2\/comments?post=44859"}],"wp:attachment":[{"href":"https:\/\/lamaktaba.fr\/index.php\/wp-json\/wp\/v2\/media?parent=44859"}],"wp:term":[{"taxonomy":"product_brand","embeddable":true,"href":"https:\/\/lamaktaba.fr\/index.php\/wp-json\/wp\/v2\/product_brand?post=44859"},{"taxonomy":"product_cat","embeddable":true,"href":"https:\/\/lamaktaba.fr\/index.php\/wp-json\/wp\/v2\/product_cat?post=44859"},{"taxonomy":"product_tag","embeddable":true,"href":"https:\/\/lamaktaba.fr\/index.php\/wp-json\/wp\/v2\/product_tag?post=44859"}],"curies":[{"name":"wp","href":"https:\/\/api.w.org\/{rel}","templated":true}]}}