{"id":44852,"date":"2021-10-14T12:51:32","date_gmt":"2021-10-14T10:51:32","guid":{"rendered":"https:\/\/lamaktaba.fr\/index.php\/produit\/fatima-az-zahra-fille-du-prophete-de-l-islam-dapres-mohamed-al-fateh\/"},"modified":"2025-04-01T12:44:34","modified_gmt":"2025-04-01T10:44:34","slug":"fatima-az-zahra-fille-du-prophete-de-l-islam-dapres-mohamed-al-fateh","status":"publish","type":"product","link":"https:\/\/lamaktaba.fr\/index.php\/produit\/fatima-az-zahra-fille-du-prophete-de-l-islam-dapres-mohamed-al-fateh","title":{"rendered":"Fatima az-Zahra, fille du Proph\u00e8te de l&rsquo; Islam d&rsquo;apr\u00e8s Mohamed al-Fateh"},"content":{"rendered":"<p>Fatima az-Zahra, fille du Proph\u00e8te de l&rsquo; Islam d&rsquo;apr\u00e8s Mohamed al-Fateh<br \/>Elle est venue au monde le jour o\u00f9 son p\u00e8re parachevait la construction de la Ka&rsquo;ba. Ce geste pr\u00e9figure le parach\u00e8vement de la Religion Ultime par le Sceau des proph\u00e8tes (sws). Elle est la seule fille qui perp\u00e9tuera sa descendance. C&rsquo;est en ce sens que la naissance de Fatima a une signification spirituelle d&rsquo;une grande importance en Islam.<br \/>M\u00e8re de Al-Hassan et Al-Hussein, grands parents des Churfa (Ahl al-bayt: Les gens de la Maison proph\u00e9tique) qui transmettent \u00e0 travers les g\u00e9n\u00e9rations futures, la baraka Mohammedia (la b\u00e9n\u00e9diction Mohammadienne) apr\u00e8s l&rsquo;ach\u00e8vement du dernier cycle de la proph\u00e9tie. Autrement dit, Fatima est la source de transmission du flux spirituel proph\u00e9tique qui ne sera jamais interrompu gr\u00e2ce \u00e0 sa descendance.<br \/>On comprend dans ces conditions l&rsquo;immense amour du Proph\u00e8te (sws) et sa communaut\u00e9 vou\u00e9e en particulier \u00e0 As-sayyda Fatima az-Zahra.<br \/>Cet ouvrage d\u00e9voile 6 grandes parties qui sont les suivantes<br \/>La noblesse de son origine.<br \/>Sa naissance: une bonne augure.<br \/>Une enfance heureuse.<br \/>Une vie marqu\u00e9e par les \u00e9preuves iniatiques.<br \/>Un mariage heureux et plein de promesses.<br \/>La grande figure de l&rsquo;histoire.<br \/>Marque -IQRA Editions R\u00e9f\u00e9rence 9782911509797<br \/>Fiche technique AUTEUR: &#8211; AL FATAH Mohamed LANGUE: -.Fran\u00e7ais ANNEE: &#8211; 2012 SUPPORT: &#8211; Livre THEME: &#8211; La Vie du Prophete (sbdl) &#038; Histoire de L&rsquo;Islam \u00c9DITIONS: &#8211; IQRA Condition: &#8211; Neuf Nombre de Pages: &#8211; 107 FORMAT (CM): 17 X 11 CM Poids (kg): &#8211; 0.09 EAN13: &#8211; 9782911509797 RELIURE: &#8211; Souple<br \/>R\u00e9f\u00e9rences sp\u00e9cifiques<br \/>Donnez votre avis<br \/>Aucun commentaire pour le moment<\/p>\n","protected":false},"excerpt":{"rendered":"<p>Fatima az-Zahra, fille du Proph\u00e8te de l&rsquo; Islam d&rsquo;apr\u00e8s Mohamed al-FatehElle est venue au monde le jour o\u00f9 son p\u00e8re parachevait la construction de la Ka&rsquo;ba. Ce geste pr\u00e9figure le parach\u00e8vement de la Religion Ultime par le Sceau des proph\u00e8tes (sws). Elle est la seule fille qui perp\u00e9tuera sa descendance. C&rsquo;est en ce sens que [&hellip;]<\/p>\n","protected":false},"featured_media":44853,"comment_status":"open","ping_status":"closed","template":"","meta":[],"product_brand":[],"product_cat":[15],"product_tag":[],"class_list":{"0":"post-44852","1":"product","2":"type-product","3":"status-publish","4":"has-post-thumbnail","6":"product_cat-non-classe","7":"pa_auteur-al-fatah-mohamed","8":"pa_editeur-iqra","9":"pa_format-17-x-11-cm","10":"pa_nombre-de-pages-1079","11":"pa_reliure-souple","13":"first","14":"instock","15":"shipping-taxable","16":"purchasable","17":"product-type-simple"},"_links":{"self":[{"href":"https:\/\/lamaktaba.fr\/index.php\/wp-json\/wp\/v2\/product\/44852","targetHints":{"allow":["GET"]}}],"collection":[{"href":"https:\/\/lamaktaba.fr\/index.php\/wp-json\/wp\/v2\/product"}],"about":[{"href":"https:\/\/lamaktaba.fr\/index.php\/wp-json\/wp\/v2\/types\/product"}],"replies":[{"embeddable":true,"href":"https:\/\/lamaktaba.fr\/index.php\/wp-json\/wp\/v2\/comments?post=44852"}],"wp:featuredmedia":[{"embeddable":true,"href":"https:\/\/lamaktaba.fr\/index.php\/wp-json\/wp\/v2\/media\/44853"}],"wp:attachment":[{"href":"https:\/\/lamaktaba.fr\/index.php\/wp-json\/wp\/v2\/media?parent=44852"}],"wp:term":[{"taxonomy":"product_brand","embeddable":true,"href":"https:\/\/lamaktaba.fr\/index.php\/wp-json\/wp\/v2\/product_brand?post=44852"},{"taxonomy":"product_cat","embeddable":true,"href":"https:\/\/lamaktaba.fr\/index.php\/wp-json\/wp\/v2\/product_cat?post=44852"},{"taxonomy":"product_tag","embeddable":true,"href":"https:\/\/lamaktaba.fr\/index.php\/wp-json\/wp\/v2\/product_tag?post=44852"}],"curies":[{"name":"wp","href":"https:\/\/api.w.org\/{rel}","templated":true}]}}