{"id":44850,"date":"2021-10-14T12:51:30","date_gmt":"2021-10-14T10:51:30","guid":{"rendered":"https:\/\/lamaktaba.fr\/index.php\/produit\/la-vie-de-aicha-epouse-du-prophete-de-lislam-dapres-ahmed-fazl\/"},"modified":"2025-04-01T12:43:59","modified_gmt":"2025-04-01T10:43:59","slug":"la-vie-de-aicha-epouse-du-prophete-de-lislam-dapres-ahmed-fazl","status":"publish","type":"product","link":"https:\/\/lamaktaba.fr\/index.php\/produit\/la-vie-de-aicha-epouse-du-prophete-de-lislam-dapres-ahmed-fazl","title":{"rendered":"La vie de &lsquo;Aicha, \u00e9pouse du Proph\u00e8te de l&rsquo;Islam d&rsquo;apr\u00e8s Ahmed Fazl"},"content":{"rendered":"<p>Aicha, \u00e9pouse du Proph\u00e8te de l&rsquo;islam (sws)<br \/>Aicha \u00e9tait la fille d&rsquo;Ab\u00fb Bakr, l&rsquo;ami intime du Proph\u00e8te (sws).N\u00e9e vers la fin de la quatri\u00e8me ann\u00e9e de la mission du Proph\u00e8te (sws), elle fait partie de la premi\u00e8re g\u00e9n\u00e9ration d&rsquo;enfants ayant grandit dans un foyer musulman. Toute jeune, son esprit \u00e9veill\u00e9 captait rapidement les lumi\u00e8res de la r\u00e9v\u00e9lation. Son p\u00e8re construisit une petite mosqu\u00e9e dans la cour de sa maison o\u00f9 il priait et r\u00e9citait le Coran. La petite Aicha recueillait passionn\u00e9ment les pratiques de l&rsquo;Islam. Elle \u00e9tait, depuis son plus jeune \u00e2ge, dot\u00e9e d&rsquo;un grand sens des responsabilit\u00e9s. Apr\u00e8s la hijra, le Proph\u00e8te (sws) l&rsquo;\u00e9pousa et devint M\u00e8re des croyants. Sa pr\u00e9sence dans le foyer proph\u00e9tique a fait d&rsquo;elle un t\u00e9moin privil\u00e9gi\u00e9 dans la transmission de la Sunna. Elle a transmis un grand nombre de hadiths attrayant \u00e0 la vie priv\u00e9e. Apr\u00e8s la mort du Bien-aim\u00e9, elle prit part \u00e0 la vie sociale et politique de la oumma surtout sous le califat de &lsquo;Uthman et de Ali.<\/p>\n","protected":false},"excerpt":{"rendered":"<p>Aicha, \u00e9pouse du Proph\u00e8te de l&rsquo;islam (sws)Aicha \u00e9tait la fille d&rsquo;Ab\u00fb Bakr, l&rsquo;ami intime du Proph\u00e8te (sws).N\u00e9e vers la fin de la quatri\u00e8me ann\u00e9e de la mission du Proph\u00e8te (sws), elle fait partie de la premi\u00e8re g\u00e9n\u00e9ration d&rsquo;enfants ayant grandit dans un foyer musulman. Toute jeune, son esprit \u00e9veill\u00e9 captait rapidement les lumi\u00e8res de la [&hellip;]<\/p>\n","protected":false},"featured_media":44851,"comment_status":"open","ping_status":"closed","template":"","meta":[],"product_brand":[],"product_cat":[15],"product_tag":[],"class_list":{"0":"post-44850","1":"product","2":"type-product","3":"status-publish","4":"has-post-thumbnail","6":"product_cat-non-classe","7":"pa_auteur-fazl-ahmed","8":"pa_editeur-iqra","9":"pa_format-17-x-11-cm","10":"pa_nombre-de-pages-1642","11":"pa_reliure-souple","13":"first","14":"instock","15":"shipping-taxable","16":"purchasable","17":"product-type-simple"},"_links":{"self":[{"href":"https:\/\/lamaktaba.fr\/index.php\/wp-json\/wp\/v2\/product\/44850","targetHints":{"allow":["GET"]}}],"collection":[{"href":"https:\/\/lamaktaba.fr\/index.php\/wp-json\/wp\/v2\/product"}],"about":[{"href":"https:\/\/lamaktaba.fr\/index.php\/wp-json\/wp\/v2\/types\/product"}],"replies":[{"embeddable":true,"href":"https:\/\/lamaktaba.fr\/index.php\/wp-json\/wp\/v2\/comments?post=44850"}],"wp:featuredmedia":[{"embeddable":true,"href":"https:\/\/lamaktaba.fr\/index.php\/wp-json\/wp\/v2\/media\/44851"}],"wp:attachment":[{"href":"https:\/\/lamaktaba.fr\/index.php\/wp-json\/wp\/v2\/media?parent=44850"}],"wp:term":[{"taxonomy":"product_brand","embeddable":true,"href":"https:\/\/lamaktaba.fr\/index.php\/wp-json\/wp\/v2\/product_brand?post=44850"},{"taxonomy":"product_cat","embeddable":true,"href":"https:\/\/lamaktaba.fr\/index.php\/wp-json\/wp\/v2\/product_cat?post=44850"},{"taxonomy":"product_tag","embeddable":true,"href":"https:\/\/lamaktaba.fr\/index.php\/wp-json\/wp\/v2\/product_tag?post=44850"}],"curies":[{"name":"wp","href":"https:\/\/api.w.org\/{rel}","templated":true}]}}