{"id":44841,"date":"2021-10-14T12:51:25","date_gmt":"2021-10-14T10:51:25","guid":{"rendered":"https:\/\/lamaktaba.fr\/index.php\/produit\/lislam-est-la-sunna-la-sunna-est-lislam-imam-al-barbahari-commentaire-ahmad-ibn-yahya-an-najmi\/"},"modified":"2025-04-01T12:44:28","modified_gmt":"2025-04-01T10:44:28","slug":"lislam-est-la-sunna-la-sunna-est-lislam-imam-al-barbahari-commentaire-ahmad-ibn-yahya-an-najmi","status":"publish","type":"product","link":"https:\/\/lamaktaba.fr\/index.php\/produit\/lislam-est-la-sunna-la-sunna-est-lislam-imam-al-barbahari-commentaire-ahmad-ibn-yahya-an-najmi","title":{"rendered":"L&rsquo;Islam est la Sunna, La Sunna est l&rsquo;Islam &#8211; Imam Al-Barbahari &#8211; Commentaire Ahmad Ibn Yahy\u00e2 An-Najm\u00ee"},"content":{"rendered":"<p>Ibn Rajab Al-Hanbal\u00ee a dit: \u00ab Le terme Sunna d\u00e9signe la voie emprunt\u00e9e et il comprend l&rsquo;attachement \u00e0 tout ce sur quoi \u00e9taient le Proph\u00e8te (-) et ses Califes bien guid\u00e9s comme croyances, \u0153uvres et paroles.<br \/>C&rsquo;est cela la Sunna compl\u00e8te, et c&rsquo;est pourquoi les pieux pr\u00e9d\u00e9cesseurs n&rsquo;utilisaient le terme Sunna que pour d\u00e9signer ce qui englobait tout cela. \u00bb (J\u00e2nif Al-&lsquo;Ul\u00f9vi w\u00fb-l-Hikam)<br \/>C&rsquo;est la voie qu&rsquo;a emprunt\u00e9e l&rsquo;imam Al-Barbah\u00e2ri, et bien que son ouvrage soit court, il traite de l&rsquo;essentiel de la croyance et de la voie de Abl As-Sunnah wa-l-Jam\u00e2&rsquo;ah.<br \/>La c\u00e9l\u00e9brit\u00e9 de l&rsquo;auteur et de son \u00e9p\u00eetre a travers\u00e9 les si\u00e8cles. A chaque \u00e9poque les savants ont fait ses \u00e9loges et ont enseign\u00e9 son livre, si bien qu&rsquo;il est devenu, au m\u00eame titre que l&rsquo;imam Ahmad, un embl\u00e8me de la Sunna. C&rsquo;est pourquoi Abu &lsquo;Abd Allah Al-Faqih a dit: \u00ab Si tu vois un habitant de Bagdad aimer Abu Muhammad Al-Barbah\u00e2r\u00ee, sache que c&rsquo;est un adepte de la Sunna. \u00bb<\/p>\n","protected":false},"excerpt":{"rendered":"<p>Ibn Rajab Al-Hanbal\u00ee a dit: \u00ab Le terme Sunna d\u00e9signe la voie emprunt\u00e9e et il comprend l&rsquo;attachement \u00e0 tout ce sur quoi \u00e9taient le Proph\u00e8te (-) et ses Califes bien guid\u00e9s comme croyances, \u0153uvres et paroles.C&rsquo;est cela la Sunna compl\u00e8te, et c&rsquo;est pourquoi les pieux pr\u00e9d\u00e9cesseurs n&rsquo;utilisaient le terme Sunna que pour d\u00e9signer ce qui [&hellip;]<\/p>\n","protected":false},"featured_media":44842,"comment_status":"open","ping_status":"closed","template":"","meta":[],"product_brand":[],"product_cat":[15],"product_tag":[],"class_list":{"0":"post-44841","1":"product","2":"type-product","3":"status-publish","4":"has-post-thumbnail","6":"product_cat-non-classe","7":"pa_auteur-imam-al-barbahari-commentaire-ahmad-ibn-yahya-an-najmi","8":"pa_editeur-tawbah","9":"pa_format-broche-17-x-24-cm","10":"pa_langue-francais","11":"pa_nombre-de-pages-1640","13":"first","14":"outofstock","15":"shipping-taxable","16":"purchasable","17":"product-type-simple"},"_links":{"self":[{"href":"https:\/\/lamaktaba.fr\/index.php\/wp-json\/wp\/v2\/product\/44841","targetHints":{"allow":["GET"]}}],"collection":[{"href":"https:\/\/lamaktaba.fr\/index.php\/wp-json\/wp\/v2\/product"}],"about":[{"href":"https:\/\/lamaktaba.fr\/index.php\/wp-json\/wp\/v2\/types\/product"}],"replies":[{"embeddable":true,"href":"https:\/\/lamaktaba.fr\/index.php\/wp-json\/wp\/v2\/comments?post=44841"}],"wp:featuredmedia":[{"embeddable":true,"href":"https:\/\/lamaktaba.fr\/index.php\/wp-json\/wp\/v2\/media\/44842"}],"wp:attachment":[{"href":"https:\/\/lamaktaba.fr\/index.php\/wp-json\/wp\/v2\/media?parent=44841"}],"wp:term":[{"taxonomy":"product_brand","embeddable":true,"href":"https:\/\/lamaktaba.fr\/index.php\/wp-json\/wp\/v2\/product_brand?post=44841"},{"taxonomy":"product_cat","embeddable":true,"href":"https:\/\/lamaktaba.fr\/index.php\/wp-json\/wp\/v2\/product_cat?post=44841"},{"taxonomy":"product_tag","embeddable":true,"href":"https:\/\/lamaktaba.fr\/index.php\/wp-json\/wp\/v2\/product_tag?post=44841"}],"curies":[{"name":"wp","href":"https:\/\/api.w.org\/{rel}","templated":true}]}}