{"id":44836,"date":"2021-10-14T12:51:21","date_gmt":"2021-10-14T10:51:21","guid":{"rendered":"https:\/\/lamaktaba.fr\/index.php\/produit\/coran-tajwid-juzz-amma-warch\/"},"modified":"2025-04-01T12:43:15","modified_gmt":"2025-04-01T10:43:15","slug":"coran-tajwid-juzz-amma-warch","status":"publish","type":"product","link":"https:\/\/lamaktaba.fr\/index.php\/produit\/coran-tajwid-juzz-amma-warch","title":{"rendered":"Coran Tajwid &#8211; Juzz Amma &#8211; Warch"},"content":{"rendered":"<p>Coran Tajwid &#8211; Juzz Amma &#8211; Warch<br \/>Voici le Coran en langue arabe, avec les r\u00e8gles du tajwid indiqu\u00e9es par un code couleur tr\u00e8s simple \u00e0 utiliser. Il est sp\u00e9cialement con\u00e7u pour la r\u00e9citation dans le respect des r\u00e8gles du Tajwid (Hafs) Il commence par An-Naba (sourate 78) et finit par An-Nas (sourate 114)<br \/>Nous avons appliqu\u00e9 la coloration sur les lettres qui sont soumises \u00e0 des r\u00e8gles de r\u00e9citation apr\u00e8s les avoir r\u00e9parties en 3 cat\u00e9gories<br \/>La Prolongation<br \/>La Nasalisation<br \/>La Vibration et l\u00b4Emphase de lettre [R]<br \/>L\u00b4Application des r\u00e8gles de r\u00e9citation: On donne \u00e0 la lettre une couleur pour indiquer la r\u00e8gle de r\u00e9citation, et l&rsquo;intensit\u00e9 de la couleur indique la prolongation de cette lettre<br \/>A) Le Rouge (en plusieurs nuances) indique la prolongation, Le rouge fonc\u00e9: indique la prolongation n\u00e9cessaire de 6 voyelles. Le rouge clair: indique la prolongation obligatoire de 4 ou 5 voyelles. L\u00b4orange: indique la prolongation permise de 2, 4 ou 6 voyelles. Le brun cumin: indique la prolongation normale de 2 voyelles.<br \/>B) Le Vert: indique la nasalisation de 2 voyelles.<br \/>C) Le Bleu: Le bleu marine indique le [R] emphatis\u00e9. Le bleu ciel indique les consonnes emphatiques.<\/p>\n","protected":false},"excerpt":{"rendered":"<p>Coran Tajwid &#8211; Juzz Amma &#8211; WarchVoici le Coran en langue arabe, avec les r\u00e8gles du tajwid indiqu\u00e9es par un code couleur tr\u00e8s simple \u00e0 utiliser. Il est sp\u00e9cialement con\u00e7u pour la r\u00e9citation dans le respect des r\u00e8gles du Tajwid (Hafs) Il commence par An-Naba (sourate 78) et finit par An-Nas (sourate 114)Nous avons appliqu\u00e9 [&hellip;]<\/p>\n","protected":false},"featured_media":44837,"comment_status":"open","ping_status":"closed","template":"","meta":[],"product_brand":[],"product_cat":[1904,1905],"product_tag":[],"class_list":{"0":"post-44836","1":"product","2":"type-product","3":"status-publish","4":"has-post-thumbnail","6":"product_cat-saint-coran","7":"product_cat-tajwid","8":"pa_editeur-almaarifa","10":"first","11":"outofstock","12":"shipping-taxable","13":"purchasable","14":"product-type-simple"},"_links":{"self":[{"href":"https:\/\/lamaktaba.fr\/index.php\/wp-json\/wp\/v2\/product\/44836","targetHints":{"allow":["GET"]}}],"collection":[{"href":"https:\/\/lamaktaba.fr\/index.php\/wp-json\/wp\/v2\/product"}],"about":[{"href":"https:\/\/lamaktaba.fr\/index.php\/wp-json\/wp\/v2\/types\/product"}],"replies":[{"embeddable":true,"href":"https:\/\/lamaktaba.fr\/index.php\/wp-json\/wp\/v2\/comments?post=44836"}],"wp:featuredmedia":[{"embeddable":true,"href":"https:\/\/lamaktaba.fr\/index.php\/wp-json\/wp\/v2\/media\/44837"}],"wp:attachment":[{"href":"https:\/\/lamaktaba.fr\/index.php\/wp-json\/wp\/v2\/media?parent=44836"}],"wp:term":[{"taxonomy":"product_brand","embeddable":true,"href":"https:\/\/lamaktaba.fr\/index.php\/wp-json\/wp\/v2\/product_brand?post=44836"},{"taxonomy":"product_cat","embeddable":true,"href":"https:\/\/lamaktaba.fr\/index.php\/wp-json\/wp\/v2\/product_cat?post=44836"},{"taxonomy":"product_tag","embeddable":true,"href":"https:\/\/lamaktaba.fr\/index.php\/wp-json\/wp\/v2\/product_tag?post=44836"}],"curies":[{"name":"wp","href":"https:\/\/api.w.org\/{rel}","templated":true}]}}