{"id":44686,"date":"2021-10-02T16:56:39","date_gmt":"2021-10-02T14:56:39","guid":{"rendered":"https:\/\/lamaktaba.fr\/?post_type=product&#038;p=44686"},"modified":"2023-12-04T16:34:02","modified_gmt":"2023-12-04T15:34:02","slug":"coffret-cadeau-rose-mere-des-croyantes-biographie-epouses-du-prohetes-chapelet-tapis-de-priere","status":"publish","type":"product","link":"https:\/\/lamaktaba.fr\/index.php\/produit\/coffret-cadeau-rose-mere-des-croyantes-biographie-epouses-du-prohetes-chapelet-tapis-de-priere","title":{"rendered":"Coffret Cadeau rose \u00ab\u00a0M\u00e8re des croyantes\u00a0\u00bb (Biographie \u00e9pouses du proh\u00e8tes, Chapelet, tapis de pri\u00e8re)"},"content":{"rendered":"<p>Voici une super id\u00e9e de pack cadeaux sur le th\u00e8me islam pour les femmes. Pour une m\u00e8re, une s\u0153ur ou l&rsquo;\u00e9pouse et pour diff\u00e9rents types d&rsquo;occasions. Ce coffret cadeau ne passera pas inaper\u00e7u et r\u00e9jouira la personne qui le recevra.<\/p>\n<div id=\"product-description-short-100\" class=\"description-short\">\n<h1 class=\"product_title entry-title\" data-sanitized-data-mce-fragment=\"1\"><span data-sanitized-data-mce-fragment=\"1\">Le Coffret est compos\u00e9e :<\/span><\/h1>\n<ul data-sanitized-data-mce-fragment=\"1\">\n<li data-sanitized-data-mce-fragment=\"1\"><span data-sanitized-data-mce-fragment=\"1\">Un livre \u00ab\u00a0Les Epouses du Proph\u00e8te &#8211; M\u00e8res des croyants\u00a0\u00bb<\/span><\/li>\n<li data-sanitized-data-mce-fragment=\"1\"><span data-sanitized-data-mce-fragment=\"1\"><span style=\"vertical-align: inherit;\" data-sanitized-data-mce-fragment=\"1\" data-sanitized-data-mce-style=\"vertical-align: inherit;\">Un Chapelet premium<\/span><\/span><\/li>\n<li data-sanitized-data-mce-fragment=\"1\"><span data-sanitized-data-mce-fragment=\"1\">Un tapis souple personnalisable<\/span><\/li>\n<\/ul>\n<\/div>\n","protected":false},"excerpt":{"rendered":"<p>Voici une super id\u00e9e de pack cadeaux ultra feminin. Pour une m\u00e8re, une s\u0153ur ou l&rsquo;\u00e9pouse et pour diff\u00e9rents types d&rsquo;occasions. Ce coffret cadeau ne passera pas inaper\u00e7u et r\u00e9jouira certainement la personne qui le recevra.<\/p>\n","protected":false},"featured_media":45055,"comment_status":"open","ping_status":"closed","template":"","meta":[],"product_brand":[],"product_cat":[1518,1522,1519],"product_tag":[],"class_list":{"0":"post-44686","1":"product","2":"type-product","3":"status-publish","4":"has-post-thumbnail","6":"product_cat-coffrets-cadeaux","7":"product_cat-coffrets-cadeaux-femmes","8":"product_cat-coffrets-cadeaux-fille","10":"first","11":"instock","12":"shipping-taxable","13":"purchasable","14":"product-type-woosb"},"_links":{"self":[{"href":"https:\/\/lamaktaba.fr\/index.php\/wp-json\/wp\/v2\/product\/44686","targetHints":{"allow":["GET"]}}],"collection":[{"href":"https:\/\/lamaktaba.fr\/index.php\/wp-json\/wp\/v2\/product"}],"about":[{"href":"https:\/\/lamaktaba.fr\/index.php\/wp-json\/wp\/v2\/types\/product"}],"replies":[{"embeddable":true,"href":"https:\/\/lamaktaba.fr\/index.php\/wp-json\/wp\/v2\/comments?post=44686"}],"wp:featuredmedia":[{"embeddable":true,"href":"https:\/\/lamaktaba.fr\/index.php\/wp-json\/wp\/v2\/media\/45055"}],"wp:attachment":[{"href":"https:\/\/lamaktaba.fr\/index.php\/wp-json\/wp\/v2\/media?parent=44686"}],"wp:term":[{"taxonomy":"product_brand","embeddable":true,"href":"https:\/\/lamaktaba.fr\/index.php\/wp-json\/wp\/v2\/product_brand?post=44686"},{"taxonomy":"product_cat","embeddable":true,"href":"https:\/\/lamaktaba.fr\/index.php\/wp-json\/wp\/v2\/product_cat?post=44686"},{"taxonomy":"product_tag","embeddable":true,"href":"https:\/\/lamaktaba.fr\/index.php\/wp-json\/wp\/v2\/product_tag?post=44686"}],"curies":[{"name":"wp","href":"https:\/\/api.w.org\/{rel}","templated":true}]}}