{"id":44637,"date":"2021-09-26T19:36:09","date_gmt":"2021-09-26T17:36:09","guid":{"rendered":"https:\/\/lamaktaba.fr\/?post_type=product&#038;p=44637"},"modified":"2023-07-01T09:36:52","modified_gmt":"2023-07-01T07:36:52","slug":"coffret-cadeau-doree-khadija-livre-khadija-citadellechapelettapis-de-priere-copie","status":"publish","type":"product","link":"https:\/\/lamaktaba.fr\/index.php\/produit\/coffret-cadeau-doree-khadija-livre-khadija-citadellechapelettapis-de-priere-copie","title":{"rendered":"Coffret Cadeau dor\u00e9e \u00ab\u00a0Femmes du Proph\u00e8te\u00a0\u00bb (Livre Khadija\/Aicha, Citadelle, Chapelet, tapis de pri\u00e8re)"},"content":{"rendered":"<p>Voici une super id\u00e9e de pack cadeaux sur le th\u00e8me islam pour les femmes. Pour une m\u00e8re, une s\u0153ur ou l&rsquo;\u00e9pouse et pour diff\u00e9rents types d&rsquo;occasions (f\u00eates, mariages, etc.). Ce coffret cadeau ne passera pas inaper\u00e7u et r\u00e9jouira certainement la personne qui le recevra.<\/p>\n<h1 class=\"product_title entry-title\" data-sanitized-data-mce-fragment=\"1\"><span data-sanitized-data-mce-fragment=\"1\">Cette box compl\u00e8te est compos\u00e9e\u00a0:<\/span><\/h1>\n<ul>\n<li>Un livre \u00ab\u00a0Khadija, la m\u00e8re des croyants (oum al-mou&rsquo;min\u00een)\u00a0\u00bb ou \u00ab\u00a0Assia, la m\u00e8re des croyants (oum al-mou&rsquo;min\u00een)\u00a0\u00bb &#8211; Couverture blanche avec dorure en or.<\/li>\n<li>Un livre \u00ab\u00a0La Citadelle du Musulman (Couleur blanche\/dor\u00e9e) &#8211; \u062d\u0635\u0646 \u0627\u0644\u0645\u0633\u0644\u0645 &#8211;\u00a0\u00bb avec toutes les invocations quotidiennes en fran\u00e7ais\/arabe\/phon\u00e9tique<\/li>\n<li>Un tapis de pri\u00e8re pour femmes en velours couleur unie dor\u00e9e (sans motifs) &#8211; Personnalisable<\/li>\n<\/ul>\n","protected":false},"excerpt":{"rendered":"<p><span style=\"vertical-align: inherit;\"><span style=\"vertical-align: inherit;\"><span style=\"vertical-align: inherit;\"><span style=\"vertical-align: inherit;\"><span style=\"vertical-align: inherit;\"><span style=\"vertical-align: inherit;\">Voici une super id\u00e9e de pack cadeaux sur le th\u00e8me islam pour les femmes. Pour une m\u00e8re, une s\u0153ur ou l&rsquo;\u00e9pouse et pour diff\u00e9rents types d&rsquo;occasions (f\u00eates, mariages, etc.). Ce coffret cadeau ne passera pas inaper\u00e7u et r\u00e9jouira certainement la personne qui le recevra.<\/span><\/span><\/span><\/span><\/span><\/span><\/p>\n","protected":false},"featured_media":45042,"comment_status":"open","ping_status":"closed","template":"","meta":[],"product_brand":[],"product_cat":[1518,1522,1519],"product_tag":[],"class_list":{"0":"post-44637","1":"product","2":"type-product","3":"status-publish","4":"has-post-thumbnail","6":"product_cat-coffrets-cadeaux","7":"product_cat-coffrets-cadeaux-femmes","8":"product_cat-coffrets-cadeaux-fille","10":"first","11":"outofstock","12":"shipping-taxable","13":"purchasable","14":"product-type-woosb"},"_links":{"self":[{"href":"https:\/\/lamaktaba.fr\/index.php\/wp-json\/wp\/v2\/product\/44637","targetHints":{"allow":["GET"]}}],"collection":[{"href":"https:\/\/lamaktaba.fr\/index.php\/wp-json\/wp\/v2\/product"}],"about":[{"href":"https:\/\/lamaktaba.fr\/index.php\/wp-json\/wp\/v2\/types\/product"}],"replies":[{"embeddable":true,"href":"https:\/\/lamaktaba.fr\/index.php\/wp-json\/wp\/v2\/comments?post=44637"}],"wp:featuredmedia":[{"embeddable":true,"href":"https:\/\/lamaktaba.fr\/index.php\/wp-json\/wp\/v2\/media\/45042"}],"wp:attachment":[{"href":"https:\/\/lamaktaba.fr\/index.php\/wp-json\/wp\/v2\/media?parent=44637"}],"wp:term":[{"taxonomy":"product_brand","embeddable":true,"href":"https:\/\/lamaktaba.fr\/index.php\/wp-json\/wp\/v2\/product_brand?post=44637"},{"taxonomy":"product_cat","embeddable":true,"href":"https:\/\/lamaktaba.fr\/index.php\/wp-json\/wp\/v2\/product_cat?post=44637"},{"taxonomy":"product_tag","embeddable":true,"href":"https:\/\/lamaktaba.fr\/index.php\/wp-json\/wp\/v2\/product_tag?post=44637"}],"curies":[{"name":"wp","href":"https:\/\/api.w.org\/{rel}","templated":true}]}}