{"id":44561,"date":"2021-09-24T11:18:15","date_gmt":"2021-09-24T09:18:15","guid":{"rendered":"https:\/\/lamaktaba.fr\/index.php\/produit\/le-noble-coran-format-17x12x25-francais\/"},"modified":"2025-04-01T12:43:10","modified_gmt":"2025-04-01T10:43:10","slug":"le-noble-coran-format-17x12x25-francais","status":"publish","type":"product","link":"https:\/\/lamaktaba.fr\/index.php\/produit\/le-noble-coran-format-17x12x25-francais","title":{"rendered":"LE NOBLE CORAN format (17x12x2,5) Fran\u00e7ais"},"content":{"rendered":"<p>LE NOBLE CORAN format (17x12x2,5)<br \/>Coran traduit en fran\u00e7ais. Pr\u00e9facer par Son Excellence Shaikh Saleh ibn &lsquo;Ab del &lsquo;Aziz ibn Mouhammad al el Shaikh\u00ac Ministre des Affaires Islamiques, des Waqfs, de I&rsquo;Appel et de I&rsquo;Orientation, Superviseur G\u00e9n\u00e9ral du Complexe: Louange \u00e0 Dieu Ma\u00eetre des mondes qui S&rsquo;est adress\u00e9 aux hommes en ces termes: \u00ab une lumi\u00e8re et un livre explicite vous sont certes venus d&rsquo;Allah \u00bb. Que la b\u00e9n\u00e9diction et le salut d&rsquo;Allah soient sur le plus noble des proph\u00e8tes et des messagers, notre, Proph\u00e8te Mouhammad qui a dit: le meilleur d&rsquo;entre vous est celui qui a appris le Coran et I&rsquo;a enseign\u00e9\u2026<\/p>\n","protected":false},"excerpt":{"rendered":"<p>LE NOBLE CORAN format (17x12x2,5)Coran traduit en fran\u00e7ais. Pr\u00e9facer par Son Excellence Shaikh Saleh ibn &lsquo;Ab del &lsquo;Aziz ibn Mouhammad al el Shaikh\u00ac Ministre des Affaires Islamiques, des Waqfs, de I&rsquo;Appel et de I&rsquo;Orientation, Superviseur G\u00e9n\u00e9ral du Complexe: Louange \u00e0 Dieu Ma\u00eetre des mondes qui S&rsquo;est adress\u00e9 aux hommes en ces termes: \u00ab une lumi\u00e8re [&hellip;]<\/p>\n","protected":false},"featured_media":44562,"comment_status":"open","ping_status":"closed","template":"","meta":[],"product_brand":[],"product_cat":[15],"product_tag":[],"class_list":{"0":"post-44561","1":"product","2":"type-product","3":"status-publish","4":"has-post-thumbnail","6":"product_cat-non-classe","8":"first","9":"instock","10":"shipping-taxable","11":"purchasable","12":"product-type-simple"},"_links":{"self":[{"href":"https:\/\/lamaktaba.fr\/index.php\/wp-json\/wp\/v2\/product\/44561","targetHints":{"allow":["GET"]}}],"collection":[{"href":"https:\/\/lamaktaba.fr\/index.php\/wp-json\/wp\/v2\/product"}],"about":[{"href":"https:\/\/lamaktaba.fr\/index.php\/wp-json\/wp\/v2\/types\/product"}],"replies":[{"embeddable":true,"href":"https:\/\/lamaktaba.fr\/index.php\/wp-json\/wp\/v2\/comments?post=44561"}],"wp:featuredmedia":[{"embeddable":true,"href":"https:\/\/lamaktaba.fr\/index.php\/wp-json\/wp\/v2\/media\/44562"}],"wp:attachment":[{"href":"https:\/\/lamaktaba.fr\/index.php\/wp-json\/wp\/v2\/media?parent=44561"}],"wp:term":[{"taxonomy":"product_brand","embeddable":true,"href":"https:\/\/lamaktaba.fr\/index.php\/wp-json\/wp\/v2\/product_brand?post=44561"},{"taxonomy":"product_cat","embeddable":true,"href":"https:\/\/lamaktaba.fr\/index.php\/wp-json\/wp\/v2\/product_cat?post=44561"},{"taxonomy":"product_tag","embeddable":true,"href":"https:\/\/lamaktaba.fr\/index.php\/wp-json\/wp\/v2\/product_tag?post=44561"}],"curies":[{"name":"wp","href":"https:\/\/api.w.org\/{rel}","templated":true}]}}