{"id":44340,"date":"2021-08-31T16:16:17","date_gmt":"2021-08-31T14:16:17","guid":{"rendered":"https:\/\/lamaktaba.fr\/index.php\/produit\/la-sounna-du-prophete-reflexion-sur-notre-approche-de-la-sounna-youssouf-al-qaradawi\/"},"modified":"2025-04-01T12:45:00","modified_gmt":"2025-04-01T10:45:00","slug":"la-sounna-du-prophete-reflexion-sur-notre-approche-de-la-sounna-youssouf-al-qaradawi","status":"publish","type":"product","link":"https:\/\/lamaktaba.fr\/index.php\/produit\/la-sounna-du-prophete-reflexion-sur-notre-approche-de-la-sounna-youssouf-al-qaradawi","title":{"rendered":"La Sounna du Proph\u00e8te &#8211; R\u00e9fl\u00e9xion sur notre approche de la Sounna &#8211; Yo\u00fbssouf Al-Qarad\u00e2w\u00ee"},"content":{"rendered":"<p>Depuis l&rsquo;aube de l&rsquo;Islam, les Musulmans s&rsquo;appuient sur la Sounna du Proph\u00e8te en m\u00eame temps que sur le Coran, selon des r\u00e8gles connues des juristes et des sp\u00e9cialistes de l&rsquo;interpr\u00e9tation juridique. Tous les Musulmans savent, que c&rsquo;est une base \u00e9vidente de leur religion. La Sounna est la seconde source de r\u00e9f\u00e9rence de l&rsquo;Islam apr\u00e8s le Coran, tant au niveau de la pr\u00e9dication, de l&rsquo;\u00e9duction et de l&rsquo;orientation morale. La question de la compr\u00e9hension de la Sounna, de sa m\u00e9thodologie, de son \u00e9tude, de l&rsquo;analyse de tous ses aspects et de la mani\u00e8re d&rsquo;en faire la source de la connaissance, de la civilisation et de la culture islamiques, est consid\u00e9r\u00e9e comme l&rsquo;une des principales questions auxquelles doit faire face la pens\u00e9e musulmane. Il s&rsquo;agit donc de d\u00e9finir les r\u00e8gles et crit\u00e8res n\u00e9cessaires pour une compr\u00e9hension juste de la Sounna, loin des contraintes impos\u00e9es par ceux qui s&rsquo;en tiennent qu&rsquo;au litt\u00e9ralisme des textes sans en comprendre les objectifs, loin aussi des pr\u00e9tendus savants qui ont des discussions hors de propos. Cet ouvrage met essentiellement l&rsquo;accent sur les principes fondamentaux qui doivent r\u00e9gir les rapports des Musulmans \u00e0 la sounna. Il expose la question de la compr\u00e9hension de celle \u00e7i, l&rsquo;\u00e9tude approfondie des r\u00e8gles, crit\u00e8res et conditions sur lesquels doit se baser cette compr\u00e9hension, l&rsquo;explication des causes qui ont parfois men\u00e9 \u00e0 des diff\u00e9rences d&rsquo;interpr\u00e9tation et \u00e0 des confusions, l&rsquo;origine de la crise de la compr\u00e9hension de la sounna, ses facteurs, l&rsquo;analyse des questions complexes dont la confusion a encore aggrav\u00e9 cette crise et le lien entre cette crise de la compr\u00e9hension et l&rsquo;apparation du d\u00e9bat sur la valeur juridique de la sounna. L&rsquo;auteur adopte une approche scientifique, ne s&rsquo;appuie que sur des hadith authentiques ou bons, et ne se r\u00e9f\u00e8re qu&rsquo;aux savants renomm\u00e9s de l&rsquo;Islam pour tirer profit de leur savoir. Les diff\u00e9rents points abord\u00e9s sont illustr\u00e9s par de nombreux exemples afin d&rsquo;\u00eatre totalement clairs par le lecteur. Cet ouvrage tend \u00e0 r\u00e9tablir le \u00ab\u00a0juste milieu\u00a0\u00bb, loin des d\u00e9formations de ceux qui tombent dans l&rsquo;exc\u00e8s, de l&rsquo;interpr\u00e9tation des ignorants.<\/p>\n","protected":false},"excerpt":{"rendered":"<p>Depuis l&rsquo;aube de l&rsquo;Islam, les Musulmans s&rsquo;appuient sur la Sounna du Proph\u00e8te en m\u00eame temps que sur le Coran, selon des r\u00e8gles connues des juristes et des sp\u00e9cialistes de l&rsquo;interpr\u00e9tation juridique. Tous les Musulmans savent, que c&rsquo;est une base \u00e9vidente de leur religion. La Sounna est la seconde source de r\u00e9f\u00e9rence de l&rsquo;Islam apr\u00e8s le [&hellip;]<\/p>\n","protected":false},"featured_media":44341,"comment_status":"open","ping_status":"closed","template":"","meta":[],"product_brand":[],"product_cat":[15],"product_tag":[],"class_list":{"0":"post-44340","1":"product","2":"type-product","3":"status-publish","4":"has-post-thumbnail","6":"product_cat-non-classe","8":"first","9":"outofstock","10":"shipping-taxable","11":"purchasable","12":"product-type-simple"},"_links":{"self":[{"href":"https:\/\/lamaktaba.fr\/index.php\/wp-json\/wp\/v2\/product\/44340","targetHints":{"allow":["GET"]}}],"collection":[{"href":"https:\/\/lamaktaba.fr\/index.php\/wp-json\/wp\/v2\/product"}],"about":[{"href":"https:\/\/lamaktaba.fr\/index.php\/wp-json\/wp\/v2\/types\/product"}],"replies":[{"embeddable":true,"href":"https:\/\/lamaktaba.fr\/index.php\/wp-json\/wp\/v2\/comments?post=44340"}],"wp:featuredmedia":[{"embeddable":true,"href":"https:\/\/lamaktaba.fr\/index.php\/wp-json\/wp\/v2\/media\/44341"}],"wp:attachment":[{"href":"https:\/\/lamaktaba.fr\/index.php\/wp-json\/wp\/v2\/media?parent=44340"}],"wp:term":[{"taxonomy":"product_brand","embeddable":true,"href":"https:\/\/lamaktaba.fr\/index.php\/wp-json\/wp\/v2\/product_brand?post=44340"},{"taxonomy":"product_cat","embeddable":true,"href":"https:\/\/lamaktaba.fr\/index.php\/wp-json\/wp\/v2\/product_cat?post=44340"},{"taxonomy":"product_tag","embeddable":true,"href":"https:\/\/lamaktaba.fr\/index.php\/wp-json\/wp\/v2\/product_tag?post=44340"}],"curies":[{"name":"wp","href":"https:\/\/api.w.org\/{rel}","templated":true}]}}