{"id":44325,"date":"2021-08-31T16:16:04","date_gmt":"2021-08-31T14:16:04","guid":{"rendered":"https:\/\/lamaktaba.fr\/index.php\/produit\/la-purification-du-coeur-7-la-gratitude-muhammad-al-munajjid\/"},"modified":"2025-04-01T12:45:58","modified_gmt":"2025-04-01T10:45:58","slug":"la-purification-du-coeur-7-la-gratitude-muhammad-al-munajjid","status":"publish","type":"product","link":"https:\/\/lamaktaba.fr\/index.php\/produit\/la-purification-du-coeur-7-la-gratitude-muhammad-al-munajjid","title":{"rendered":"La purification du coeur 7: La gratitude &#8211; Muhammad al-Munajjid"},"content":{"rendered":"<p>La foi comporte deux parties: la gratitude et la patience. Celui qui est exigeant envers lui-m\u00eame, veille au salut de son \u00e2me et fait pr\u00e9valoir son bonheur ici-bas et dans l\u2019au-del\u00e0 ne n\u00e9gligera pas ces deux \u00e9minents fondements. Il ne d\u00e9viera jamais de ces deux courts chemins, tout en se positionnant entre ces deux voies dans son cheminement vers Allah.<\/p>\n","protected":false},"excerpt":{"rendered":"<p>La foi comporte deux parties: la gratitude et la patience. Celui qui est exigeant envers lui-m\u00eame, veille au salut de son \u00e2me et fait pr\u00e9valoir son bonheur ici-bas et dans l\u2019au-del\u00e0 ne n\u00e9gligera pas ces deux \u00e9minents fondements. Il ne d\u00e9viera jamais de ces deux courts chemins, tout en se positionnant entre ces deux voies [&hellip;]<\/p>\n","protected":false},"featured_media":44326,"comment_status":"open","ping_status":"closed","template":"","meta":[],"product_brand":[],"product_cat":[15],"product_tag":[],"class_list":{"0":"post-44325","1":"product","2":"type-product","3":"status-publish","4":"has-post-thumbnail","6":"product_cat-non-classe","8":"first","9":"outofstock","10":"shipping-taxable","11":"purchasable","12":"product-type-simple"},"_links":{"self":[{"href":"https:\/\/lamaktaba.fr\/index.php\/wp-json\/wp\/v2\/product\/44325","targetHints":{"allow":["GET"]}}],"collection":[{"href":"https:\/\/lamaktaba.fr\/index.php\/wp-json\/wp\/v2\/product"}],"about":[{"href":"https:\/\/lamaktaba.fr\/index.php\/wp-json\/wp\/v2\/types\/product"}],"replies":[{"embeddable":true,"href":"https:\/\/lamaktaba.fr\/index.php\/wp-json\/wp\/v2\/comments?post=44325"}],"wp:featuredmedia":[{"embeddable":true,"href":"https:\/\/lamaktaba.fr\/index.php\/wp-json\/wp\/v2\/media\/44326"}],"wp:attachment":[{"href":"https:\/\/lamaktaba.fr\/index.php\/wp-json\/wp\/v2\/media?parent=44325"}],"wp:term":[{"taxonomy":"product_brand","embeddable":true,"href":"https:\/\/lamaktaba.fr\/index.php\/wp-json\/wp\/v2\/product_brand?post=44325"},{"taxonomy":"product_cat","embeddable":true,"href":"https:\/\/lamaktaba.fr\/index.php\/wp-json\/wp\/v2\/product_cat?post=44325"},{"taxonomy":"product_tag","embeddable":true,"href":"https:\/\/lamaktaba.fr\/index.php\/wp-json\/wp\/v2\/product_tag?post=44325"}],"curies":[{"name":"wp","href":"https:\/\/api.w.org\/{rel}","templated":true}]}}