{"id":44317,"date":"2021-08-31T16:14:43","date_gmt":"2021-08-31T14:14:43","guid":{"rendered":"https:\/\/lamaktaba.fr\/index.php\/produit\/la-profession-de-foi-des-gens-de-la-sunna-et-du-consensus\/"},"modified":"2025-04-01T12:46:44","modified_gmt":"2025-04-01T10:46:44","slug":"la-profession-de-foi-des-gens-de-la-sunna-et-du-consensus","status":"publish","type":"product","link":"https:\/\/lamaktaba.fr\/index.php\/produit\/la-profession-de-foi-des-gens-de-la-sunna-et-du-consensus","title":{"rendered":"La profession de foi des gens de la sunna et du consensus"},"content":{"rendered":"<p>Titre: La profession de foi des gens de la sunna et du consensus<br \/>Auteur: Al-Uthaymin<br \/>Edition: ANAS<br \/>Support: Livre<br \/>Theme: Piliers de la FOI<br \/>Description: Ce livre r\u00e9sume d&rsquo;une mani\u00e8re simple, l&rsquo;essentiel de ce que tout musulman doit conna\u00eetre dans le domaine de la croyance, ce \u00e0 quoi il doit croire fermement, sans qu&rsquo;il ne lui soit permis d&rsquo;en rejeter quoi que ce soit, ou d&rsquo;en douter.<\/p>\n","protected":false},"excerpt":{"rendered":"<p>Titre: La profession de foi des gens de la sunna et du consensusAuteur: Al-UthayminEdition: ANASSupport: LivreTheme: Piliers de la FOIDescription: Ce livre r\u00e9sume d&rsquo;une mani\u00e8re simple, l&rsquo;essentiel de ce que tout musulman doit conna\u00eetre dans le domaine de la croyance, ce \u00e0 quoi il doit croire fermement, sans qu&rsquo;il ne lui soit permis d&rsquo;en rejeter [&hellip;]<\/p>\n","protected":false},"featured_media":44318,"comment_status":"open","ping_status":"closed","template":"","meta":[],"product_brand":[],"product_cat":[1893,1896],"product_tag":[],"class_list":{"0":"post-44317","1":"product","2":"type-product","3":"status-publish","4":"has-post-thumbnail","6":"product_cat-piliers-de-la-foi","7":"product_cat-sounna-du-prophete","9":"first","10":"outofstock","11":"shipping-taxable","12":"purchasable","13":"product-type-simple"},"_links":{"self":[{"href":"https:\/\/lamaktaba.fr\/index.php\/wp-json\/wp\/v2\/product\/44317","targetHints":{"allow":["GET"]}}],"collection":[{"href":"https:\/\/lamaktaba.fr\/index.php\/wp-json\/wp\/v2\/product"}],"about":[{"href":"https:\/\/lamaktaba.fr\/index.php\/wp-json\/wp\/v2\/types\/product"}],"replies":[{"embeddable":true,"href":"https:\/\/lamaktaba.fr\/index.php\/wp-json\/wp\/v2\/comments?post=44317"}],"wp:featuredmedia":[{"embeddable":true,"href":"https:\/\/lamaktaba.fr\/index.php\/wp-json\/wp\/v2\/media\/44318"}],"wp:attachment":[{"href":"https:\/\/lamaktaba.fr\/index.php\/wp-json\/wp\/v2\/media?parent=44317"}],"wp:term":[{"taxonomy":"product_brand","embeddable":true,"href":"https:\/\/lamaktaba.fr\/index.php\/wp-json\/wp\/v2\/product_brand?post=44317"},{"taxonomy":"product_cat","embeddable":true,"href":"https:\/\/lamaktaba.fr\/index.php\/wp-json\/wp\/v2\/product_cat?post=44317"},{"taxonomy":"product_tag","embeddable":true,"href":"https:\/\/lamaktaba.fr\/index.php\/wp-json\/wp\/v2\/product_tag?post=44317"}],"curies":[{"name":"wp","href":"https:\/\/api.w.org\/{rel}","templated":true}]}}