{"id":44315,"date":"2021-08-31T16:14:41","date_gmt":"2021-08-31T14:14:41","guid":{"rendered":"https:\/\/lamaktaba.fr\/index.php\/produit\/sagesse-et-exhortations-dapres-limam-ibn-al-qayym\/"},"modified":"2025-04-01T12:46:29","modified_gmt":"2025-04-01T10:46:29","slug":"sagesse-et-exhortations-dapres-limam-ibn-al-qayym","status":"publish","type":"product","link":"https:\/\/lamaktaba.fr\/index.php\/produit\/sagesse-et-exhortations-dapres-limam-ibn-al-qayym","title":{"rendered":"Sagesse et Exhortations d&rsquo;apr\u00e8s l&rsquo;Imam Ibn Al-Qayym"},"content":{"rendered":"<p>Sagesse et Exhortations d&rsquo;apr\u00e8s l&rsquo;Imam Ibn Al-Qayym<br \/>Les th\u00e8mes de l\u2019exhortations sont communs chez les savants, car leur objectif en cela est commun: c\u2019est le fait d\u2019acc\u00e9der \u00e0 la foi et la rectitude, comme cela est soulign\u00e9 dans la noble tradition proph\u00e9tique.<br \/>Or selon la situation sociale et le genre de maladies qui pr\u00e9dominent, la mission du savant consiste \u00e0 pr\u00e9senter le rem\u00e8de convenable, tout en prenant soin de repousser les plus graves d\u2019entre elles selon l\u2019\u00e9chelle des priorit\u00e9s. Et c\u2019est ce qui fait que le savant insiste sur certains th\u00e8mes plus que d\u2019autres.<br \/>Quand nous examinons les exhortations de l\u2019im\u00e2m Ibn al Qayyim, nous constatons de nombreux th\u00e8mes, parmi lesquels: La conformit\u00e9 au Livre et \u00e0 la Sunna, Le bonheur, Le c\u0153ur, Le respect du temps, Le respect des priorit\u00e9s, Le respect de la relation de n\u00e9cessit\u00e9 entre la science et l\u2019acte, Le d\u00e9vouement exclusif \u00e0 Dieu le Tr\u00e8s-Haut, La mise en garde contre la scission et L\u2019attachement \u00e0 la voie proph\u00e9tique.<br \/>On vous laisse chers lecteurs le soin de d\u00e9couvrir d\u2019autres th\u00e8mes \u00e0 travers vos examens et vos r\u00e9flexions sur certaines de ses exhortations \u2013que Dieu lui soit mis\u00e9ricordieux-.<br \/>Cet ouvrage d\u00e9voile diff\u00e9rents th\u00e8mes sur la sagesse et l&rsquo;exhortation. En voici quelque uns<br \/>Le bonheur du serviteur.<br \/>La porte de l&rsquo;indigence.<br \/>Les jardins du Paradis.<br \/>Ne bl\u00e2me pas ce bas-monde.<br \/>Les passions.<br \/>L&rsquo;\u00e9loignement du Livre et de la Sunna.<br \/>Les degr\u00e9s des interdits.<br \/>La pri\u00e8re accept\u00e9e.<br \/>Le je\u00fbne.<br \/>La base de tout bien.<br \/>La m\u00e9diation sur le Coran.<br \/>Se soucier des gens.<br \/>La consolation.<br \/>Des invit\u00e9s&#8230;.<br \/>Marque ALMADINA Editions R\u00e9f\u00e9rence 9782930428048<br \/>Fiche technique AUTEUR: &#8211; l&rsquo;Imam Ibn Al-Qayym LANGUE: -.Fran\u00e7ais ANNEE: &#8211; 2012 SUPPORT: &#8211; Livre THEME: &#8211; Education et Purification de L&rsquo; \u00c2me \u00c9DITIONS: &#8211; ALMADINA Condition: &#8211; Neuf FORMAT (CM): 15 x 22 cm Poids (kg): &#8211; 0.164 EAN13: &#8211; 9782930428048 RELIURE: &#8211; Rigide<br \/>R\u00e9f\u00e9rences sp\u00e9cifiques<br \/>Donnez votre avis<br \/>Aucun commentaire pour le moment<\/p>\n","protected":false},"excerpt":{"rendered":"<p>Sagesse et Exhortations d&rsquo;apr\u00e8s l&rsquo;Imam Ibn Al-QayymLes th\u00e8mes de l\u2019exhortations sont communs chez les savants, car leur objectif en cela est commun: c\u2019est le fait d\u2019acc\u00e9der \u00e0 la foi et la rectitude, comme cela est soulign\u00e9 dans la noble tradition proph\u00e9tique.Or selon la situation sociale et le genre de maladies qui pr\u00e9dominent, la mission du [&hellip;]<\/p>\n","protected":false},"featured_media":44316,"comment_status":"open","ping_status":"closed","template":"","meta":[],"product_brand":[],"product_cat":[1921],"product_tag":[],"class_list":{"0":"post-44315","1":"product","2":"type-product","3":"status-publish","4":"has-post-thumbnail","6":"product_cat-exhortation","8":"first","9":"outofstock","10":"shipping-taxable","11":"purchasable","12":"product-type-simple"},"_links":{"self":[{"href":"https:\/\/lamaktaba.fr\/index.php\/wp-json\/wp\/v2\/product\/44315","targetHints":{"allow":["GET"]}}],"collection":[{"href":"https:\/\/lamaktaba.fr\/index.php\/wp-json\/wp\/v2\/product"}],"about":[{"href":"https:\/\/lamaktaba.fr\/index.php\/wp-json\/wp\/v2\/types\/product"}],"replies":[{"embeddable":true,"href":"https:\/\/lamaktaba.fr\/index.php\/wp-json\/wp\/v2\/comments?post=44315"}],"wp:featuredmedia":[{"embeddable":true,"href":"https:\/\/lamaktaba.fr\/index.php\/wp-json\/wp\/v2\/media\/44316"}],"wp:attachment":[{"href":"https:\/\/lamaktaba.fr\/index.php\/wp-json\/wp\/v2\/media?parent=44315"}],"wp:term":[{"taxonomy":"product_brand","embeddable":true,"href":"https:\/\/lamaktaba.fr\/index.php\/wp-json\/wp\/v2\/product_brand?post=44315"},{"taxonomy":"product_cat","embeddable":true,"href":"https:\/\/lamaktaba.fr\/index.php\/wp-json\/wp\/v2\/product_cat?post=44315"},{"taxonomy":"product_tag","embeddable":true,"href":"https:\/\/lamaktaba.fr\/index.php\/wp-json\/wp\/v2\/product_tag?post=44315"}],"curies":[{"name":"wp","href":"https:\/\/api.w.org\/{rel}","templated":true}]}}