{"id":44306,"date":"2021-08-31T16:14:35","date_gmt":"2021-08-31T14:14:35","guid":{"rendered":"https:\/\/lamaktaba.fr\/index.php\/produit\/petits-mots-de-lislam-2-ma-cha-allah-astaghfiroullah-siham-andalouci\/"},"modified":"2025-04-01T12:44:41","modified_gmt":"2025-04-01T10:44:41","slug":"petits-mots-de-lislam-2-ma-cha-allah-astaghfiroullah-siham-andalouci","status":"publish","type":"product","link":"https:\/\/lamaktaba.fr\/index.php\/produit\/petits-mots-de-lislam-2-ma-cha-allah-astaghfiroullah-siham-andalouci","title":{"rendered":"Petits mots de l&rsquo;islam (2) M\u00e2 ch\u00e2 All\u00e2h ! Astaghfiroull\u00e2h ! &#8211; Siham Andalouci"},"content":{"rendered":"<p>La s\u00e9rie des Petits mots de l\u2019islam contribue \u00e0 faire comprendre certaines invocations quotidiennes qui font partie int\u00e9grante de l\u2019univers commun musulman.<br \/>Quand il apprend ses premi\u00e8res invocations, votre enfant ne les comprend que de mani\u00e8re intuitive. N\u00e9anmoins, leur signification et leur profondeur restent encore \u00e0 acqu\u00e9rir. La s\u00e9rie des Petits mots de l\u2019islam contribue \u00e0 faire comprendre certaines invocations quotidiennes qui font partie int\u00e9grante de l\u2019univers commun musulman. Gr\u00e2ce \u00e0 Amin et Amina, les h\u00e9ros de cette s\u00e9rie, votre enfant apprendra la signification de chaque invocation, son importance religieuse et spirituelle, ainsi que les circonstances dans lesquelles l\u2019utiliser. A la fin de chaque ouvrage, des jeux permettront d\u2019aider votre enfant \u00e0 ancrer les connaissances acquises au fil des pages.<br \/>Les petits mots de l&rsquo;islam &#8211; Tome 1<br \/>InchAllah ! Si Allah le veut !<br \/>As-salam &lsquo;Alaykoum ! Que la paix soit sur vous !<br \/>Les petits mots de l&rsquo;islam &#8211; Tome 2<br \/>M\u00e2 ch\u00e2 All\u00e2h ! C&rsquo;est la volont\u00e9 d&rsquo;Allah !<br \/>Astaghfiroull\u00e2h ! Je demande pardon \u00e0 Allah !<br \/>Les petits mots de l&rsquo;islam &#8211; Tome 3<br \/>All\u00e2hou akbar ! Allah est le plus grand !<br \/>Soubh\u00e2nall\u00e2h ! Gloire \u00e0 Allah !<br \/>Les petits mots de l&rsquo;islam &#8211; Tome 4<br \/>Al- h amdoulill\u00e2h ! Merci Allah !<br \/>Bismill\u00e2h ! Au nom d&rsquo;Allah !<br \/>Les petits mots de l&rsquo;islam &#8211; Tome 5<br \/>A&rsquo;oudhou bi-ll\u00e2h ! Je demande la protection d&rsquo;Allah !<br \/>Hasbiya-ll\u00e2h ! Allah me suffit !<\/p>\n","protected":false},"excerpt":{"rendered":"<p>La s\u00e9rie des Petits mots de l\u2019islam contribue \u00e0 faire comprendre certaines invocations quotidiennes qui font partie int\u00e9grante de l\u2019univers commun musulman.Quand il apprend ses premi\u00e8res invocations, votre enfant ne les comprend que de mani\u00e8re intuitive. N\u00e9anmoins, leur signification et leur profondeur restent encore \u00e0 acqu\u00e9rir. La s\u00e9rie des Petits mots de l\u2019islam contribue \u00e0 [&hellip;]<\/p>\n","protected":false},"featured_media":44307,"comment_status":"open","ping_status":"closed","template":"","meta":[],"product_brand":[],"product_cat":[15],"product_tag":[],"class_list":{"0":"post-44306","1":"product","2":"type-product","3":"status-publish","4":"has-post-thumbnail","6":"product_cat-non-classe","8":"first","9":"instock","10":"shipping-taxable","11":"purchasable","12":"product-type-simple"},"_links":{"self":[{"href":"https:\/\/lamaktaba.fr\/index.php\/wp-json\/wp\/v2\/product\/44306","targetHints":{"allow":["GET"]}}],"collection":[{"href":"https:\/\/lamaktaba.fr\/index.php\/wp-json\/wp\/v2\/product"}],"about":[{"href":"https:\/\/lamaktaba.fr\/index.php\/wp-json\/wp\/v2\/types\/product"}],"replies":[{"embeddable":true,"href":"https:\/\/lamaktaba.fr\/index.php\/wp-json\/wp\/v2\/comments?post=44306"}],"wp:featuredmedia":[{"embeddable":true,"href":"https:\/\/lamaktaba.fr\/index.php\/wp-json\/wp\/v2\/media\/44307"}],"wp:attachment":[{"href":"https:\/\/lamaktaba.fr\/index.php\/wp-json\/wp\/v2\/media?parent=44306"}],"wp:term":[{"taxonomy":"product_brand","embeddable":true,"href":"https:\/\/lamaktaba.fr\/index.php\/wp-json\/wp\/v2\/product_brand?post=44306"},{"taxonomy":"product_cat","embeddable":true,"href":"https:\/\/lamaktaba.fr\/index.php\/wp-json\/wp\/v2\/product_cat?post=44306"},{"taxonomy":"product_tag","embeddable":true,"href":"https:\/\/lamaktaba.fr\/index.php\/wp-json\/wp\/v2\/product_tag?post=44306"}],"curies":[{"name":"wp","href":"https:\/\/api.w.org\/{rel}","templated":true}]}}