{"id":44296,"date":"2021-08-31T16:13:42","date_gmt":"2021-08-31T14:13:42","guid":{"rendered":"https:\/\/lamaktaba.fr\/index.php\/produit\/leducation-des-enfants-selon-les-principes-du-prophete-saw-mouhamad-nour-sawid\/"},"modified":"2025-04-01T12:47:43","modified_gmt":"2025-04-01T10:47:43","slug":"leducation-des-enfants-selon-les-principes-du-prophete-saw-mouhamad-nour-sawid","status":"publish","type":"product","link":"https:\/\/lamaktaba.fr\/index.php\/produit\/leducation-des-enfants-selon-les-principes-du-prophete-saw-mouhamad-nour-sawid","title":{"rendered":"L&rsquo;Education des enfants selon les principes du Proph\u00e8te (SAW) &#8211; Mouhamad No\u00fbr Saw\u00eed"},"content":{"rendered":"<p>Ce livre de Mouhammad Nour Sawid porte sur la m\u00e9thode suivie ou pr\u00e9conis\u00e9e par le Proph\u00e8te Mouhammad SAW en mati\u00e8re d&rsquo;\u00e9ducation.Ce mod\u00e8le est incomparable de sagesse, d&rsquo;amour, de compassion, de patience et de douceur.<br \/>Cet ouvrage r\u00e9sulte d&rsquo;une analyse de tr\u00e8s nombreux had\u00eeths du Proph\u00e8te relatifs \u00e0 ce sujet.<br \/>L&rsquo;ouvrage t\u00e9moigne de l&rsquo;int\u00e9r\u00eat extr\u00eame accord\u00e9 par l&rsquo;Envoy\u00e9 d&rsquo;Allah pour une th\u00e9matique aussi sensible, puisqu&rsquo;elle concerne la formation spirituelle et intellectuelle des enfants musulmans, cens\u00e9s poursuivre l&rsquo;oeuvre de leurs parents et a\u00een\u00e9s dans la voie trac\u00e9e par le Proph\u00e8te SAW,pour maintenir et d\u00e9velopper un mod\u00e8le de civilisation et de soci\u00e9t\u00e9.<br \/>L&rsquo;auteur aborde l&rsquo;\u00e9ducation comme un processus qui d\u00e9bute par le mariage et le choix appropri\u00e9 d&rsquo;un \u00e9poux ou d&rsquo;une \u00e9pouse, pour s&rsquo;\u00e9tendre sur la p\u00e9riode de l&rsquo;enfance et se prolonger jusqu&rsquo;\u00e0 la pubert\u00e9.<br \/>L&rsquo;\u00e9ducation y est expos\u00e9e selon ses diverses facettes: spirituelle, rituelle, morale, affective, intellectuelle, physique, hygi\u00e9nique, sexuelle&#8230;<br \/>L&rsquo;auteur a jug\u00e9 bon \u00e9galement, de se r\u00e9f\u00e9rer aux exemples des vertueux pr\u00e9d\u00e9cesseurs connus pour s&rsquo;\u00eatre efforc\u00e9s de rester fid\u00e8les \u00e0 l&rsquo;esprit et \u00e0 la lettre des enseignements du Proph\u00e8te SAW.<\/p>\n","protected":false},"excerpt":{"rendered":"<p>Ce livre de Mouhammad Nour Sawid porte sur la m\u00e9thode suivie ou pr\u00e9conis\u00e9e par le Proph\u00e8te Mouhammad SAW en mati\u00e8re d&rsquo;\u00e9ducation.Ce mod\u00e8le est incomparable de sagesse, d&rsquo;amour, de compassion, de patience et de douceur.Cet ouvrage r\u00e9sulte d&rsquo;une analyse de tr\u00e8s nombreux had\u00eeths du Proph\u00e8te relatifs \u00e0 ce sujet.L&rsquo;ouvrage t\u00e9moigne de l&rsquo;int\u00e9r\u00eat extr\u00eame accord\u00e9 par l&rsquo;Envoy\u00e9 [&hellip;]<\/p>\n","protected":false},"featured_media":44297,"comment_status":"closed","ping_status":"closed","template":"","meta":[],"product_brand":[],"product_cat":[1925],"product_tag":[],"class_list":{"0":"post-44296","1":"product","2":"type-product","3":"status-publish","4":"has-post-thumbnail","6":"product_cat-education-des-enfants","8":"first","9":"outofstock","10":"shipping-taxable","11":"purchasable","12":"product-type-simple"},"_links":{"self":[{"href":"https:\/\/lamaktaba.fr\/index.php\/wp-json\/wp\/v2\/product\/44296","targetHints":{"allow":["GET"]}}],"collection":[{"href":"https:\/\/lamaktaba.fr\/index.php\/wp-json\/wp\/v2\/product"}],"about":[{"href":"https:\/\/lamaktaba.fr\/index.php\/wp-json\/wp\/v2\/types\/product"}],"replies":[{"embeddable":true,"href":"https:\/\/lamaktaba.fr\/index.php\/wp-json\/wp\/v2\/comments?post=44296"}],"wp:featuredmedia":[{"embeddable":true,"href":"https:\/\/lamaktaba.fr\/index.php\/wp-json\/wp\/v2\/media\/44297"}],"wp:attachment":[{"href":"https:\/\/lamaktaba.fr\/index.php\/wp-json\/wp\/v2\/media?parent=44296"}],"wp:term":[{"taxonomy":"product_brand","embeddable":true,"href":"https:\/\/lamaktaba.fr\/index.php\/wp-json\/wp\/v2\/product_brand?post=44296"},{"taxonomy":"product_cat","embeddable":true,"href":"https:\/\/lamaktaba.fr\/index.php\/wp-json\/wp\/v2\/product_cat?post=44296"},{"taxonomy":"product_tag","embeddable":true,"href":"https:\/\/lamaktaba.fr\/index.php\/wp-json\/wp\/v2\/product_tag?post=44296"}],"curies":[{"name":"wp","href":"https:\/\/api.w.org\/{rel}","templated":true}]}}