{"id":44289,"date":"2021-08-31T16:13:37","date_gmt":"2021-08-31T14:13:37","guid":{"rendered":"https:\/\/lamaktaba.fr\/index.php\/produit\/la-foi-et-la-morale-dr-youssouf-al-qaradawi-traduit-par-claude-dabbak\/"},"modified":"2025-04-01T12:46:12","modified_gmt":"2025-04-01T10:46:12","slug":"la-foi-et-la-morale-dr-youssouf-al-qaradawi-traduit-par-claude-dabbak","status":"publish","type":"product","link":"https:\/\/lamaktaba.fr\/index.php\/produit\/la-foi-et-la-morale-dr-youssouf-al-qaradawi-traduit-par-claude-dabbak","title":{"rendered":"La foi et la morale &#8211; Dr Yo\u00fbssouf al-Qarad\u00e2w\u00ee &#8211; Traduit par: Claude Dabbak"},"content":{"rendered":"<p>Le Dr Yo\u00fcssouf al-Qarad\u00e2w\u00ee examine ici, d&rsquo;un point de vue pratique, les effets b\u00e9n\u00e9fiques de la foi sur le comportement de l&rsquo;individu et sur la soci\u00e9t\u00e9 en g\u00e9n\u00e9ral.<br \/>Partant du principe que la vie en soci\u00e9t\u00e9 doit n\u00e9cessairement \u00eatre soumise \u00e0 des r\u00e8gles, il montre la sup\u00e9riorit\u00e9 de la foi sur la morale abstraite et sur la loi humaine, en tant que r\u00e9gulateur du comportement humain. Puis il analyse les qualit\u00e9s morales que la foi fait na\u00eetre et d\u00e9veloppe chez le croyant: la g\u00e9n\u00e9rosit\u00e9 et le sacrifice, la force morale, la compassion&#8230;<br \/>Ainsi, loin d&rsquo;\u00eatre un facteur de passivit\u00e9 comme le lui reprochent les mat\u00e9rialistes, la foi est au contraire une force motrice qui dynamise la vie de l&rsquo;individu et de la soci\u00e9t\u00e9 tout enti\u00e8re. La foi, pr\u00e9liminaire n\u00e9cessaire \u00e0 toute renaissance, est la cl\u00e9 qui ouvre les serrures de la vie.<\/p>\n","protected":false},"excerpt":{"rendered":"<p>Le Dr Yo\u00fcssouf al-Qarad\u00e2w\u00ee examine ici, d&rsquo;un point de vue pratique, les effets b\u00e9n\u00e9fiques de la foi sur le comportement de l&rsquo;individu et sur la soci\u00e9t\u00e9 en g\u00e9n\u00e9ral.Partant du principe que la vie en soci\u00e9t\u00e9 doit n\u00e9cessairement \u00eatre soumise \u00e0 des r\u00e8gles, il montre la sup\u00e9riorit\u00e9 de la foi sur la morale abstraite et sur [&hellip;]<\/p>\n","protected":false},"featured_media":44290,"comment_status":"open","ping_status":"closed","template":"","meta":[],"product_brand":[],"product_cat":[1898],"product_tag":[],"class_list":{"0":"post-44289","1":"product","2":"type-product","3":"status-publish","4":"has-post-thumbnail","6":"product_cat-pratique-religieuse","8":"first","9":"instock","10":"shipping-taxable","11":"purchasable","12":"product-type-simple"},"_links":{"self":[{"href":"https:\/\/lamaktaba.fr\/index.php\/wp-json\/wp\/v2\/product\/44289","targetHints":{"allow":["GET"]}}],"collection":[{"href":"https:\/\/lamaktaba.fr\/index.php\/wp-json\/wp\/v2\/product"}],"about":[{"href":"https:\/\/lamaktaba.fr\/index.php\/wp-json\/wp\/v2\/types\/product"}],"replies":[{"embeddable":true,"href":"https:\/\/lamaktaba.fr\/index.php\/wp-json\/wp\/v2\/comments?post=44289"}],"wp:featuredmedia":[{"embeddable":true,"href":"https:\/\/lamaktaba.fr\/index.php\/wp-json\/wp\/v2\/media\/44290"}],"wp:attachment":[{"href":"https:\/\/lamaktaba.fr\/index.php\/wp-json\/wp\/v2\/media?parent=44289"}],"wp:term":[{"taxonomy":"product_brand","embeddable":true,"href":"https:\/\/lamaktaba.fr\/index.php\/wp-json\/wp\/v2\/product_brand?post=44289"},{"taxonomy":"product_cat","embeddable":true,"href":"https:\/\/lamaktaba.fr\/index.php\/wp-json\/wp\/v2\/product_cat?post=44289"},{"taxonomy":"product_tag","embeddable":true,"href":"https:\/\/lamaktaba.fr\/index.php\/wp-json\/wp\/v2\/product_tag?post=44289"}],"curies":[{"name":"wp","href":"https:\/\/api.w.org\/{rel}","templated":true}]}}