{"id":44279,"date":"2021-08-31T16:13:31","date_gmt":"2021-08-31T14:13:31","guid":{"rendered":"https:\/\/lamaktaba.fr\/index.php\/produit\/aimons-nos-parents-histoires-de-nos-devoirs-et-nos-obligations-abdul-malik-mujahid\/"},"modified":"2025-04-01T12:46:31","modified_gmt":"2025-04-01T10:46:31","slug":"aimons-nos-parents-histoires-de-nos-devoirs-et-nos-obligations-abdul-malik-mujahid","status":"publish","type":"product","link":"https:\/\/lamaktaba.fr\/index.php\/produit\/aimons-nos-parents-histoires-de-nos-devoirs-et-nos-obligations-abdul-malik-mujahid","title":{"rendered":"Aimons nos parents &#8211; Histoires de nos devoirs et nos obligations &#8211; Abdul-Malik Mujahid"},"content":{"rendered":"<p>Aimons nos parents d\u2019apr\u00e8s Abdul-Malik Mujahid<br \/>\u00ab Aimons nos parents \u00bb est une merveilleuse collection d\u2019histoires tir\u00e9es de la vie de personnes ordinaires, et qui a pour th\u00e8me les r\u00e9compenses li\u00e9es au traitement digne et respectueux de nos parents.<br \/>Cet ouvrage contient de nombreux r\u00e9cits authentiques, extraits du Saint Coran et de la sunna du Proph\u00e8te, sur nos devoirs et nos obligations envers ceux qui ont tant sacrifi\u00e9 pour nous \u00e9duquer.<br \/>Il lance \u00e9galement de clairs avertissements \u00e0 propos des ch\u00e2timents qu\u2019Allah le Tr\u00e8s-Haut r\u00e9serve, tant dans ce monde-ci que dans l\u2019au-del\u00e0, \u00e0 tous ceux qui injurient ou manquent de respect envers leurs parents.<br \/>Cet ouvrage est essentiel pour ceux qui souhaitent conna\u00eetre les injonctions divines concernant non seulement le bon traitement des p\u00e8res et m\u00e8res, mais \u00e9galement vis \u00e0 vis de leurs grands-parents,de leurs proches et leurs a\u00een\u00e9s.<br \/>Dans cet ouvrage, l\u2019auteur met en avant les th\u00e8mes importants qui vous permettront de les aimer, de les respecter comme il se doit, en voici quelques uns<br \/>Le statut des parents \u00e0 la lumi\u00e8re du Saint Coran.<br \/>Trois pri\u00e8res importantes.<br \/>Un \u00e9rudit du Saint Coran.<br \/>On r\u00e9colte ce que l\u2019on s\u00e8me.<br \/>Recette pour une longue vie et l&rsquo;acquisition de la fortune.<br \/>Un amour intense.<br \/>Le bon choix.<br \/>Une assiette en plastique.<br \/>L\u2019ob\u00e9issance de Yahya et de Isa.<br \/>Un sacrifice pour l\u2019au-del\u00e0.<br \/>La derni\u00e8re lettre.<br \/>Une vie \u00e9pargn\u00e9e.<br \/>Nourrir une poule.<br \/>Le paradis sur Terre.<br \/>Etc&#8230;<\/p>\n","protected":false},"excerpt":{"rendered":"<p>Aimons nos parents d\u2019apr\u00e8s Abdul-Malik Mujahid\u00ab Aimons nos parents \u00bb est une merveilleuse collection d\u2019histoires tir\u00e9es de la vie de personnes ordinaires, et qui a pour th\u00e8me les r\u00e9compenses li\u00e9es au traitement digne et respectueux de nos parents.Cet ouvrage contient de nombreux r\u00e9cits authentiques, extraits du Saint Coran et de la sunna du Proph\u00e8te, sur [&hellip;]<\/p>\n","protected":false},"featured_media":44280,"comment_status":"open","ping_status":"closed","template":"","meta":[],"product_brand":[],"product_cat":[1920],"product_tag":[],"class_list":{"0":"post-44279","1":"product","2":"type-product","3":"status-publish","4":"has-post-thumbnail","6":"product_cat-mariage-et-famille","8":"first","9":"outofstock","10":"shipping-taxable","11":"purchasable","12":"product-type-simple"},"_links":{"self":[{"href":"https:\/\/lamaktaba.fr\/index.php\/wp-json\/wp\/v2\/product\/44279","targetHints":{"allow":["GET"]}}],"collection":[{"href":"https:\/\/lamaktaba.fr\/index.php\/wp-json\/wp\/v2\/product"}],"about":[{"href":"https:\/\/lamaktaba.fr\/index.php\/wp-json\/wp\/v2\/types\/product"}],"replies":[{"embeddable":true,"href":"https:\/\/lamaktaba.fr\/index.php\/wp-json\/wp\/v2\/comments?post=44279"}],"wp:featuredmedia":[{"embeddable":true,"href":"https:\/\/lamaktaba.fr\/index.php\/wp-json\/wp\/v2\/media\/44280"}],"wp:attachment":[{"href":"https:\/\/lamaktaba.fr\/index.php\/wp-json\/wp\/v2\/media?parent=44279"}],"wp:term":[{"taxonomy":"product_brand","embeddable":true,"href":"https:\/\/lamaktaba.fr\/index.php\/wp-json\/wp\/v2\/product_brand?post=44279"},{"taxonomy":"product_cat","embeddable":true,"href":"https:\/\/lamaktaba.fr\/index.php\/wp-json\/wp\/v2\/product_cat?post=44279"},{"taxonomy":"product_tag","embeddable":true,"href":"https:\/\/lamaktaba.fr\/index.php\/wp-json\/wp\/v2\/product_tag?post=44279"}],"curies":[{"name":"wp","href":"https:\/\/api.w.org\/{rel}","templated":true}]}}