{"id":44275,"date":"2021-08-31T16:13:29","date_gmt":"2021-08-31T14:13:29","guid":{"rendered":"https:\/\/lamaktaba.fr\/index.php\/produit\/les-sagesses-suivies-par-epitres-et-entretiens-intimes-al-hikam-%d8%a7%d9%84%d8%ad%d9%83%d9%85-ibn-atai-llah-as-sakandari\/"},"modified":"2025-04-01T12:43:45","modified_gmt":"2025-04-01T10:43:45","slug":"les-sagesses-suivies-par-epitres-et-entretiens-intimes-al-hikam-ibn-ata-sakandari","status":"publish","type":"product","link":"https:\/\/lamaktaba.fr\/index.php\/produit\/les-sagesses-suivies-par-epitres-et-entretiens-intimes-al-hikam-ibn-ata-sakandari","title":{"rendered":"Les sagesses suivies par \u00e9p\u00eetres et entretiens intimes &#8211; \u00ab\u00a0Al-Hikam\u00a0\u00bb &#8211; \u0627\u0644\u062d\u0643\u0645 &#8211; Ibn &lsquo;At\u00e2&rsquo;i-Ll\u00e2h as-Sakandar\u00ee"},"content":{"rendered":"<p>Cet ouvrage comprend la traduction des Sagesses, des Ep\u00eetres et des Entretiens intimes d&rsquo;Ibn &lsquo;At\u00e2&rsquo;i-Ll\u00e2h. Le tout est accompagn\u00e9 de commentaires suffisamment explicites pour en donner un \u00e9clairage utile, mais volontairement restreints pour ne pas trahir la vocation premi\u00e8re de ces paroles, qui nous invitent \u00e0 suivre le cheminement d&rsquo;une m\u00e9ditation profonde, purifiante et nourrissant notre coeur.<br \/>Les Sagesses d&rsquo;Ibn &lsquo;At\u00e2&rsquo;i-Ll\u00e2h as-Sakandar\u00ee (mort en 709h.\/1309) sont aujourd&rsquo;hui universellement connues. Elle doivent leur succ\u00e8s au fait qu&rsquo;elles r\u00e9pondent, par leur contenu, \u00e0 l&rsquo;exigence qui habite toute \u00e2me humaine en qu\u00eate de sens, qui refuse d&rsquo;\u00eatre pervertie par le mat\u00e9rialisme. Traduction et commentaires d&rsquo;Hani Ramadan.<\/p>\n","protected":false},"excerpt":{"rendered":"<p>Cet ouvrage comprend la traduction des Sagesses, des Ep\u00eetres et des Entretiens intimes d&rsquo;Ibn &lsquo;At\u00e2&rsquo;i-Ll\u00e2h. Le tout est accompagn\u00e9 de commentaires suffisamment explicites pour en donner un \u00e9clairage utile, mais volontairement restreints pour ne pas trahir la vocation premi\u00e8re de ces paroles, qui nous invitent \u00e0 suivre le cheminement d&rsquo;une m\u00e9ditation profonde, purifiante et nourrissant [&hellip;]<\/p>\n","protected":false},"featured_media":44276,"comment_status":"open","ping_status":"closed","template":"","meta":[],"product_brand":[],"product_cat":[15],"product_tag":[],"class_list":{"0":"post-44275","1":"product","2":"type-product","3":"status-publish","4":"has-post-thumbnail","6":"product_cat-non-classe","8":"first","9":"instock","10":"shipping-taxable","11":"purchasable","12":"product-type-simple"},"_links":{"self":[{"href":"https:\/\/lamaktaba.fr\/index.php\/wp-json\/wp\/v2\/product\/44275","targetHints":{"allow":["GET"]}}],"collection":[{"href":"https:\/\/lamaktaba.fr\/index.php\/wp-json\/wp\/v2\/product"}],"about":[{"href":"https:\/\/lamaktaba.fr\/index.php\/wp-json\/wp\/v2\/types\/product"}],"replies":[{"embeddable":true,"href":"https:\/\/lamaktaba.fr\/index.php\/wp-json\/wp\/v2\/comments?post=44275"}],"wp:featuredmedia":[{"embeddable":true,"href":"https:\/\/lamaktaba.fr\/index.php\/wp-json\/wp\/v2\/media\/44276"}],"wp:attachment":[{"href":"https:\/\/lamaktaba.fr\/index.php\/wp-json\/wp\/v2\/media?parent=44275"}],"wp:term":[{"taxonomy":"product_brand","embeddable":true,"href":"https:\/\/lamaktaba.fr\/index.php\/wp-json\/wp\/v2\/product_brand?post=44275"},{"taxonomy":"product_cat","embeddable":true,"href":"https:\/\/lamaktaba.fr\/index.php\/wp-json\/wp\/v2\/product_cat?post=44275"},{"taxonomy":"product_tag","embeddable":true,"href":"https:\/\/lamaktaba.fr\/index.php\/wp-json\/wp\/v2\/product_tag?post=44275"}],"curies":[{"name":"wp","href":"https:\/\/api.w.org\/{rel}","templated":true}]}}