{"id":44269,"date":"2021-08-31T16:12:58","date_gmt":"2021-08-31T14:12:58","guid":{"rendered":"https:\/\/lamaktaba.fr\/index.php\/produit\/rappel-et-invocations-selon-le-coran-et-la-sunna\/"},"modified":"2025-04-01T12:47:34","modified_gmt":"2025-04-01T10:47:34","slug":"rappel-et-invocations-selon-le-coran-et-la-sunna","status":"publish","type":"product","link":"https:\/\/lamaktaba.fr\/index.php\/produit\/rappel-et-invocations-selon-le-coran-et-la-sunna","title":{"rendered":"Rappel et Invocations selon le Coran et la Sunna"},"content":{"rendered":"<p>Dieu enjoint Ses serviteurs de ne faire appel qu&rsquo;\u00e0 Lui Seul pour lui demander ce dont ils ont besoin ici-bas ou dans l&rsquo;au-del\u00e0. En effet, Lui Seul a pouvoir sur toute chose nul ne peut retenir ce qu&rsquo;Il a accord\u00e9 ni accorder ce qu&rsquo;Il a retenu. Le croyant qui invoque Dieu exprime sa d\u00e9pendance envers Lui, c&rsquo;est pourquoi invoquer Dieu est l&rsquo;une des meilleures formes d&rsquo;adoration.<br \/>L&rsquo;invocation (du&rsquo;\u00e2&rsquo;) comprend l&rsquo;\u00e9loge de Dieu \u00e0 travers Ses attributs, la reconnaissance de Sa gr\u00e2ce infinie, et la gratitude pour Ses innombrables bienfaits.<\/p>\n","protected":false},"excerpt":{"rendered":"<p>Dieu enjoint Ses serviteurs de ne faire appel qu&rsquo;\u00e0 Lui Seul pour lui demander ce dont ils ont besoin ici-bas ou dans l&rsquo;au-del\u00e0. En effet, Lui Seul a pouvoir sur toute chose nul ne peut retenir ce qu&rsquo;Il a accord\u00e9 ni accorder ce qu&rsquo;Il a retenu. Le croyant qui invoque Dieu exprime sa d\u00e9pendance envers [&hellip;]<\/p>\n","protected":false},"featured_media":44270,"comment_status":"closed","ping_status":"closed","template":"","meta":[],"product_brand":[],"product_cat":[15],"product_tag":[],"class_list":{"0":"post-44269","1":"product","2":"type-product","3":"status-publish","4":"has-post-thumbnail","6":"product_cat-non-classe","8":"first","9":"outofstock","10":"shipping-taxable","11":"purchasable","12":"product-type-simple"},"_links":{"self":[{"href":"https:\/\/lamaktaba.fr\/index.php\/wp-json\/wp\/v2\/product\/44269","targetHints":{"allow":["GET"]}}],"collection":[{"href":"https:\/\/lamaktaba.fr\/index.php\/wp-json\/wp\/v2\/product"}],"about":[{"href":"https:\/\/lamaktaba.fr\/index.php\/wp-json\/wp\/v2\/types\/product"}],"replies":[{"embeddable":true,"href":"https:\/\/lamaktaba.fr\/index.php\/wp-json\/wp\/v2\/comments?post=44269"}],"wp:featuredmedia":[{"embeddable":true,"href":"https:\/\/lamaktaba.fr\/index.php\/wp-json\/wp\/v2\/media\/44270"}],"wp:attachment":[{"href":"https:\/\/lamaktaba.fr\/index.php\/wp-json\/wp\/v2\/media?parent=44269"}],"wp:term":[{"taxonomy":"product_brand","embeddable":true,"href":"https:\/\/lamaktaba.fr\/index.php\/wp-json\/wp\/v2\/product_brand?post=44269"},{"taxonomy":"product_cat","embeddable":true,"href":"https:\/\/lamaktaba.fr\/index.php\/wp-json\/wp\/v2\/product_cat?post=44269"},{"taxonomy":"product_tag","embeddable":true,"href":"https:\/\/lamaktaba.fr\/index.php\/wp-json\/wp\/v2\/product_tag?post=44269"}],"curies":[{"name":"wp","href":"https:\/\/api.w.org\/{rel}","templated":true}]}}